{"id":8636,"date":"2024-10-19T03:01:12","date_gmt":"2024-10-19T03:01:12","guid":{"rendered":"https:\/\/cloudsupplyvapes.com\/?post_type=product&#038;p=8636"},"modified":"2024-11-25T03:54:06","modified_gmt":"2024-11-25T03:54:06","slug":"-251","status":"publish","type":"product","link":"https:\/\/cloudsupplyvapes.com\/de\/product\/elfworld-plus-20k-disposable-vape-pod-wholesale-long-lasting-15-flavors-superior-performance\/","title":{"rendered":"ELFWORLD Plus 20K Einweg Vape Gro\u00dfhandel Langlebig Superior Build Qualit\u00e4t"},"content":{"rendered":"<h3>ELFWORLD Plus+ 20K Spezifikationen<\/h3>\n<table>\n<thead>\n<tr>\n<th>Merkmal<\/th>\n<th>Spezifikation<\/th>\n<\/tr>\n<\/thead>\n<tbody>\n<tr>\n<td>Nikotinst\u00e4rke<\/td>\n<td>0%, 2%, 3%, 5% Nikotinsalz<\/td>\n<\/tr>\n<tr>\n<td>E-Liquid Kapazit\u00e4t<\/td>\n<td>22mL<\/td>\n<\/tr>\n<tr>\n<td>Spule Typ<\/td>\n<td>Maschenspule<\/td>\n<\/tr>\n<tr>\n<td>Batterie<\/td>\n<td>Integrierte wiederaufladbare 650mAh-Batterie<\/td>\n<\/tr>\n<tr>\n<td>Aufladen<\/td>\n<td>Typ-C USB<\/td>\n<\/tr>\n<tr>\n<td>Verf\u00fcgbare Geschmacksrichtungen<\/td>\n<td>Grape Lemon, Fcuking Fab, Cherry Bomb, Juicy Peach Ice, Berry Bliss, Blue Razz Ice, Dragon Melon, Blueberry Watermelon, Pink Lemonade, Mexico Mango, Strawberry Banana, Watermelon Ice, White Gummy Ice, Strawberry Mango, Miami Mint<\/td>\n<\/tr>\n<tr>\n<td>Verpackung pro Kit<\/td>\n<td>5 St\u00fcck in einem Displaykarton<\/td>\n<\/tr>\n<tr>\n<td>Verpackung pro Karton<\/td>\n<td>200 St\u00fcck in einem Karton<\/td>\n<\/tr>\n<tr>\n<td>Abmessungen des Kartons<\/td>\n<td>37cm x 23cm x 65cm<\/td>\n<\/tr>\n<tr>\n<td>Gewicht des Kartons<\/td>\n<td>19.5KG<\/td>\n<\/tr>\n<\/tbody>\n<\/table>\n<h4><strong>Verf\u00fcgbare Geschmacksrichtungen:<\/strong><\/h4>\n<ul>\n<li>Weintraube Zitrone<\/li>\n<li>Fcuking Fab<\/li>\n<li>Kirschbombe<\/li>\n<li>Saftiges Pfirsicheis<\/li>\n<li>Beeren-Gl\u00fcckseligkeit<\/li>\n<li>Blaues Razzeis<\/li>\n<li>Drache Melone<\/li>\n<li>Heidelbeere Wassermelone<\/li>\n<li>Rosa Limonade<\/li>\n<li>Mexiko Mango<\/li>\n<li>Erdbeere-Banane<\/li>\n<li>Wassermelone Eis<\/li>\n<li>Wei\u00dfes Gummieis<\/li>\n<li>Erdbeer-Mango<\/li>\n<li>Miami Mint<\/li>\n<\/ul>\n<h4><strong>Wesentliche Merkmale:<\/strong><\/h4>\n<ul>\n<li><strong>Nikotinst\u00e4rken:<\/strong> Erh\u00e4ltlich in den Nikotinsalz-Konzentrationen 0%, 2%, 3% und 5%, die eine breite Palette von Zufriedenheit f\u00fcr alle Arten von Rauchern bieten.<\/li>\n<li><strong>E-Liquid Kapazit\u00e4t:<\/strong> Jede Kapsel ist mit 22 ml hochwertigem E-Liquid bef\u00fcllt, was ein lang anhaltendes und geschmackvolles Dampferlebnis garantiert.<\/li>\n<li><strong>Spulentyp:<\/strong> Verf\u00fcgt \u00fcber eine Mesh-Spule f\u00fcr au\u00dfergew\u00f6hnlichen Geschmack und Dampfproduktion.<\/li>\n<li><strong>Batterie:<\/strong> Mit integriertem 650-mAh-Akku, der eine l\u00e4ngere Nutzung mit bequemem Typ-C-Laden erm\u00f6glicht.<\/li>\n<li><strong>Verpackung:<\/strong> Jedes Set enth\u00e4lt 5 St\u00fcck in einer Displaybox, mit 200 St\u00fcck pro Karton, ideal f\u00fcr den Einzelhandel und Gro\u00dfeinkauf.<\/li>\n<\/ul>\n<h4><strong>Warum ELFWORLD Plus+ 20K w\u00e4hlen?<\/strong><\/h4>\n<p>Der ELFWORLD Plus+ 20K wurde f\u00fcr diejenigen entwickelt, die intensive Aromen und ein zuverl\u00e4ssiges, lang anhaltendes Dampferlebnis suchen. Egal, ob Sie nach dem k\u00fchlen Miami Mint oder der S\u00fc\u00dfe von Strawberry Mango suchen, dieses Ger\u00e4t deckt Sie mit seiner breiten Palette an Aromen und robuster Leistung ab.<\/p>","protected":false},"excerpt":{"rendered":"<p>Der ELFWORLD Plus 20K Einweg-Vape-Gro\u00dfhandel bietet langanhaltende Leistung mit hoher Nikotinst\u00e4rke, ein schlankes Design und eine langlebige Bauqualit\u00e4t.<\/p>","protected":false},"featured_media":8849,"comment_status":"open","ping_status":"closed","template":"","meta":[],"product_brand":[],"product_cat":[22,480],"product_tag":[467],"class_list":{"0":"post-8636","1":"product","2":"type-product","3":"status-publish","4":"has-post-thumbnail","6":"product_cat-disposable-vape-sticks","7":"product_cat-elfworld","8":"product_tag-elfworld","10":"first","11":"instock","12":"sale","13":"shipping-taxable","14":"purchasable","15":"product-type-simple"},"jetpack_sharing_enabled":true,"tiered_pricing_type":"fixed","tiered_pricing_fixed_rules":{"2000":10},"tiered_pricing_product_settings":{"layout":"default","base_unit_name":{"singular":null,"plural":null},"default_variation":null},"tiered_pricing_minimum_quantity":30,"tiered_pricing_roles_data":[],"tiered_pricing_percentage_rules":[],"tiered_pricing_maximum_quantity":null,"tiered_pricing_quantity_step":null,"_links":{"self":[{"href":"https:\/\/cloudsupplyvapes.com\/de\/wp-json\/wp\/v2\/product\/8636","targetHints":{"allow":["GET"]}}],"collection":[{"href":"https:\/\/cloudsupplyvapes.com\/de\/wp-json\/wp\/v2\/product"}],"about":[{"href":"https:\/\/cloudsupplyvapes.com\/de\/wp-json\/wp\/v2\/types\/product"}],"replies":[{"embeddable":true,"href":"https:\/\/cloudsupplyvapes.com\/de\/wp-json\/wp\/v2\/comments?post=8636"}],"wp:featuredmedia":[{"embeddable":true,"href":"https:\/\/cloudsupplyvapes.com\/de\/wp-json\/wp\/v2\/media\/8849"}],"wp:attachment":[{"href":"https:\/\/cloudsupplyvapes.com\/de\/wp-json\/wp\/v2\/media?parent=8636"}],"wp:term":[{"taxonomy":"product_brand","embeddable":true,"href":"https:\/\/cloudsupplyvapes.com\/de\/wp-json\/wp\/v2\/product_brand?post=8636"},{"taxonomy":"product_cat","embeddable":true,"href":"https:\/\/cloudsupplyvapes.com\/de\/wp-json\/wp\/v2\/product_cat?post=8636"},{"taxonomy":"product_tag","embeddable":true,"href":"https:\/\/cloudsupplyvapes.com\/de\/wp-json\/wp\/v2\/product_tag?post=8636"}],"curies":[{"name":"wp","href":"https:\/\/api.w.org\/{rel}","templated":true}]}}