{"id":8637,"date":"2024-10-19T03:01:12","date_gmt":"2024-10-19T03:01:12","guid":{"rendered":"https:\/\/cloudsupplyvapes.com\/?post_type=product&#038;p=8637"},"modified":"2024-11-25T03:53:48","modified_gmt":"2024-11-25T03:53:48","slug":"-252","status":"publish","type":"product","link":"https:\/\/cloudsupplyvapes.com\/de\/product\/elfworld-i15-pro-disposable-wholesale-customizable-high-capacity-digital-display-features\/","title":{"rendered":"ELFWORLD i15 PRO Einweg Vape Gro\u00dfhandel Digital Display Hohe Leistung Eigenschaften"},"content":{"rendered":"<h3>ELFWORLD i15 PRO Spezifikationen<\/h3>\n<table>\n<thead>\n<tr>\n<th>Merkmal<\/th>\n<th>Spezifikation<\/th>\n<\/tr>\n<\/thead>\n<tbody>\n<tr>\n<td>Nikotinst\u00e4rke<\/td>\n<td>0%, 2%, 3%, 5% Nikotinsalz<\/td>\n<\/tr>\n<tr>\n<td>E-Liquid Kapazit\u00e4t<\/td>\n<td>18mL<\/td>\n<\/tr>\n<tr>\n<td>Spule Typ<\/td>\n<td>Maschenspule<\/td>\n<\/tr>\n<tr>\n<td>Batterie<\/td>\n<td>Integrierte wiederaufladbare 600mAh-Batterie<\/td>\n<\/tr>\n<tr>\n<td>Aufladen<\/td>\n<td>Typ-C USB<\/td>\n<\/tr>\n<tr>\n<td>Anzeige<\/td>\n<td>Digitaler Anzeigebildschirm<\/td>\n<\/tr>\n<tr>\n<td>Luftstrom<\/td>\n<td>Einstellbar<\/td>\n<\/tr>\n<tr>\n<td>Verf\u00fcgbare Geschmacksrichtungen<\/td>\n<td>Wassermelone Ice, Blue Razz Ice, Erdbeere Ice, Vanille Custa Tobacco, Dragon Fruit Berry, Grape ICE, Peach Mango, Candy Rainbow, Mint, Mixed Berries, Watermelon Bubblegum, Kiwi Passion Fruit Guava, Raspberry Watermelon, Double Apple, Gummy Bear<\/td>\n<\/tr>\n<tr>\n<td>Verpackung pro Kit<\/td>\n<td>10 St\u00fcck in einem Displaykarton<\/td>\n<\/tr>\n<tr>\n<td>Verpackung pro Karton<\/td>\n<td>200 St\u00fcck in einem Karton<\/td>\n<\/tr>\n<tr>\n<td>Abmessungen des Kartons<\/td>\n<td>495mm x 300mm x 200mm<\/td>\n<\/tr>\n<tr>\n<td>Gewicht des Kartons<\/td>\n<td>16KG<\/td>\n<\/tr>\n<\/tbody>\n<\/table>\n<h4><strong>Verf\u00fcgbare Geschmacksrichtungen:<\/strong><\/h4>\n<ul>\n<li>Wassermelone Eis<\/li>\n<li>Blaues Razzeis<\/li>\n<li>Erdbeereis<\/li>\n<li>Vanille-Custa-Tabak<\/li>\n<li>Drachenfrucht Beere<\/li>\n<li>Trauben-ICE<\/li>\n<li>Pfirsich-Mango<\/li>\n<li>Bonbon Regenbogen<\/li>\n<li>Minze<\/li>\n<li>Gemischte Beeren<\/li>\n<li>Wassermelone Bubblegum<\/li>\n<li>Kiwi Passionsfrucht Guave<\/li>\n<li>Himbeere Wassermelone<\/li>\n<li>Doppelter Apfel<\/li>\n<li>Gummib\u00e4rchen<\/li>\n<\/ul>\n<h4><strong>Wesentliche Merkmale:<\/strong><\/h4>\n<ul>\n<li><strong>Nikotinst\u00e4rken:<\/strong> Erh\u00e4ltlich in den Nikotinsalzkonzentrationen 0%, 2%, 3% und 5%, um einer Reihe von Vorlieben gerecht zu werden.<\/li>\n<li><strong>E-Liquid Kapazit\u00e4t:<\/strong> Jedes Ger\u00e4t wird mit 18 ml E-Liquid bef\u00fcllt und bietet so ein lang anhaltendes Dampferlebnis.<\/li>\n<li><strong>Spulentyp:<\/strong> Verf\u00fcgt \u00fcber eine Mesh-Spule, die den Geschmack und die Dampfproduktion verbessert.<\/li>\n<li><strong>Anzeige:<\/strong> Mit digitaler Anzeige zur einfachen \u00dcberwachung der Ger\u00e4teeinstellungen.<\/li>\n<li><strong>Luftstrom:<\/strong> Einstellbarer Luftstrom f\u00fcr ein individuelles Dampferlebnis.<\/li>\n<li><strong>Batterie:<\/strong> Integrierter 600-mAh-Akku mit Typ-C-Ladung f\u00fcr schnelles Aufladen.<\/li>\n<li><strong>Verpackung:<\/strong> Effizient verpackt mit 10 St\u00fcck in einem Displaykarton und 200 St\u00fcck in einem Karton, entwickelt f\u00fcr einen einfachen Vertrieb.<\/li>\n<\/ul>\n<h4><strong>Warum ELFWORLD i15 PRO w\u00e4hlen?<\/strong><\/h4>\n<p>Der ELFWORLD i15 PRO ist perfekt f\u00fcr Dampfer, die Wert auf detaillierte Anpassungsm\u00f6glichkeiten, eine breite Geschmackspalette und die M\u00f6glichkeit zur \u00dcberwachung und Anpassung der Einstellungen f\u00fcr ein optimales Dampferlebnis legen.<\/p>","protected":false},"excerpt":{"rendered":"<p>Der ELFWORLD i15 PRO Einweg-Vape-Gro\u00dfhandel bietet ein digitales Display, eine hohe Kapazit\u00e4t und eine gleichm\u00e4\u00dfige Dampfproduktion f\u00fcr ein erstklassiges Dampferlebnis.<\/p>","protected":false},"featured_media":8850,"comment_status":"open","ping_status":"closed","template":"","meta":[],"product_brand":[],"product_cat":[22,480],"product_tag":[467],"class_list":{"0":"post-8637","1":"product","2":"type-product","3":"status-publish","4":"has-post-thumbnail","6":"product_cat-disposable-vape-sticks","7":"product_cat-elfworld","8":"product_tag-elfworld","10":"first","11":"instock","12":"sale","13":"shipping-taxable","14":"purchasable","15":"product-type-simple"},"jetpack_sharing_enabled":true,"tiered_pricing_type":"fixed","tiered_pricing_fixed_rules":{"2000":10.5,"10000":10},"tiered_pricing_product_settings":{"layout":"default","base_unit_name":{"singular":null,"plural":null},"default_variation":null},"tiered_pricing_minimum_quantity":30,"tiered_pricing_roles_data":[],"tiered_pricing_percentage_rules":[],"tiered_pricing_maximum_quantity":null,"tiered_pricing_quantity_step":null,"_links":{"self":[{"href":"https:\/\/cloudsupplyvapes.com\/de\/wp-json\/wp\/v2\/product\/8637","targetHints":{"allow":["GET"]}}],"collection":[{"href":"https:\/\/cloudsupplyvapes.com\/de\/wp-json\/wp\/v2\/product"}],"about":[{"href":"https:\/\/cloudsupplyvapes.com\/de\/wp-json\/wp\/v2\/types\/product"}],"replies":[{"embeddable":true,"href":"https:\/\/cloudsupplyvapes.com\/de\/wp-json\/wp\/v2\/comments?post=8637"}],"wp:featuredmedia":[{"embeddable":true,"href":"https:\/\/cloudsupplyvapes.com\/de\/wp-json\/wp\/v2\/media\/8850"}],"wp:attachment":[{"href":"https:\/\/cloudsupplyvapes.com\/de\/wp-json\/wp\/v2\/media?parent=8637"}],"wp:term":[{"taxonomy":"product_brand","embeddable":true,"href":"https:\/\/cloudsupplyvapes.com\/de\/wp-json\/wp\/v2\/product_brand?post=8637"},{"taxonomy":"product_cat","embeddable":true,"href":"https:\/\/cloudsupplyvapes.com\/de\/wp-json\/wp\/v2\/product_cat?post=8637"},{"taxonomy":"product_tag","embeddable":true,"href":"https:\/\/cloudsupplyvapes.com\/de\/wp-json\/wp\/v2\/product_tag?post=8637"}],"curies":[{"name":"wp","href":"https:\/\/api.w.org\/{rel}","templated":true}]}}