{"id":8638,"date":"2024-10-19T03:01:12","date_gmt":"2024-10-19T03:01:12","guid":{"rendered":"https:\/\/cloudsupplyvapes.com\/?post_type=product&#038;p=8638"},"modified":"2024-11-25T03:53:24","modified_gmt":"2024-11-25T03:53:24","slug":"-253","status":"publish","type":"product","link":"https:\/\/cloudsupplyvapes.com\/de\/product\/elfworld-xtia-13000-disposable-pod-wholesale-high-capacity-quick-charge-diverse-flavors\/","title":{"rendered":"ELFWORLD Xtia 13000 Einweg-Pod Gro\u00dfhandel hohe Kapazit\u00e4t Schnellladung Design"},"content":{"rendered":"<h3>ELFWORLD Xtia13000 Spezifikationen<\/h3>\n<table>\n<thead>\n<tr>\n<th>Merkmal<\/th>\n<th>Spezifikation<\/th>\n<\/tr>\n<\/thead>\n<tbody>\n<tr>\n<td>Nikotinst\u00e4rke<\/td>\n<td>0%, 2%, 3%, 5% Nikotinsalz<\/td>\n<\/tr>\n<tr>\n<td>E-Liquid Kapazit\u00e4t<\/td>\n<td>20mL<\/td>\n<\/tr>\n<tr>\n<td>Spule Typ<\/td>\n<td>Maschenspule<\/td>\n<\/tr>\n<tr>\n<td>Batterie<\/td>\n<td>Integrierter 500mAh-Akku, 30 Min. Vollladung<\/td>\n<\/tr>\n<tr>\n<td>Aufladen<\/td>\n<td>Typ-C USB<\/td>\n<\/tr>\n<tr>\n<td>Anzeige<\/td>\n<td>Batterie- und E-Liquid-F\u00fcllstandsanzeige<\/td>\n<\/tr>\n<tr>\n<td>Verf\u00fcgbare Geschmacksrichtungen<\/td>\n<td>Wassermelone, Kiwi-Erdbeere, Blue Razz Ice, Ananas-Kokosnuss, Traube-Johannisbeere, Pink Lemonade, Lush Bubble Gum, Pfirsich-Fruchtsaft, Erdbeere, Mango-Ananas-Pfirsich, gemischte Beeren, Cool Mint<\/td>\n<\/tr>\n<tr>\n<td>Verpackung pro Kit<\/td>\n<td>10 St\u00fcck in einem Displaykarton<\/td>\n<\/tr>\n<tr>\n<td>Verpackung pro Karton<\/td>\n<td>200 St\u00fcck in einem Karton<\/td>\n<\/tr>\n<tr>\n<td>Abmessungen des Kartons<\/td>\n<td>58cm x 35cm x 35cm<\/td>\n<\/tr>\n<tr>\n<td>Gewicht des Kartons<\/td>\n<td>18KG<\/td>\n<\/tr>\n<\/tbody>\n<\/table>\n<h4><strong>Verf\u00fcgbare Geschmacksrichtungen:<\/strong><\/h4>\n<ul>\n<li>Wassermelone<\/li>\n<li>Kiwi-Erdbeere<\/li>\n<li>Blaues Razzeis<\/li>\n<li>Ananas-Kokosnuss<\/li>\n<li>Weintraube Johannisbeere<\/li>\n<li>Rosa Limonade<\/li>\n<li>Lush Kaugummi<\/li>\n<li>Pfirsich-Fruchtsaft<\/li>\n<li>Strawberry<\/li>\n<li>Mango Ananas Pfirsich<\/li>\n<li>Gemischte Beeren<\/li>\n<li>K\u00fchle Minze<\/li>\n<\/ul>\n<h4><strong>Wesentliche Merkmale:<\/strong><\/h4>\n<ul>\n<li><strong>Nikotinst\u00e4rken:<\/strong> Erh\u00e4ltlich in den Nikotinsalzkonzentrationen 0%, 2%, 3% und 5%, die eine Vielzahl von Vaping-Vorlieben abdecken.<\/li>\n<li><strong>E-Liquid Kapazit\u00e4t:<\/strong> Jedes Ger\u00e4t wird mit 20 ml hochwertigem E-Liquid bef\u00fcllt, um einen langen Genuss zu gew\u00e4hrleisten.<\/li>\n<li><strong>Spulentyp:<\/strong> Verf\u00fcgt \u00fcber eine Mesh-Spule f\u00fcr verbesserten Geschmack und Dampfproduktion.<\/li>\n<li><strong>Anzeige:<\/strong> Die innovative Batterie- und Fl\u00fcssigkeitsstandsanzeige sorgt daf\u00fcr, dass Sie immer \u00fcber Ihren Nutzungsstatus informiert sind.<\/li>\n<li><strong>Batterie:<\/strong> Ausgestattet mit einem 500-mAh-Akku, der in nur 30 Minuten \u00fcber USB Typ-C vollst\u00e4ndig aufgeladen werden kann.<\/li>\n<li><strong>Verpackung:<\/strong> Jedes Set enth\u00e4lt 10 St\u00fcck in einem Display-Karton, mit 200 St\u00fcck pro Karton. Ideal sowohl f\u00fcr kleine Einzelh\u00e4ndler als auch f\u00fcr gro\u00dfe Verteiler.<\/li>\n<\/ul>\n<h4><strong>Warum ELFWORLD Xtia13000 w\u00e4hlen?<\/strong><\/h4>\n<p>Der ELFWORLD Xtia13000 ist perfekt f\u00fcr Dampfer, die ein Ger\u00e4t mit hoher Kapazit\u00e4t und langer Lebensdauer suchen, das schnell aufgeladen werden kann und eine gro\u00dfe Auswahl an Geschmacksrichtungen bietet. Sein effizientes Design und seine innovativen Funktionen sorgen f\u00fcr ein befriedigendes und bequemes Dampferlebnis.<\/p>","protected":false},"excerpt":{"rendered":"<p>Der ELFWORLD Xtia 13000 Disposable Pod Wholesale bietet eine hohe Kapazit\u00e4t, schnelle Ladetechnologie und ein umweltfreundliches Einwegdesign f\u00fcr zuverl\u00e4ssiges Dampfen.<\/p>","protected":false},"featured_media":8851,"comment_status":"open","ping_status":"closed","template":"","meta":[],"product_brand":[],"product_cat":[22,480],"product_tag":[467],"class_list":{"0":"post-8638","1":"product","2":"type-product","3":"status-publish","4":"has-post-thumbnail","6":"product_cat-disposable-vape-sticks","7":"product_cat-elfworld","8":"product_tag-elfworld","10":"first","11":"instock","12":"sale","13":"shipping-taxable","14":"purchasable","15":"product-type-simple"},"jetpack_sharing_enabled":true,"tiered_pricing_type":"fixed","tiered_pricing_fixed_rules":{"2000":9.199999999999999289457264239899814128875732421875,"10000":9},"tiered_pricing_product_settings":{"layout":"default","base_unit_name":{"singular":null,"plural":null},"default_variation":null},"tiered_pricing_minimum_quantity":30,"tiered_pricing_roles_data":[],"tiered_pricing_percentage_rules":[],"tiered_pricing_maximum_quantity":null,"tiered_pricing_quantity_step":null,"_links":{"self":[{"href":"https:\/\/cloudsupplyvapes.com\/de\/wp-json\/wp\/v2\/product\/8638","targetHints":{"allow":["GET"]}}],"collection":[{"href":"https:\/\/cloudsupplyvapes.com\/de\/wp-json\/wp\/v2\/product"}],"about":[{"href":"https:\/\/cloudsupplyvapes.com\/de\/wp-json\/wp\/v2\/types\/product"}],"replies":[{"embeddable":true,"href":"https:\/\/cloudsupplyvapes.com\/de\/wp-json\/wp\/v2\/comments?post=8638"}],"wp:featuredmedia":[{"embeddable":true,"href":"https:\/\/cloudsupplyvapes.com\/de\/wp-json\/wp\/v2\/media\/8851"}],"wp:attachment":[{"href":"https:\/\/cloudsupplyvapes.com\/de\/wp-json\/wp\/v2\/media?parent=8638"}],"wp:term":[{"taxonomy":"product_brand","embeddable":true,"href":"https:\/\/cloudsupplyvapes.com\/de\/wp-json\/wp\/v2\/product_brand?post=8638"},{"taxonomy":"product_cat","embeddable":true,"href":"https:\/\/cloudsupplyvapes.com\/de\/wp-json\/wp\/v2\/product_cat?post=8638"},{"taxonomy":"product_tag","embeddable":true,"href":"https:\/\/cloudsupplyvapes.com\/de\/wp-json\/wp\/v2\/product_tag?post=8638"}],"curies":[{"name":"wp","href":"https:\/\/api.w.org\/{rel}","templated":true}]}}