{"id":8639,"date":"2024-10-19T03:01:12","date_gmt":"2024-10-19T03:01:12","guid":{"rendered":"https:\/\/cloudsupplyvapes.com\/?post_type=product&#038;p=8639"},"modified":"2024-11-25T03:52:11","modified_gmt":"2024-11-25T03:52:11","slug":"-254","status":"publish","type":"product","link":"https:\/\/cloudsupplyvapes.com\/de\/product\/elfworld-pe-10000-disposable-kit-wholesale-extended-e-liquid-capacity-rich-flavor-selection-quick-charging\/","title":{"rendered":"ELFWORLD PE 10000 Einweg Vape Gro\u00dfhandel schnelles Aufladen kompakte Leistung"},"content":{"rendered":"<h3>ELFWORLD PE 10000 Spezifikationen<\/h3>\n<table>\n<thead>\n<tr>\n<th>Merkmal<\/th>\n<th>Spezifikation<\/th>\n<\/tr>\n<\/thead>\n<tbody>\n<tr>\n<td>Nikotinst\u00e4rke<\/td>\n<td>0%, 2%, 3%, 5% Nikotinsalz<\/td>\n<\/tr>\n<tr>\n<td>E-Liquid Kapazit\u00e4t<\/td>\n<td>18mL<\/td>\n<\/tr>\n<tr>\n<td>Spule Typ<\/td>\n<td>Maschenspule<\/td>\n<\/tr>\n<tr>\n<td>Batterie<\/td>\n<td>Integrierte wiederaufladbare 500mAh Batterie<\/td>\n<\/tr>\n<tr>\n<td>Aufladen<\/td>\n<td>Typ-C USB<\/td>\n<\/tr>\n<tr>\n<td>Verf\u00fcgbare Geschmacksrichtungen<\/td>\n<td>Erdbeer-Kiwi, Cool Mint, Jolly Rancher, Erdbeer-Mango, Gefrorenes Mineralwasser, Erdbeer-Wassermelone, Triple Berry Ice, Blue Razz Ice, Lush Ice, Mango-Pfirsich-Aprikose, Schwarzer Johannisbeersaft, Sirap Rose, Erdbeersaft-Pfirsich, Lima Cactus, Lovers Choice (Erdbeer-Kokosnuss), Sugar Daddy<\/td>\n<\/tr>\n<tr>\n<td>Verpackung pro Kit<\/td>\n<td>10 St\u00fcck in einem Displaykarton<\/td>\n<\/tr>\n<tr>\n<td>Verpackung pro Karton<\/td>\n<td>200 St\u00fcck in einem Karton<\/td>\n<\/tr>\n<tr>\n<td>Abmessungen des Kartons<\/td>\n<td>635mm x 327mm x 185mm<\/td>\n<\/tr>\n<tr>\n<td>Gewicht des Kartons<\/td>\n<td>19KG<\/td>\n<\/tr>\n<\/tbody>\n<\/table>\n<h4><strong>Verf\u00fcgbare Geschmacksrichtungen:<\/strong><\/h4>\n<ul>\n<li>Erdbeer-Kiwi<\/li>\n<li>K\u00fchle Minze<\/li>\n<li>Jolly Rancher<\/li>\n<li>Erdbeer-Mango<\/li>\n<li>Gefrorenes Mineralwasser<\/li>\n<li>Erdbeere Wassermelone<\/li>\n<li>Dreifach-Beereneis<\/li>\n<li>Blaues Razzeis<\/li>\n<li>\u00dcppiges Eis<\/li>\n<li>Mango Pfirsich Aprikose<\/li>\n<li>Saft der schwarzen Johannisbeere<\/li>\n<li>Sirap Rose<\/li>\n<li>Strawberry Juice Pfirsich<\/li>\n<li>Lima-Kaktus<\/li>\n<li>Lovers Choice (Erdbeere-Kokosnuss)<\/li>\n<li>Sugar Daddy<\/li>\n<\/ul>\n<h4><strong>Wesentliche Merkmale:<\/strong><\/h4>\n<ul>\n<li><strong>Nikotinst\u00e4rken:<\/strong> Erh\u00e4ltlich in den Nikotinsalzkonzentrationen 0%, 2%, 3% und 5%, geeignet f\u00fcr eine Vielzahl von Dampferfahrungen.<\/li>\n<li><strong>E-Liquid Kapazit\u00e4t:<\/strong> Jedes Ger\u00e4t ist mit 18 ml hochwertigem E-Liquid bef\u00fcllt, was eine lange Rauchdauer gew\u00e4hrleistet.<\/li>\n<li><strong>Spulentyp:<\/strong> Verf\u00fcgt \u00fcber eine Mesh-Spule, die den Geschmack und die Dampfproduktion verbessert.<\/li>\n<li><strong>Batterie:<\/strong> Ausgestattet mit einem 500mAh-Akku, der bequemes Typ-C-Laden unterst\u00fctzt.<\/li>\n<li><strong>Verpackung:<\/strong> Effizient verpackt mit 10 St\u00fcck pro Displaybox und 200 St\u00fcck pro Karton, was den Vertrieb und den Einzelhandel erleichtert.<\/li>\n<\/ul>\n<h4><strong>Warum ELFWORLD PE 10000 w\u00e4hlen?<\/strong><\/h4>\n<p>Der ELFWORLD PE 10000 ist perfekt f\u00fcr Dampfer, die eine gro\u00dfe Auswahl an einzigartigen und exotischen Geschmacksrichtungen in Kombination mit einer robusten Akkulaufzeit und einem effizienten Design suchen. Egal, ob Sie den klassischen Geschmack von Cool Mint oder die exotische Mischung von Lovers Choice genie\u00dfen, es gibt eine Geschmacksrichtung, die zu jeder Vorliebe passt und ein au\u00dfergew\u00f6hnliches Dampferlebnis bei jedem Gebrauch garantiert.<\/p>","protected":false},"excerpt":{"rendered":"<p>Der ELFWORLD PE 10000 Einweg-Vape-Gro\u00dfhandel bietet schnelle Ladem\u00f6glichkeiten mit einem kompakten Design und konsistenter Geschmacksabgabe f\u00fcr tragbares Vaping.<\/p>","protected":false},"featured_media":8852,"comment_status":"open","ping_status":"closed","template":"","meta":[],"product_brand":[],"product_cat":[22],"product_tag":[],"class_list":{"0":"post-8639","1":"product","2":"type-product","3":"status-publish","4":"has-post-thumbnail","6":"product_cat-disposable-vape-sticks","8":"first","9":"instock","10":"sale","11":"shipping-taxable","12":"purchasable","13":"product-type-simple"},"jetpack_sharing_enabled":true,"tiered_pricing_type":"fixed","tiered_pricing_fixed_rules":{"2000":9.3699999999999992184029906638897955417633056640625,"10000":9.300000000000000710542735760100185871124267578125},"tiered_pricing_product_settings":{"layout":"default","base_unit_name":{"singular":null,"plural":null},"default_variation":null},"tiered_pricing_minimum_quantity":30,"tiered_pricing_roles_data":[],"tiered_pricing_percentage_rules":[],"tiered_pricing_maximum_quantity":null,"tiered_pricing_quantity_step":null,"_links":{"self":[{"href":"https:\/\/cloudsupplyvapes.com\/de\/wp-json\/wp\/v2\/product\/8639","targetHints":{"allow":["GET"]}}],"collection":[{"href":"https:\/\/cloudsupplyvapes.com\/de\/wp-json\/wp\/v2\/product"}],"about":[{"href":"https:\/\/cloudsupplyvapes.com\/de\/wp-json\/wp\/v2\/types\/product"}],"replies":[{"embeddable":true,"href":"https:\/\/cloudsupplyvapes.com\/de\/wp-json\/wp\/v2\/comments?post=8639"}],"wp:featuredmedia":[{"embeddable":true,"href":"https:\/\/cloudsupplyvapes.com\/de\/wp-json\/wp\/v2\/media\/8852"}],"wp:attachment":[{"href":"https:\/\/cloudsupplyvapes.com\/de\/wp-json\/wp\/v2\/media?parent=8639"}],"wp:term":[{"taxonomy":"product_brand","embeddable":true,"href":"https:\/\/cloudsupplyvapes.com\/de\/wp-json\/wp\/v2\/product_brand?post=8639"},{"taxonomy":"product_cat","embeddable":true,"href":"https:\/\/cloudsupplyvapes.com\/de\/wp-json\/wp\/v2\/product_cat?post=8639"},{"taxonomy":"product_tag","embeddable":true,"href":"https:\/\/cloudsupplyvapes.com\/de\/wp-json\/wp\/v2\/product_tag?post=8639"}],"curies":[{"name":"wp","href":"https:\/\/api.w.org\/{rel}","templated":true}]}}