{"id":8698,"date":"2024-10-19T03:01:38","date_gmt":"2024-10-19T03:01:38","guid":{"rendered":"https:\/\/cloudsupplyvapes.com\/?post_type=product&#038;p=8698"},"modified":"2024-11-25T03:51:38","modified_gmt":"2024-11-25T03:51:38","slug":"-256","status":"publish","type":"product","link":"https:\/\/cloudsupplyvapes.com\/de\/product\/elfworld-mg2500-disposable-wholesale-compact-design-rich-flavor-variety-efficient-battery\/","title":{"rendered":"ELFWORLD Mg2500 Einweg Vape Gro\u00dfhandel Kompaktes Design Anf\u00e4nger freundlich Eigenschaften"},"content":{"rendered":"<h3>ELFWORLD Mg2500 Spezifikationen<\/h3>\n<table>\n<thead>\n<tr>\n<th>Merkmal<\/th>\n<th>Spezifikation<\/th>\n<\/tr>\n<\/thead>\n<tbody>\n<tr>\n<td>Nikotinst\u00e4rke<\/td>\n<td>0%, 2%, 3%, 5% Nikotinsalz<\/td>\n<\/tr>\n<tr>\n<td>E-Liquid Kapazit\u00e4t<\/td>\n<td>7mL<\/td>\n<\/tr>\n<tr>\n<td>Spule Typ<\/td>\n<td>Maschenspule<\/td>\n<\/tr>\n<tr>\n<td>Batterie<\/td>\n<td>Integrierter 850mAh Akku<\/td>\n<\/tr>\n<tr>\n<td>Verf\u00fcgbare Geschmacksrichtungen<\/td>\n<td>Strawberry Ice, Blue Razz Ice, Strawberry Mango, Cool Mint, Strawberry Kiwi, Peach Ice, Blueberry Ice, Watermelon Ice, Grape Ice, Red Berries Ice<\/td>\n<\/tr>\n<tr>\n<td>Verpackung pro Kit<\/td>\n<td>10 St\u00fcck in einem Displaykarton<\/td>\n<\/tr>\n<tr>\n<td>Verpackung pro Karton<\/td>\n<td>260 St\u00fcck in einem Karton<\/td>\n<\/tr>\n<tr>\n<td>Abmessungen des Kartons<\/td>\n<td>500mm x 400mm x 250mm<\/td>\n<\/tr>\n<tr>\n<td>Gewicht des Kartons<\/td>\n<td>16.5KG<\/td>\n<\/tr>\n<\/tbody>\n<\/table>\n<h4><strong>Verf\u00fcgbare Geschmacksrichtungen:<\/strong><\/h4>\n<ul>\n<li>Erdbeereis<\/li>\n<li>Blaues Razzeis<\/li>\n<li>Erdbeer-Mango<\/li>\n<li>K\u00fchle Minze<\/li>\n<li>Erdbeer-Kiwi<\/li>\n<li>Pfirsich-Eis<\/li>\n<li>Blaubeereis<\/li>\n<li>Wassermelone Eis<\/li>\n<li>Traubeneis<\/li>\n<li>Rote Beeren Eis<\/li>\n<\/ul>\n<h4><strong>Wesentliche Merkmale:<\/strong><\/h4>\n<ul>\n<li><strong>Nikotinst\u00e4rken:<\/strong> Erh\u00e4ltlich in den Nikotinsalzkonzentrationen 0%, 2%, 3% und 5%, geeignet f\u00fcr eine Vielzahl von Rauchern.<\/li>\n<li><strong>E-Liquid Kapazit\u00e4t:<\/strong> Jedes Ger\u00e4t ist mit 7 ml hochwertigem E-Liquid bef\u00fcllt und bietet ein intensives Geschmackserlebnis.<\/li>\n<li><strong>Spulentyp:<\/strong> Verf\u00fcgt \u00fcber eine Mesh-Spule, die den Geschmack verbessert und eine gleichm\u00e4\u00dfige Verdampfung gew\u00e4hrleistet.<\/li>\n<li><strong>Batterie:<\/strong> Mit integriertem 850-mAh-Akku, der eine lange Nutzungsdauer und zuverl\u00e4ssige Leistung gew\u00e4hrleistet.<\/li>\n<li><strong>Verpackung:<\/strong> Effizient verpackt mit 10 St\u00fcck pro Displaykarton und 260 St\u00fcck pro Karton, optimiert f\u00fcr den Einzelhandel und den Massenvertrieb.<\/li>\n<\/ul>\n<h4><strong>Warum ELFWORLD Mg2500 w\u00e4hlen?<\/strong><\/h4>\n<p>Der ELFWORLD Mg2500 ist ideal f\u00fcr Dampfer, die ein kompaktes und dennoch leistungsstarkes Ger\u00e4t mit einer Vielzahl von Geschmacksoptionen und einem starken Akku suchen. Dank seines fortschrittlichen Spulensystems und der ma\u00dfgeschneiderten Nikotinst\u00e4rke bietet er mit jedem Zug ein hervorragendes Dampferlebnis.<\/p>","protected":false},"excerpt":{"rendered":"<p>Der kompakte und einsteigerfreundliche ELFWORLD Mg2500 Einweg-Vape-Gro\u00dfhandel liefert sanfte Kehlkopfschl\u00e4ge, eine effiziente Akkulaufzeit und ein leichtes Design f\u00fcr problemlosen Gebrauch.<\/p>","protected":false},"featured_media":8854,"comment_status":"open","ping_status":"closed","template":"","meta":[],"product_brand":[],"product_cat":[22,480],"product_tag":[467],"class_list":{"0":"post-8698","1":"product","2":"type-product","3":"status-publish","4":"has-post-thumbnail","6":"product_cat-disposable-vape-sticks","7":"product_cat-elfworld","8":"product_tag-elfworld","10":"first","11":"instock","12":"sale","13":"shipping-taxable","14":"purchasable","15":"product-type-simple"},"jetpack_sharing_enabled":true,"tiered_pricing_type":"fixed","tiered_pricing_fixed_rules":{"2000":7.70000000000000017763568394002504646778106689453125},"tiered_pricing_product_settings":{"layout":"default","base_unit_name":{"singular":null,"plural":null},"default_variation":null},"tiered_pricing_minimum_quantity":30,"tiered_pricing_roles_data":[],"tiered_pricing_percentage_rules":[],"tiered_pricing_maximum_quantity":null,"tiered_pricing_quantity_step":null,"_links":{"self":[{"href":"https:\/\/cloudsupplyvapes.com\/de\/wp-json\/wp\/v2\/product\/8698","targetHints":{"allow":["GET"]}}],"collection":[{"href":"https:\/\/cloudsupplyvapes.com\/de\/wp-json\/wp\/v2\/product"}],"about":[{"href":"https:\/\/cloudsupplyvapes.com\/de\/wp-json\/wp\/v2\/types\/product"}],"replies":[{"embeddable":true,"href":"https:\/\/cloudsupplyvapes.com\/de\/wp-json\/wp\/v2\/comments?post=8698"}],"wp:featuredmedia":[{"embeddable":true,"href":"https:\/\/cloudsupplyvapes.com\/de\/wp-json\/wp\/v2\/media\/8854"}],"wp:attachment":[{"href":"https:\/\/cloudsupplyvapes.com\/de\/wp-json\/wp\/v2\/media?parent=8698"}],"wp:term":[{"taxonomy":"product_brand","embeddable":true,"href":"https:\/\/cloudsupplyvapes.com\/de\/wp-json\/wp\/v2\/product_brand?post=8698"},{"taxonomy":"product_cat","embeddable":true,"href":"https:\/\/cloudsupplyvapes.com\/de\/wp-json\/wp\/v2\/product_cat?post=8698"},{"taxonomy":"product_tag","embeddable":true,"href":"https:\/\/cloudsupplyvapes.com\/de\/wp-json\/wp\/v2\/product_tag?post=8698"}],"curies":[{"name":"wp","href":"https:\/\/api.w.org\/{rel}","templated":true}]}}