{"id":8699,"date":"2024-10-19T03:01:38","date_gmt":"2024-10-19T03:01:38","guid":{"rendered":"https:\/\/cloudsupplyvapes.com\/?post_type=product&#038;p=8699"},"modified":"2024-11-25T03:51:19","modified_gmt":"2024-11-25T03:51:19","slug":"-257","status":"publish","type":"product","link":"https:\/\/cloudsupplyvapes.com\/de\/product\/elfworld-iceking8500-disposable-wholesale-large-e-liquid-capacity-customizable-airflow-diverse-flavors\/","title":{"rendered":"ELFWORLD Iceking8500 Einweg Vape Gro\u00dfhandel Einstellbare Airflow Langlebige leichte Konstruktion"},"content":{"rendered":"<h3>ELFWORLD Iceking8500 Spezifikationen<\/h3>\n<table>\n<thead>\n<tr>\n<th>Merkmal<\/th>\n<th>Spezifikation<\/th>\n<\/tr>\n<\/thead>\n<tbody>\n<tr>\n<td>Nikotinst\u00e4rke<\/td>\n<td>0%, 2%, 3%, 5% Nikotinsalz<\/td>\n<\/tr>\n<tr>\n<td>E-Liquid Kapazit\u00e4t<\/td>\n<td>17mL<\/td>\n<\/tr>\n<tr>\n<td>Spule Typ<\/td>\n<td>Maschenspule<\/td>\n<\/tr>\n<tr>\n<td>Batterie<\/td>\n<td>Integrierter 550mAh Akku<\/td>\n<\/tr>\n<tr>\n<td>Luftstrom<\/td>\n<td>Einstellbar<\/td>\n<\/tr>\n<tr>\n<td>Verf\u00fcgbare Geschmacksrichtungen<\/td>\n<td>Blueberry Ice, Blue Razz, Strawberry Ice, Watermelon Bubble Gum, Strawberry Mango, Juicy Peach, Cool Mint, Peach Mango Watermelon, Lush Ice, Grape Ice<\/td>\n<\/tr>\n<tr>\n<td>Verpackung pro Kit<\/td>\n<td>10 St\u00fcck in einem Displaykarton<\/td>\n<\/tr>\n<tr>\n<td>Verpackung pro Karton<\/td>\n<td>200 St\u00fcck in einem Karton<\/td>\n<\/tr>\n<tr>\n<td>Abmessungen des Kartons<\/td>\n<td>500mm x 400mm x 250mm<\/td>\n<\/tr>\n<tr>\n<td>Gewicht des Kartons<\/td>\n<td>Unbekannt<\/td>\n<\/tr>\n<\/tbody>\n<\/table>\n<h4><strong>Verf\u00fcgbare Geschmacksrichtungen:<\/strong><\/h4>\n<ul>\n<li>Blaubeereis<\/li>\n<li>Blauer Razzia<\/li>\n<li>Erdbeereis<\/li>\n<li>Wassermelone Kaugummi<\/li>\n<li>Erdbeer-Mango<\/li>\n<li>Saftiger Pfirsich<\/li>\n<li>K\u00fchle Minze<\/li>\n<li>Pfirsich Mango Wassermelone<\/li>\n<li>\u00dcppiges Eis<\/li>\n<li>Traubeneis<\/li>\n<\/ul>\n<h4><strong>Wesentliche Merkmale:<\/strong><\/h4>\n<ul>\n<li><strong>Nikotinst\u00e4rken:<\/strong> Erh\u00e4ltlich in den Nikotinsalzkonzentrationen 0%, 2%, 3% und 5%, die den verschiedenen Benutzerpr\u00e4ferenzen entsprechen.<\/li>\n<li><strong>E-Liquid Kapazit\u00e4t:<\/strong> Jedes Ger\u00e4t ist mit 17 ml hochwertigem E-Liquid bef\u00fcllt, um ein lang anhaltendes und befriedigendes Dampferlebnis zu gew\u00e4hrleisten.<\/li>\n<li><strong>Spulentyp:<\/strong> Ausgestattet mit einer Mesh-Spule, die den Geschmack und die Dampfproduktion maximiert.<\/li>\n<li><strong>Batterie:<\/strong> Verf\u00fcgt \u00fcber einen integrierten 550mAh-Akku mit einstellbarer Luftzufuhr und erm\u00f6glicht so ein individuelles Dampferlebnis.<\/li>\n<li><strong>Verpackung:<\/strong> Jedes Kit enth\u00e4lt 10 St\u00fcck in einem Displaykarton, mit 200 St\u00fcck pro Karton, was den Vertrieb erleichtert.<\/li>\n<\/ul>\n<h4><strong>Warum ELFWORLD Iceking8500 w\u00e4hlen?<\/strong><\/h4>\n<p>Der ELFWORLD Iceking8500 ist perfekt f\u00fcr Dampfer, die ein robustes Geschmackserlebnis mit einstellbarem Luftstrom und einer gro\u00dfen E-Liquid-Kapazit\u00e4t suchen. Dieses Ger\u00e4t kombiniert Leistung mit Komfort, so dass es eine ausgezeichnete Wahl f\u00fcr Anf\u00e4nger und erfahrene Dampfer.<\/p>","protected":false},"excerpt":{"rendered":"<p>Der ELFWORLD Iceking8500 Einweg-Vape-Gro\u00dfhandel zeichnet sich durch einen einstellbaren Luftstrom, ein langlebiges, leichtes Design und eine gleichbleibende Leistung aus, was ihn zu einer ultra-portablen Wahl f\u00fcr Dampfer macht.<\/p>","protected":false},"featured_media":8855,"comment_status":"open","ping_status":"closed","template":"","meta":[],"product_brand":[],"product_cat":[22,480],"product_tag":[467],"class_list":{"0":"post-8699","1":"product","2":"type-product","3":"status-publish","4":"has-post-thumbnail","6":"product_cat-disposable-vape-sticks","7":"product_cat-elfworld","8":"product_tag-elfworld","10":"first","11":"instock","12":"sale","13":"shipping-taxable","14":"purchasable","15":"product-type-simple"},"jetpack_sharing_enabled":true,"tiered_pricing_type":"fixed","tiered_pricing_fixed_rules":{"2000":9.5,"10000":8.9000000000000003552713678800500929355621337890625},"tiered_pricing_product_settings":{"layout":"default","base_unit_name":{"singular":null,"plural":null},"default_variation":null},"tiered_pricing_minimum_quantity":30,"tiered_pricing_roles_data":[],"tiered_pricing_percentage_rules":[],"tiered_pricing_maximum_quantity":null,"tiered_pricing_quantity_step":null,"_links":{"self":[{"href":"https:\/\/cloudsupplyvapes.com\/de\/wp-json\/wp\/v2\/product\/8699","targetHints":{"allow":["GET"]}}],"collection":[{"href":"https:\/\/cloudsupplyvapes.com\/de\/wp-json\/wp\/v2\/product"}],"about":[{"href":"https:\/\/cloudsupplyvapes.com\/de\/wp-json\/wp\/v2\/types\/product"}],"replies":[{"embeddable":true,"href":"https:\/\/cloudsupplyvapes.com\/de\/wp-json\/wp\/v2\/comments?post=8699"}],"wp:featuredmedia":[{"embeddable":true,"href":"https:\/\/cloudsupplyvapes.com\/de\/wp-json\/wp\/v2\/media\/8855"}],"wp:attachment":[{"href":"https:\/\/cloudsupplyvapes.com\/de\/wp-json\/wp\/v2\/media?parent=8699"}],"wp:term":[{"taxonomy":"product_brand","embeddable":true,"href":"https:\/\/cloudsupplyvapes.com\/de\/wp-json\/wp\/v2\/product_brand?post=8699"},{"taxonomy":"product_cat","embeddable":true,"href":"https:\/\/cloudsupplyvapes.com\/de\/wp-json\/wp\/v2\/product_cat?post=8699"},{"taxonomy":"product_tag","embeddable":true,"href":"https:\/\/cloudsupplyvapes.com\/de\/wp-json\/wp\/v2\/product_tag?post=8699"}],"curies":[{"name":"wp","href":"https:\/\/api.w.org\/{rel}","templated":true}]}}