{"id":8700,"date":"2024-10-19T03:01:38","date_gmt":"2024-10-19T03:01:38","guid":{"rendered":"https:\/\/cloudsupplyvapes.com\/?post_type=product&#038;p=8700"},"modified":"2024-11-25T03:51:00","modified_gmt":"2024-11-25T03:51:00","slug":"-258","status":"publish","type":"product","link":"https:\/\/cloudsupplyvapes.com\/de\/product\/elfworld-mc-8500-disposable-wholesale-high-capacity-rechargeable-multi-flavor-options-great-prices\/","title":{"rendered":"ELFWORLD MC 8500 Einweg Vape Gro\u00dfhandel hohe Kapazit\u00e4t wiederaufladbare Design Superior Performance"},"content":{"rendered":"<h3>ELFWORLD MC 8500 Spezifikationen<\/h3>\n<table>\n<thead>\n<tr>\n<th>Merkmal<\/th>\n<th>Spezifikation<\/th>\n<\/tr>\n<\/thead>\n<tbody>\n<tr>\n<td>Nikotinst\u00e4rke<\/td>\n<td>0%, 2%, 3%, 5% Nikotinsalz<\/td>\n<\/tr>\n<tr>\n<td>E-Liquid Kapazit\u00e4t<\/td>\n<td>16mL<\/td>\n<\/tr>\n<tr>\n<td>Spule Typ<\/td>\n<td>Maschenspule<\/td>\n<\/tr>\n<tr>\n<td>Batterie<\/td>\n<td>Integrierte wiederaufladbare 600mAh-Batterie<\/td>\n<\/tr>\n<tr>\n<td>Aufladen<\/td>\n<td>Typ-C USB<\/td>\n<\/tr>\n<tr>\n<td>Verf\u00fcgbare Geschmacksrichtungen<\/td>\n<td>Yummy, Minty, Grape Ice, Strawberry Watermelon, Triple Berry Ice, Blue Razz Ice, Lush Ice, Juicy Peach Ice<\/td>\n<\/tr>\n<tr>\n<td>Verpackung pro Kit<\/td>\n<td>10 St\u00fcck in einem Displaykarton<\/td>\n<\/tr>\n<tr>\n<td>Verpackung pro Karton<\/td>\n<td>200 St\u00fcck in einem Karton<\/td>\n<\/tr>\n<\/tbody>\n<\/table>\n<h4><strong>Verf\u00fcgbare Geschmacksrichtungen:<\/strong><\/h4>\n<ul>\n<li>Lecker<\/li>\n<li>Minzig<\/li>\n<li>Traubeneis<\/li>\n<li>Erdbeere Wassermelone<\/li>\n<li>Dreifach-Beereneis<\/li>\n<li>Blaues Razzeis<\/li>\n<li>\u00dcppiges Eis<\/li>\n<li>Saftiges Pfirsicheis<\/li>\n<\/ul>\n<h4><strong>Wesentliche Merkmale:<\/strong><\/h4>\n<ul>\n<li><strong>Nikotinst\u00e4rken:<\/strong> Erh\u00e4ltlich in den Nikotinsalzkonzentrationen 0%, 2%, 3% und 5%, die eine Vielzahl von Vorlieben abdecken.<\/li>\n<li><strong>E-Liquid Kapazit\u00e4t:<\/strong> Jedes Ger\u00e4t wird mit 16 ml hochwertigem E-Liquid bef\u00fcllt und bietet ein lang anhaltendes und geschmackvolles Dampferlebnis.<\/li>\n<li><strong>Spulentyp:<\/strong> Verf\u00fcgt \u00fcber eine Mesh-Spule, die den Geschmack verbessert und eine gleichm\u00e4\u00dfige Verdampfung gew\u00e4hrleistet.<\/li>\n<li><strong>Batterie:<\/strong> Mit integriertem 600-mAh-Akku, der ausreichend Energie f\u00fcr eine l\u00e4ngere Nutzung liefert. Bequemes und schnelles Aufladen mit einem Typ-C-USB-Anschluss.<\/li>\n<li><strong>Verpackung:<\/strong> Effiziente Verpackung mit 10 St\u00fcck pro Displaykarton und 200 St\u00fcck pro Karton, die eine einfache Verteilung erm\u00f6glicht.<\/li>\n<\/ul>\n<h4><strong>Warum ELFWORLD MC 8500 w\u00e4hlen?<\/strong><\/h4>\n<p>Der ELFWORLD MC 8500 ist perfekt f\u00fcr Dampfer, die ein robustes Geschmackserlebnis mit einer gro\u00dfen E-Liquid-Kapazit\u00e4t und einem zuverl\u00e4ssigen Akku suchen. Ideal f\u00fcr diejenigen, die intensive, lang anhaltende Aromen und eine bequeme Nutzung sch\u00e4tzen.<\/p>","protected":false},"excerpt":{"rendered":"<p>Der ELFWORLD MC 8500 Einweg-Vape-Gro\u00dfhandel bietet ein wiederaufladbares Design mit hoher Kapazit\u00e4t, einer gleichm\u00e4\u00dfigen Dampfproduktion und einer kompakten Bauweise, perfekt f\u00fcr tragbares, lang anhaltendes Dampfen.<\/p>","protected":false},"featured_media":8856,"comment_status":"open","ping_status":"closed","template":"","meta":[],"product_brand":[],"product_cat":[22,480],"product_tag":[467],"class_list":{"0":"post-8700","1":"product","2":"type-product","3":"status-publish","4":"has-post-thumbnail","6":"product_cat-disposable-vape-sticks","7":"product_cat-elfworld","8":"product_tag-elfworld","10":"first","11":"instock","12":"sale","13":"shipping-taxable","14":"purchasable","15":"product-type-simple"},"jetpack_sharing_enabled":true,"tiered_pricing_type":"fixed","tiered_pricing_fixed_rules":{"2000":9.300000000000000710542735760100185871124267578125,"10000":8.9000000000000003552713678800500929355621337890625},"tiered_pricing_product_settings":{"layout":"default","base_unit_name":{"singular":null,"plural":null},"default_variation":null},"tiered_pricing_minimum_quantity":30,"tiered_pricing_roles_data":[],"tiered_pricing_percentage_rules":[],"tiered_pricing_maximum_quantity":null,"tiered_pricing_quantity_step":"10","_links":{"self":[{"href":"https:\/\/cloudsupplyvapes.com\/de\/wp-json\/wp\/v2\/product\/8700","targetHints":{"allow":["GET"]}}],"collection":[{"href":"https:\/\/cloudsupplyvapes.com\/de\/wp-json\/wp\/v2\/product"}],"about":[{"href":"https:\/\/cloudsupplyvapes.com\/de\/wp-json\/wp\/v2\/types\/product"}],"replies":[{"embeddable":true,"href":"https:\/\/cloudsupplyvapes.com\/de\/wp-json\/wp\/v2\/comments?post=8700"}],"wp:featuredmedia":[{"embeddable":true,"href":"https:\/\/cloudsupplyvapes.com\/de\/wp-json\/wp\/v2\/media\/8856"}],"wp:attachment":[{"href":"https:\/\/cloudsupplyvapes.com\/de\/wp-json\/wp\/v2\/media?parent=8700"}],"wp:term":[{"taxonomy":"product_brand","embeddable":true,"href":"https:\/\/cloudsupplyvapes.com\/de\/wp-json\/wp\/v2\/product_brand?post=8700"},{"taxonomy":"product_cat","embeddable":true,"href":"https:\/\/cloudsupplyvapes.com\/de\/wp-json\/wp\/v2\/product_cat?post=8700"},{"taxonomy":"product_tag","embeddable":true,"href":"https:\/\/cloudsupplyvapes.com\/de\/wp-json\/wp\/v2\/product_tag?post=8700"}],"curies":[{"name":"wp","href":"https:\/\/api.w.org\/{rel}","templated":true}]}}