{"id":8791,"date":"2024-10-19T03:02:24","date_gmt":"2024-10-19T03:02:24","guid":{"rendered":"https:\/\/cloudsupplyvapes.com\/?post_type=product&#038;p=8791"},"modified":"2024-11-19T06:56:36","modified_gmt":"2024-11-19T06:56:36","slug":"-260","status":"publish","type":"product","link":"https:\/\/cloudsupplyvapes.com\/de\/product\/vapme-shisha-15000-disposable-wholesale-long-lasting-extensive-flavor-options-authentic-experience-excellent-value\/","title":{"rendered":"VAPME Shisha 15000 Einweg-Vape-Gro\u00dfhandel - 15.000 Z\u00fcge, Shisha-Stil Design, 14mL Kapazit\u00e4t, wiederaufladbar f\u00fcr Gro\u00dfhandel"},"content":{"rendered":"<h3>VAPME SHISHA 15000 Einweg Vape Spezifikationen<\/h3>\n<table>\n<thead>\n<tr>\n<th><strong>Merkmal<\/strong><\/th>\n<th><strong>Spezifikation<\/strong><\/th>\n<\/tr>\n<\/thead>\n<tbody>\n<tr>\n<td>Nikotinst\u00e4rke<\/td>\n<td>Echte 0%, 2% (tats\u00e4chlich 0,6%)<\/td>\n<\/tr>\n<tr>\n<td>E-Liquid Kapazit\u00e4t<\/td>\n<td>25mL<\/td>\n<\/tr>\n<tr>\n<td>Spule Typ<\/td>\n<td>0,6 Ohm Mesh-Spule<\/td>\n<\/tr>\n<tr>\n<td>Batterie<\/td>\n<td>Integrierter 650mAh Akku<\/td>\n<\/tr>\n<tr>\n<td>Aufladen<\/td>\n<td>Keine Angaben<\/td>\n<\/tr>\n<tr>\n<td>Verf\u00fcgbare Geschmacksrichtungen<\/td>\n<td>24 einzigartige Sorten<\/td>\n<\/tr>\n<tr>\n<td>Verpackung pro Kit<\/td>\n<td>200 St\u00fcck in einer Vitrine<\/td>\n<\/tr>\n<tr>\n<td>Verpackung pro Karton<\/td>\n<td>200 St\u00fcck in einem Karton<\/td>\n<\/tr>\n<tr>\n<td>Geh\u00e4use Gewicht<\/td>\n<td>20,3 kg<\/td>\n<\/tr>\n<tr>\n<td>Geh\u00e4use Abmessungen<\/td>\n<td>39,5cm x 39cm x 30,5cm<\/td>\n<\/tr>\n<\/tbody>\n<\/table>\n<h2>Verf\u00fcgbare Geschmacksrichtungen:<\/h2>\n<ol>\n<li>Heidelbeere auf Eis<\/li>\n<li>Kiwi Passionsfrucht Guave<\/li>\n<li>Blue Razz Limonade<\/li>\n<li>Erdbeer-Kiwi<\/li>\n<li>Gemischte Beeren<\/li>\n<li>Erdbeere Wassermelone<\/li>\n<li>Traubeneis<\/li>\n<li>Wassermelone Eis<\/li>\n<li>Pfirsich Mango Ananas<\/li>\n<li>Erdbeereis<\/li>\n<li>Pfirsich-Eis<\/li>\n<li>Mango-Banane<\/li>\n<li>Kirsche Beere<\/li>\n<li>Heidelbeere-Himbeere<\/li>\n<li>Liebe 66<\/li>\n<li>Wassermelone Stier<\/li>\n<li>Erdbeere Traube<\/li>\n<li>Erdbeer-Himbeer-Bonbon<\/li>\n<li>Mamba<\/li>\n<li>Wassermelone Kirsche<\/li>\n<li>Gefrorener Apfel<\/li>\n<li>Zitronenminze<\/li>\n<li>Schwarzes Johannisbeereis<\/li>\n<li>Ananasshake<\/li>\n<\/ol>\n<h3>Wesentliche Merkmale:<\/h3>\n<ul>\n<li><strong>Nikotinst\u00e4rken:<\/strong> Die einzigartige Nikotinformulierung mit einer echten 0%-Option und einer 2%-Option, die tats\u00e4chlich 0,6% Nikotin enth\u00e4lt, erf\u00fcllt die unterschiedlichen Bed\u00fcrfnisse der Nutzer.<\/li>\n<li><strong>E-Liquid Kapazit\u00e4t:<\/strong> Jeder Vape ist mit 25 ml E-Liquid bef\u00fcllt, was ein langes und reichhaltiges Dampferlebnis mit \u00fcber 15.000 Z\u00fcgen garantiert.<\/li>\n<li><strong>Spulentyp:<\/strong> Verwendet eine 0,6-Ohm-Mesh-Spule, um eine hervorragende Geschmackspr\u00e4zision und Wolkenproduktion zu gew\u00e4hrleisten.<\/li>\n<li><strong>Batterie:<\/strong> Enth\u00e4lt eine 650mAh-Batterie, kompakt und dennoch effizient f\u00fcr die Handhabung der gro\u00dfen Menge an Fl\u00fcssigkeit und hohe puff count.<\/li>\n<li><strong>Verpackung:<\/strong> Verpackt in Kisten zu 200 St\u00fcck, optimiert f\u00fcr den Einzelhandel und den Gro\u00dfvertrieb.<\/li>\n<\/ul>\n<h3>Warum VAPME SHISHA 15000 w\u00e4hlen?<\/h3>\n<p>Der VAPME SHISHA 15000 ist perfekt f\u00fcr alle, die einen langanhaltenden, geschmacksintensiven Vape mit einer gro\u00dfen E-Liquid-Kapazit\u00e4t und einer gro\u00dfen Auswahl an einzigartigen Geschmacksrichtungen suchen. Er wurde entwickelt, um die Erfahrung des Shisha-Rauchens mit seiner vielf\u00e4ltigen und exotischen Geschmacksauswahl zu imitieren, was ihn zu einer gro\u00dfartigen Wahl f\u00fcr Enthusiasten macht, die auf dem Markt f\u00fcr Einwegdampfer etwas anderes suchen.<\/p>","protected":false},"excerpt":{"rendered":"<p>Die VAPME Shisha 15000 bietet ein reichhaltiges, authentisches Erlebnis mit optimierter Geschmacksabgabe. Ihr stilvolles Design und die wiederaufladbare Funktion machen sie perfekt f\u00fcr Premium-Gro\u00dfhandelskunden.<\/p>","protected":false},"featured_media":8874,"comment_status":"open","ping_status":"closed","template":"","meta":[],"product_brand":[],"product_cat":[22],"product_tag":[470],"class_list":{"0":"post-8791","1":"product","2":"type-product","3":"status-publish","4":"has-post-thumbnail","6":"product_cat-disposable-vape-sticks","7":"product_tag-vapme","9":"first","10":"instock","11":"sale","12":"shipping-taxable","13":"purchasable","14":"product-type-simple"},"jetpack_sharing_enabled":true,"tiered_pricing_type":"fixed","tiered_pricing_fixed_rules":{"100":9.5999999999999996447286321199499070644378662109375,"500":9.4000000000000003552713678800500929355621337890625},"tiered_pricing_product_settings":{"layout":"default","base_unit_name":{"singular":null,"plural":null},"default_variation":null},"tiered_pricing_minimum_quantity":30,"tiered_pricing_roles_data":[],"tiered_pricing_percentage_rules":[],"tiered_pricing_maximum_quantity":null,"tiered_pricing_quantity_step":null,"_links":{"self":[{"href":"https:\/\/cloudsupplyvapes.com\/de\/wp-json\/wp\/v2\/product\/8791","targetHints":{"allow":["GET"]}}],"collection":[{"href":"https:\/\/cloudsupplyvapes.com\/de\/wp-json\/wp\/v2\/product"}],"about":[{"href":"https:\/\/cloudsupplyvapes.com\/de\/wp-json\/wp\/v2\/types\/product"}],"replies":[{"embeddable":true,"href":"https:\/\/cloudsupplyvapes.com\/de\/wp-json\/wp\/v2\/comments?post=8791"}],"wp:featuredmedia":[{"embeddable":true,"href":"https:\/\/cloudsupplyvapes.com\/de\/wp-json\/wp\/v2\/media\/8874"}],"wp:attachment":[{"href":"https:\/\/cloudsupplyvapes.com\/de\/wp-json\/wp\/v2\/media?parent=8791"}],"wp:term":[{"taxonomy":"product_brand","embeddable":true,"href":"https:\/\/cloudsupplyvapes.com\/de\/wp-json\/wp\/v2\/product_brand?post=8791"},{"taxonomy":"product_cat","embeddable":true,"href":"https:\/\/cloudsupplyvapes.com\/de\/wp-json\/wp\/v2\/product_cat?post=8791"},{"taxonomy":"product_tag","embeddable":true,"href":"https:\/\/cloudsupplyvapes.com\/de\/wp-json\/wp\/v2\/product_tag?post=8791"}],"curies":[{"name":"wp","href":"https:\/\/api.w.org\/{rel}","templated":true}]}}