{"id":8827,"date":"2024-10-19T03:02:45","date_gmt":"2024-10-19T03:02:45","guid":{"rendered":"https:\/\/cloudsupplyvapes.com\/?post_type=product&#038;p=8827"},"modified":"2025-05-07T14:54:25","modified_gmt":"2025-05-07T14:54:25","slug":"-263","status":"publish","type":"product","link":"https:\/\/cloudsupplyvapes.com\/de\/product\/alibarbar-rich-8000-puff-disposable-vape-wholesale-over-10-flavours\/","title":{"rendered":"ALIBARBAR RICH 8000 Puffs Einweg Vape Gro\u00dfhandel - 8.000 Puffs, kompakte Bauweise, lange Lebensdauer der Batterie, bereit f\u00fcr Gro\u00dfeinkauf"},"content":{"rendered":"<h2>Verf\u00fcgbare Geschmacksrichtungen:<\/h2>\n<ol>\n<li>Mango-Eis<\/li>\n<li>Klassischer Tabak<\/li>\n<li>Minze<\/li>\n<li>Ananas Pfirsich<\/li>\n<li>Gr\u00fcner Apfel<\/li>\n<li>Vanille-Sahne<\/li>\n<li>Traubeneis<\/li>\n<li>Zitrus-Mix<\/li>\n<li>Erdbeere-Banane<\/li>\n<li>Zitronenkuchen<\/li>\n<li>Gurke-Limette<\/li>\n<li>Cola-Eis<\/li>\n<\/ol>\n<h3>ALIBARBAR RICH 10000 Einweg-Vape Spezifikationen<\/h3>\n<table>\n<thead>\n<tr>\n<th><strong>Merkmal<\/strong><\/th>\n<th><strong>Spezifikation<\/strong><\/th>\n<\/tr>\n<\/thead>\n<tbody>\n<tr>\n<td>Gr\u00f6\u00dfe<\/td>\n<td>120mm x 25mm x 25mm<\/td>\n<\/tr>\n<tr>\n<td>Batteriekapazit\u00e4t<\/td>\n<td>500mAh<\/td>\n<\/tr>\n<tr>\n<td>Leistungsbereich<\/td>\n<td>9W<\/td>\n<\/tr>\n<tr>\n<td>Eingangsspannung<\/td>\n<td>3.7V<\/td>\n<\/tr>\n<tr>\n<td>E-Liquid Kapazit\u00e4t<\/td>\n<td>10mL<\/td>\n<\/tr>\n<tr>\n<td>Widerstand<\/td>\n<td>1,2 Ohm<\/td>\n<\/tr>\n<tr>\n<td>Puffs<\/td>\n<td>Ungef\u00e4hr 10.000 Z\u00fcge<\/td>\n<\/tr>\n<tr>\n<td>Verpackung pro Kit<\/td>\n<td>100St\u00fcck pro Karton<\/td>\n<\/tr>\n<tr>\n<td>Geh\u00e4use Gewicht<\/td>\n<td>15 kg<\/td>\n<\/tr>\n<\/tbody>\n<\/table>\n<h3>Wesentliche Merkmale:<\/h3>\n<ul>\n<li><strong>E-Liquid Kapazit\u00e4t:<\/strong> Jedes Ger\u00e4t ist mit 10 ml Premium-E-Liquid gef\u00fcllt, perfekt f\u00fcr ausgedehnte Vaping-Sessions.<\/li>\n<li><strong>Batterie:<\/strong> Verf\u00fcgt \u00fcber einen 500mAh-Akku, der das E-Liquid-Volumen effizient handhabt und eine konstante Leistung bietet.<\/li>\n<li><strong>Kompaktes Design:<\/strong> Dieses elegante und tragbare Ger\u00e4t passt problemlos in Ihre Tasche oder Hand und eignet sich daher hervorragend f\u00fcr das Vaping unterwegs.<\/li>\n<li><strong>Geschmacksvielfalt:<\/strong> Bietet eine vielf\u00e4ltige Auswahl von 12 k\u00f6stlichen Geschmacksrichtungen, die von reichhaltigen Fr\u00fcchten bis hin zu klassischen Getr\u00e4nken reichen und eine breite Palette von Vorlieben abdecken.<\/li>\n<li><strong>Optimiert f\u00fcr Langlebigkeit:<\/strong> Die robuste Konstruktion und das zuverl\u00e4ssige Stromversorgungssystem sorgen f\u00fcr ein erstklassiges Dampferlebnis vom ersten bis zum letzten Zug.<\/li>\n<\/ul>\n<h3>Warum sollten Sie sich f\u00fcr ALIBARBAR RICH 10000 entscheiden?<\/h3>\n<p>Die ALIBARBAR RICH 10000 ist die ideale Wahl f\u00fcr Dampfer, die einen langlebigen Einwegdampfer mit robusten Aromen und zuverl\u00e4ssiger Leistung suchen. Seine betr\u00e4chtliche E-Liquid-Kapazit\u00e4t gepaart mit einem effizienten Akku bietet eine au\u00dfergew\u00f6hnliche Dampfreise, akzentuiert durch eine reiche Auswahl an Aromen. Egal, ob Sie zu Hause oder unterwegs sind, sie sorgt jedes Mal f\u00fcr ein befriedigendes Dampferlebnis.<\/p>","protected":false},"excerpt":{"rendered":"<p>Die ALIBARBAR RICH verf\u00fcgt \u00fcber einen kompakten Rahmen und ein effizientes Spulensystem f\u00fcr gleichbleibende Leistung. Dieses unkomplizierte Ger\u00e4t ist auf Bequemlichkeit ausgelegt, was es zu einer ausgezeichneten Wahl f\u00fcr Gro\u00dfhandelsbest\u00e4nde macht.<\/p>","protected":false},"featured_media":8877,"comment_status":"open","ping_status":"closed","template":"","meta":[],"product_brand":[],"product_cat":[22],"product_tag":[471],"class_list":{"0":"post-8827","1":"product","2":"type-product","3":"status-publish","4":"has-post-thumbnail","6":"product_cat-disposable-vape-sticks","7":"product_tag-alibarbar","9":"first","10":"instock","11":"sale","12":"shipping-taxable","13":"purchasable","14":"product-type-simple"},"jetpack_sharing_enabled":true,"tiered_pricing_type":"fixed","tiered_pricing_fixed_rules":{"300":12.9000000000000003552713678800500929355621337890625,"900":12.0999999999999996447286321199499070644378662109375,"1500":12,"3000":11.800000000000000710542735760100185871124267578125,"6000":11.5,"10000":11.300000000000000710542735760100185871124267578125,"30000":11,"60000":10.800000000000000710542735760100185871124267578125,"90000":10.5},"tiered_pricing_product_settings":{"layout":"default","base_unit_name":{"singular":null,"plural":null},"default_variation":null},"tiered_pricing_minimum_quantity":100,"tiered_pricing_roles_data":[],"tiered_pricing_percentage_rules":[],"tiered_pricing_maximum_quantity":null,"tiered_pricing_quantity_step":"10","_links":{"self":[{"href":"https:\/\/cloudsupplyvapes.com\/de\/wp-json\/wp\/v2\/product\/8827","targetHints":{"allow":["GET"]}}],"collection":[{"href":"https:\/\/cloudsupplyvapes.com\/de\/wp-json\/wp\/v2\/product"}],"about":[{"href":"https:\/\/cloudsupplyvapes.com\/de\/wp-json\/wp\/v2\/types\/product"}],"replies":[{"embeddable":true,"href":"https:\/\/cloudsupplyvapes.com\/de\/wp-json\/wp\/v2\/comments?post=8827"}],"wp:featuredmedia":[{"embeddable":true,"href":"https:\/\/cloudsupplyvapes.com\/de\/wp-json\/wp\/v2\/media\/8877"}],"wp:attachment":[{"href":"https:\/\/cloudsupplyvapes.com\/de\/wp-json\/wp\/v2\/media?parent=8827"}],"wp:term":[{"taxonomy":"product_brand","embeddable":true,"href":"https:\/\/cloudsupplyvapes.com\/de\/wp-json\/wp\/v2\/product_brand?post=8827"},{"taxonomy":"product_cat","embeddable":true,"href":"https:\/\/cloudsupplyvapes.com\/de\/wp-json\/wp\/v2\/product_cat?post=8827"},{"taxonomy":"product_tag","embeddable":true,"href":"https:\/\/cloudsupplyvapes.com\/de\/wp-json\/wp\/v2\/product_tag?post=8827"}],"curies":[{"name":"wp","href":"https:\/\/api.w.org\/{rel}","templated":true}]}}