{"id":8828,"date":"2024-10-19T03:02:45","date_gmt":"2024-10-19T03:02:45","guid":{"rendered":"https:\/\/cloudsupplyvapes.com\/?post_type=product&#038;p=8828"},"modified":"2024-11-19T06:55:56","modified_gmt":"2024-11-19T06:55:56","slug":"-264","status":"publish","type":"product","link":"https:\/\/cloudsupplyvapes.com\/de\/product\/alibarbar-ingot-9000-puff-disposable-vape-wholesale-13-flavours-available\/","title":{"rendered":"ALIBARBAR INGOT 9000 Puffs Einweg Vape Gro\u00dfhandel - 9.000 Puffs, 13mL E-Liquid, schlankes und stilvolles Design f\u00fcr Gro\u00dfbestellungen"},"content":{"rendered":"<h2>Verf\u00fcgbare Geschmacksrichtungen:<\/h2>\n<ol>\n<li>Bananen-Buzz<\/li>\n<li>Brombeereis<\/li>\n<li>Blaubeer-Explosion<\/li>\n<li>K\u00fchle Minze<\/li>\n<li>Doppelter Apfel<\/li>\n<li>Fanta<\/li>\n<li>Traubeneis<\/li>\n<li>Mango-Zauber<\/li>\n<li>Passionsfrucht Mango Limette<\/li>\n<li>Rosa Zitrone<\/li>\n<li>Erdbeere-Kokosnuss-Wassermelone<\/li>\n<li>Tabak<\/li>\n<li>Wassermelone Eis<\/li>\n<li>Mystery Box - eine Geschmacks\u00fcberraschung<\/li>\n<\/ol>\n<h3>ALIBARBAR INGOT 9000 Einweg-Vape Spezifikationen<\/h3>\n<table>\n<thead>\n<tr>\n<th><strong>Merkmal<\/strong><\/th>\n<th><strong>Spezifikation<\/strong><\/th>\n<\/tr>\n<\/thead>\n<tbody>\n<tr>\n<td>Gr\u00f6\u00dfe<\/td>\n<td>103mm x 40mm x 26mm<\/td>\n<\/tr>\n<tr>\n<td>Batteriekapazit\u00e4t<\/td>\n<td>2350mAh<\/td>\n<\/tr>\n<tr>\n<td>Leistungsbereich<\/td>\n<td>Variabel je nach Nutzung<\/td>\n<\/tr>\n<tr>\n<td>Eingangsspannung<\/td>\n<td>3.7V<\/td>\n<\/tr>\n<tr>\n<td>E-Liquid Kapazit\u00e4t<\/td>\n<td>22mL<\/td>\n<\/tr>\n<tr>\n<td>Widerstand<\/td>\n<td>1,3 Ohm<\/td>\n<\/tr>\n<tr>\n<td>Puffs<\/td>\n<td>Bis zu 9.000 Z\u00fcge<\/td>\n<\/tr>\n<tr>\n<td>Verpackung pro Kit<\/td>\n<td>10 St\u00fcck pro Mittelkarton, 100 St\u00fcck pro Karton<\/td>\n<\/tr>\n<tr>\n<td>Nettogewicht<\/td>\n<td>90g<\/td>\n<\/tr>\n<\/tbody>\n<\/table>\n<h3>Wesentliche Merkmale:<\/h3>\n<ul>\n<li><strong>E-Liquid Kapazit\u00e4t:<\/strong> Gro\u00dfz\u00fcgige 22 ml e-Fl\u00fcssigkeit erm\u00f6glichen lange Vaping-Sessions ohne h\u00e4ufiges Nachf\u00fcllen.<\/li>\n<li><strong>Batterie:<\/strong> Ein leistungsstarker 2350mAh-Akku unterst\u00fctzt die hohe E-Liquid-Kapazit\u00e4t und sorgt f\u00fcr konstante Leistung und Zuverl\u00e4ssigkeit.<\/li>\n<li><strong>Tragbares Design:<\/strong> Trotz seines gro\u00dfen Fassungsverm\u00f6gens bleibt das Design schlank und tragbar, perfekt f\u00fcr das Dampfen unterwegs.<\/li>\n<li><strong>Umfangreiche Geschmacksoptionen:<\/strong> W\u00e4hlen Sie aus 14 verschiedenen Geschmacksrichtungen, darunter eine Mystery Box\" f\u00fcr alle, die \u00dcberraschungen lieben.<\/li>\n<li><strong>Optimale Leistung:<\/strong> Entwickelt f\u00fcr Langlebigkeit und ein sanftes Dampferlebnis, mit einer 1,3-Ohm-Spule, die die Aromabildung optimiert.<\/li>\n<\/ul>\n<h3>Warum ALIBARBAR INGOT 9000 w\u00e4hlen?<\/h3>\n<p>Der ALIBARBAR INGOT 9000 zeichnet sich durch eine lange Akkulaufzeit und eine gro\u00dfe E-Liquid-Kapazit\u00e4t aus, was ihn zu einer Top-Wahl f\u00fcr ernsthafte Dampfer macht. Er verbindet Funktionalit\u00e4t mit Genuss, bietet eine robuste Auswahl an Aromen und ein langlebiges Design f\u00fcr den t\u00e4glichen Gebrauch. Egal, ob Sie ein Liebhaber von Aromen oder ein regelm\u00e4\u00dfiger Dampfer sind, der INGOT 9000 liefert eine beeindruckende Leistung, die alle Ihre Bed\u00fcrfnisse erf\u00fcllt.<\/p>","protected":false},"excerpt":{"rendered":"<p>Der ALIBARBAR INGOT kombiniert einen ergonomischen Griff mit einer erstklassigen Dampfproduktion und sorgt so f\u00fcr Komfort und Zufriedenheit beim Nutzer. Entwickelt f\u00fcr nahtlose Funktionalit\u00e4t, ist es eine gro\u00dfartige Erg\u00e4nzung f\u00fcr Gro\u00dfabnehmer, die Qualit\u00e4t und Stil suchen.<\/p>","protected":false},"featured_media":8878,"comment_status":"open","ping_status":"closed","template":"","meta":[],"product_brand":[],"product_cat":[22],"product_tag":[471],"class_list":{"0":"post-8828","1":"product","2":"type-product","3":"status-publish","4":"has-post-thumbnail","6":"product_cat-disposable-vape-sticks","7":"product_tag-alibarbar","9":"first","10":"instock","11":"sale","12":"featured","13":"shipping-taxable","14":"purchasable","15":"product-type-simple"},"jetpack_sharing_enabled":true,"tiered_pricing_type":"fixed","tiered_pricing_fixed_rules":{"300":13.300000000000000710542735760100185871124267578125,"900":13.0999999999999996447286321199499070644378662109375,"1500":13,"3000":12.800000000000000710542735760100185871124267578125,"6000":12.5,"9000":11.5,"10000":12.300000000000000710542735760100185871124267578125,"30000":12,"60000":11.800000000000000710542735760100185871124267578125},"tiered_pricing_product_settings":{"layout":"default","base_unit_name":{"singular":null,"plural":null},"default_variation":null},"tiered_pricing_minimum_quantity":60,"tiered_pricing_roles_data":[],"tiered_pricing_percentage_rules":[],"tiered_pricing_maximum_quantity":null,"tiered_pricing_quantity_step":null,"_links":{"self":[{"href":"https:\/\/cloudsupplyvapes.com\/de\/wp-json\/wp\/v2\/product\/8828","targetHints":{"allow":["GET"]}}],"collection":[{"href":"https:\/\/cloudsupplyvapes.com\/de\/wp-json\/wp\/v2\/product"}],"about":[{"href":"https:\/\/cloudsupplyvapes.com\/de\/wp-json\/wp\/v2\/types\/product"}],"replies":[{"embeddable":true,"href":"https:\/\/cloudsupplyvapes.com\/de\/wp-json\/wp\/v2\/comments?post=8828"}],"wp:featuredmedia":[{"embeddable":true,"href":"https:\/\/cloudsupplyvapes.com\/de\/wp-json\/wp\/v2\/media\/8878"}],"wp:attachment":[{"href":"https:\/\/cloudsupplyvapes.com\/de\/wp-json\/wp\/v2\/media?parent=8828"}],"wp:term":[{"taxonomy":"product_brand","embeddable":true,"href":"https:\/\/cloudsupplyvapes.com\/de\/wp-json\/wp\/v2\/product_brand?post=8828"},{"taxonomy":"product_cat","embeddable":true,"href":"https:\/\/cloudsupplyvapes.com\/de\/wp-json\/wp\/v2\/product_cat?post=8828"},{"taxonomy":"product_tag","embeddable":true,"href":"https:\/\/cloudsupplyvapes.com\/de\/wp-json\/wp\/v2\/product_tag?post=8828"}],"curies":[{"name":"wp","href":"https:\/\/api.w.org\/{rel}","templated":true}]}}