{"id":8829,"date":"2024-10-19T03:02:46","date_gmt":"2024-10-19T03:02:46","guid":{"rendered":"https:\/\/cloudsupplyvapes.com\/?post_type=product&#038;p=8829"},"modified":"2024-11-19T06:55:45","modified_gmt":"2024-11-19T06:55:45","slug":"-265","status":"publish","type":"product","link":"https:\/\/cloudsupplyvapes.com\/de\/product\/bang-bc9000-9000-puff-disposable-vape-wholesale\/","title":{"rendered":"Bang BC9000 Puffs Disposable Vape Gro\u00dfhandel - 9.000 Puffs, 8mL Tank, tragbar und kosteng\u00fcnstig f\u00fcr Bulk Purchase"},"content":{"rendered":"<h2>Verf\u00fcgbare Geschmacksrichtungen:<\/h2>\n<ol>\n<li>Gummib\u00e4rchen<\/li>\n<li>Erdbeer-Eiscreme<\/li>\n<li>Pfirsich-Mango<\/li>\n<li>Dreifach-Beereneis<\/li>\n<li>Erdbeere Wassermelone<\/li>\n<li>\u00dcppiges Eis<\/li>\n<li>Blaues Razzeis<\/li>\n<li>Tropische Fr\u00fcchte<\/li>\n<li>Aloe Traube<\/li>\n<li>Pfirsich-Eis<\/li>\n<li>Erdbeer-Litschi<\/li>\n<li>K\u00fchle Minze<\/li>\n<\/ol>\n<h3>Bang BC9000 Einweg-Vape Spezifikationen<\/h3>\n<table>\n<thead>\n<tr>\n<th><strong>Merkmal<\/strong><\/th>\n<th><strong>Spezifikation<\/strong><\/th>\n<\/tr>\n<\/thead>\n<tbody>\n<tr>\n<td>Batteriekapazit\u00e4t<\/td>\n<td>550mAh<\/td>\n<\/tr>\n<tr>\n<td>E-Liquid Kapazit\u00e4t<\/td>\n<td>18ml<\/td>\n<\/tr>\n<tr>\n<td>Nikotinst\u00e4rke<\/td>\n<td>0%, 2%, 3%, 5% (Standard)<\/td>\n<\/tr>\n<tr>\n<td>Puffs<\/td>\n<td>Bis zu 9000 Z\u00fcge<\/td>\n<\/tr>\n<tr>\n<td>Preisspanne<\/td>\n<td>$26-$29<\/td>\n<\/tr>\n<tr>\n<td>\u00c4u\u00dfere Abmessungen der Box<\/td>\n<td>64x28x23 cm; 16,5 kg\/200 St\u00fcck<\/td>\n<\/tr>\n<\/tbody>\n<\/table>\n<h3>Wesentliche Merkmale:<\/h3>\n<ul>\n<li><strong>Umfangreiche Geschmacksauswahl:<\/strong> Das Angebot umfasst 12 einzigartige und k\u00f6stliche Geschmacksrichtungen f\u00fcr jeden Geschmack.<\/li>\n<li><strong>Langlebige Batterie:<\/strong> Ein robuster 550mAh-Akku sorgt daf\u00fcr, dass Sie bis zu 9000 Z\u00fcge pro Ger\u00e4t genie\u00dfen k\u00f6nnen.<\/li>\n<li><strong>Variable Nikotinoptionen:<\/strong> Erh\u00e4ltlich in den Nikotinkonzentrationen 0%, 0,2% und 3,5%, die sowohl f\u00fcr leichte als auch f\u00fcr regelm\u00e4\u00dfige Nutzer geeignet sind.<\/li>\n<li><strong>Gro\u00dfe E-Liquid-Kapazit\u00e4t:<\/strong> Jeder Vape enth\u00e4lt 18 ml E-Liquid, was den Bedarf an h\u00e4ufigen Nachf\u00fcllungen minimiert.<\/li>\n<li><strong>Kompakt und tragbar:<\/strong> Trotz seiner starken Leistung ist das Ger\u00e4t so konzipiert, dass es tragbar und leicht zu transportieren ist.<\/li>\n<\/ul>\n<h3>Warum Bang BC9000 w\u00e4hlen?<\/h3>\n<p>Der Bang BC9000 ist perfekt f\u00fcr Dampfer, die ein zuverl\u00e4ssiges Ger\u00e4t mit hoher Kapazit\u00e4t suchen, das keine Kompromisse bei Geschmack oder Leistung eingeht. Mit seiner breiten Palette an Geschmacksrichtungen und seiner langen Akkulaufzeit ist er sowohl f\u00fcr Gelegenheits- als auch f\u00fcr Vieldampfer geeignet. Egal, ob Sie Lust auf etwas Fruchtiges, Cremiges oder Eiskaltes haben, der Bang BC9000 hat eine Geschmacksrichtung, die Ihr Verlangen befriedigt, w\u00e4hrend er gleichzeitig ein konsistentes und angenehmes Dampferlebnis bietet.<\/p>","protected":false},"excerpt":{"rendered":"<p>Der Bang BC9000 liefert zuverl\u00e4ssige Leistung mit einem leichten Design und effizienter Dampfabgabe. Ideal f\u00fcr den t\u00e4glichen Gebrauch, bietet dieses tragbare Ger\u00e4t einen reibungslosen Betrieb und ist perfekt f\u00fcr gro\u00dfe Mengen Gro\u00dfhandel Bestellungen.<\/p>","protected":false},"featured_media":8879,"comment_status":"open","ping_status":"closed","template":"","meta":[],"product_brand":[],"product_cat":[481,22],"product_tag":[31],"class_list":{"0":"post-8829","1":"product","2":"type-product","3":"status-publish","4":"has-post-thumbnail","6":"product_cat-bang","7":"product_cat-disposable-vape-sticks","8":"product_tag-bang","10":"first","11":"instock","12":"shipping-taxable","13":"purchasable","14":"product-type-simple"},"jetpack_sharing_enabled":true,"tiered_pricing_type":"fixed","tiered_pricing_fixed_rules":[],"tiered_pricing_product_settings":{"layout":"default","base_unit_name":{"singular":null,"plural":null},"default_variation":null},"tiered_pricing_minimum_quantity":30,"tiered_pricing_roles_data":[],"tiered_pricing_percentage_rules":[],"tiered_pricing_maximum_quantity":null,"tiered_pricing_quantity_step":"10","_links":{"self":[{"href":"https:\/\/cloudsupplyvapes.com\/de\/wp-json\/wp\/v2\/product\/8829","targetHints":{"allow":["GET"]}}],"collection":[{"href":"https:\/\/cloudsupplyvapes.com\/de\/wp-json\/wp\/v2\/product"}],"about":[{"href":"https:\/\/cloudsupplyvapes.com\/de\/wp-json\/wp\/v2\/types\/product"}],"replies":[{"embeddable":true,"href":"https:\/\/cloudsupplyvapes.com\/de\/wp-json\/wp\/v2\/comments?post=8829"}],"wp:featuredmedia":[{"embeddable":true,"href":"https:\/\/cloudsupplyvapes.com\/de\/wp-json\/wp\/v2\/media\/8879"}],"wp:attachment":[{"href":"https:\/\/cloudsupplyvapes.com\/de\/wp-json\/wp\/v2\/media?parent=8829"}],"wp:term":[{"taxonomy":"product_brand","embeddable":true,"href":"https:\/\/cloudsupplyvapes.com\/de\/wp-json\/wp\/v2\/product_brand?post=8829"},{"taxonomy":"product_cat","embeddable":true,"href":"https:\/\/cloudsupplyvapes.com\/de\/wp-json\/wp\/v2\/product_cat?post=8829"},{"taxonomy":"product_tag","embeddable":true,"href":"https:\/\/cloudsupplyvapes.com\/de\/wp-json\/wp\/v2\/product_tag?post=8829"}],"curies":[{"name":"wp","href":"https:\/\/api.w.org\/{rel}","templated":true}]}}