{"id":8830,"date":"2024-10-19T03:02:46","date_gmt":"2024-10-19T03:02:46","guid":{"rendered":"https:\/\/cloudsupplyvapes.com\/?post_type=product&#038;p=8830"},"modified":"2024-11-19T06:54:25","modified_gmt":"2024-11-19T06:54:25","slug":"-266","status":"publish","type":"product","link":"https:\/\/cloudsupplyvapes.com\/de\/product\/bang-tn-12000-12000-puff-disposable-vape-wholesale\/","title":{"rendered":"Bang TN 12000 Puffs Einweg Vape Gro\u00dfhandel - wiederaufladbar, 10mL E-Liquid Kapazit\u00e4t, hohe Leistung Pods"},"content":{"rendered":"<h2>Verf\u00fcgbare Geschmacksrichtungen:<\/h2>\n<ol>\n<li>Heidelbeer-Himbeer-Eis<\/li>\n<li>Erdbeer-Mango<\/li>\n<li>Erdbeere-Banane<\/li>\n<li>Wassermelone Eis<\/li>\n<li>Herr Blau<\/li>\n<li>Traubeneis<\/li>\n<li>K\u00fchle Minze<\/li>\n<li>Gemischtes Obst<\/li>\n<li>Erdbeer-Litschi<\/li>\n<li>Erdbeereis<\/li>\n<li>Pfirsich-Eis<\/li>\n<li>Wassermelone-Erdbeere<\/li>\n<\/ol>\n<h3>Bang TN 12000 Einweg-Vape Spezifikationen<\/h3>\n<table>\n<thead>\n<tr>\n<th><strong>Merkmal<\/strong><\/th>\n<th><strong>Spezifikation<\/strong><\/th>\n<\/tr>\n<\/thead>\n<tbody>\n<tr>\n<td>Batteriekapazit\u00e4t<\/td>\n<td>650mAh<\/td>\n<\/tr>\n<tr>\n<td>E-Liquid Kapazit\u00e4t<\/td>\n<td>20ml<\/td>\n<\/tr>\n<tr>\n<td>Nikotinst\u00e4rke<\/td>\n<td>0%, 2%, 3%, 5% (Standard)<\/td>\n<\/tr>\n<tr>\n<td>Puffs<\/td>\n<td>Bis zu 12000 Z\u00fcge<\/td>\n<\/tr>\n<tr>\n<td>Preisspanne<\/td>\n<td>$26-$29<\/td>\n<\/tr>\n<tr>\n<td>\u00c4u\u00dfere Abmessungen der Box<\/td>\n<td>18,8 kg\/200 St\u00fcck<\/td>\n<\/tr>\n<\/tbody>\n<\/table>\n<h3>Wesentliche Merkmale:<\/h3>\n<ul>\n<li><strong>Umfangreiche Geschmacksauswahl:<\/strong> Das Angebot umfasst 12 einzigartige und k\u00f6stliche Geschmacksrichtungen f\u00fcr jeden Geschmack.<\/li>\n<li><strong>Langlebige Batterie:<\/strong> Ein robuster 650mAh-Akku sorgt daf\u00fcr, dass Sie bis zu 12000 Z\u00fcge pro Ger\u00e4t genie\u00dfen k\u00f6nnen.<\/li>\n<li><strong>Variable Nikotinoptionen:<\/strong> Erh\u00e4ltlich in den Nikotinkonzentrationen 0%, 0,2% und 3,5%, die sowohl f\u00fcr leichte als auch f\u00fcr regelm\u00e4\u00dfige Nutzer geeignet sind.<\/li>\n<li><strong>Gro\u00dfe E-Liquid-Kapazit\u00e4t:<\/strong> Jeder Vape enth\u00e4lt 20 ml E-Liquid, was den Bedarf an h\u00e4ufigen Nachf\u00fcllungen minimiert.<\/li>\n<li><strong>Kompakt und tragbar:<\/strong> Trotz seiner starken Leistung ist das Ger\u00e4t so konzipiert, dass es tragbar und leicht zu transportieren ist.<\/li>\n<\/ul>\n<h3>Warum Bang TN 12000 w\u00e4hlen?<\/h3>\n<p>Die Bang TN 12000 zeichnet sich durch eine lange Akkulaufzeit und eine gro\u00dfe Kapazit\u00e4t an E-Liquid aus, was sie zu einer erstklassigen Wahl f\u00fcr ernsthafte Dampfer macht. Er bietet eine breite Palette von Aromen f\u00fcr jeden Geschmack, von fruchtig und erfrischend bis hin zu k\u00fchl und belebend. Die erh\u00f6hte Puffanzahl garantiert ein lang anhaltendes Dampferlebnis, perfekt f\u00fcr alle, die sowohl Geschmack als auch Komfort sch\u00e4tzen.<\/p>","protected":false},"excerpt":{"rendered":"<p>Der Bang TN 12000 kombiniert Tragbarkeit mit hoher Dampfleistung und verf\u00fcgt \u00fcber ein robustes Tanksystem und ein elegantes Finish. Entwickelt f\u00fcr Zuverl\u00e4ssigkeit, ist es eine Top-Auswahl f\u00fcr Bulk-Inventar braucht.<\/p>","protected":false},"featured_media":8880,"comment_status":"open","ping_status":"closed","template":"","meta":[],"product_brand":[],"product_cat":[481,22],"product_tag":[31],"class_list":{"0":"post-8830","1":"product","2":"type-product","3":"status-publish","4":"has-post-thumbnail","6":"product_cat-bang","7":"product_cat-disposable-vape-sticks","8":"product_tag-bang","10":"first","11":"instock","12":"shipping-taxable","13":"purchasable","14":"product-type-simple"},"jetpack_sharing_enabled":true,"tiered_pricing_type":"fixed","tiered_pricing_fixed_rules":[],"tiered_pricing_product_settings":{"layout":"default","base_unit_name":{"singular":null,"plural":null},"default_variation":null},"tiered_pricing_minimum_quantity":30,"tiered_pricing_roles_data":[],"tiered_pricing_percentage_rules":[],"tiered_pricing_maximum_quantity":null,"tiered_pricing_quantity_step":"10","_links":{"self":[{"href":"https:\/\/cloudsupplyvapes.com\/de\/wp-json\/wp\/v2\/product\/8830","targetHints":{"allow":["GET"]}}],"collection":[{"href":"https:\/\/cloudsupplyvapes.com\/de\/wp-json\/wp\/v2\/product"}],"about":[{"href":"https:\/\/cloudsupplyvapes.com\/de\/wp-json\/wp\/v2\/types\/product"}],"replies":[{"embeddable":true,"href":"https:\/\/cloudsupplyvapes.com\/de\/wp-json\/wp\/v2\/comments?post=8830"}],"wp:featuredmedia":[{"embeddable":true,"href":"https:\/\/cloudsupplyvapes.com\/de\/wp-json\/wp\/v2\/media\/8880"}],"wp:attachment":[{"href":"https:\/\/cloudsupplyvapes.com\/de\/wp-json\/wp\/v2\/media?parent=8830"}],"wp:term":[{"taxonomy":"product_brand","embeddable":true,"href":"https:\/\/cloudsupplyvapes.com\/de\/wp-json\/wp\/v2\/product_brand?post=8830"},{"taxonomy":"product_cat","embeddable":true,"href":"https:\/\/cloudsupplyvapes.com\/de\/wp-json\/wp\/v2\/product_cat?post=8830"},{"taxonomy":"product_tag","embeddable":true,"href":"https:\/\/cloudsupplyvapes.com\/de\/wp-json\/wp\/v2\/product_tag?post=8830"}],"curies":[{"name":"wp","href":"https:\/\/api.w.org\/{rel}","templated":true}]}}