{"id":8831,"date":"2024-10-19T03:02:46","date_gmt":"2024-10-19T03:02:46","guid":{"rendered":"https:\/\/cloudsupplyvapes.com\/?post_type=product&#038;p=8831"},"modified":"2024-11-19T06:54:14","modified_gmt":"2024-11-19T06:54:14","slug":"-267","status":"publish","type":"product","link":"https:\/\/cloudsupplyvapes.com\/de\/product\/bang-tornado-12000-12000-puff-disposable-vape-wholesale\/","title":{"rendered":"Bang Tornado 12000 Puffs Disposable Vape Gro\u00dfhandel - Kompaktes Design, 12.000 Puffs, langlebige Build f\u00fcr Gro\u00dfhandel"},"content":{"rendered":"<h2>Verf\u00fcgbare Geschmacksrichtungen:<\/h2>\n<ol>\n<li>Blaubeereis<\/li>\n<li>Wassermelonen-Blaspistole<\/li>\n<li>Blaues Razzeis<\/li>\n<li>K\u00f6nigliche Traube<\/li>\n<li>Wassermelone Eis<\/li>\n<li>Saurer Apfel Razberry<\/li>\n<li>Pfirsich Mango Wassermelone<\/li>\n<li>Erdbeer-Kiwi<\/li>\n<li>Kiwi Passionsfrucht Guave<\/li>\n<li>Erdbeere Wassermelone<\/li>\n<li>Erdbeersaft<\/li>\n<li>Schwarzer Drache Eis<\/li>\n<li>Himbeer-Wassermelone<\/li>\n<li>Erdbeere-Wassermelone-Melone<\/li>\n<li>Pfirsich-Eis<\/li>\n<li>Gemischtes Obst<\/li>\n<li>Erdbeere-Himbeere<\/li>\n<li>Heidelbeere, Kirsche, Preiselbeere<\/li>\n<li>Erdbeere-Mango<\/li>\n<li>Kirsche-Pfirsich-Limonade<\/li>\n<\/ol>\n<h3>Bang Tornado 12000 Einweg-Vape Spezifikationen<\/h3>\n<table>\n<thead>\n<tr>\n<th><strong>Merkmal<\/strong><\/th>\n<th><strong>Spezifikation<\/strong><\/th>\n<\/tr>\n<\/thead>\n<tbody>\n<tr>\n<td>Batteriekapazit\u00e4t<\/td>\n<td>650mAh<\/td>\n<\/tr>\n<tr>\n<td>E-Liquid Kapazit\u00e4t<\/td>\n<td>20ml<\/td>\n<\/tr>\n<tr>\n<td>Nikotinst\u00e4rke<\/td>\n<td>0%, 2%, 3%, 5% (Standard)<\/td>\n<\/tr>\n<tr>\n<td>Puffs<\/td>\n<td>Bis zu 12000 Z\u00fcge<\/td>\n<\/tr>\n<tr>\n<td>Preisspanne<\/td>\n<td>$26-$29<\/td>\n<\/tr>\n<tr>\n<td>\u00c4u\u00dfere Abmessungen der Box<\/td>\n<td>42x41x19 cm; 18,85 kg\/200 St\u00fcck<\/td>\n<\/tr>\n<\/tbody>\n<\/table>\n<h3>Wesentliche Merkmale:<\/h3>\n<ul>\n<li><strong>Riesige Geschmacksauswahl:<\/strong> Eine vielf\u00e4ltige Auswahl von 22 Geschmacksrichtungen bietet f\u00fcr jede Vorliebe etwas.<\/li>\n<li><strong>Verl\u00e4ngerte Batterielebensdauer:<\/strong> Der 650-mAh-Akku sorgt f\u00fcr eine lange Nutzungsdauer ohne h\u00e4ufiges Aufladen.<\/li>\n<li><strong>Hohes E-Liquid-Volumen:<\/strong> 20 ml Fassungsverm\u00f6gen erm\u00f6glichen eine lange Verdampfungszeit von bis zu 12.000 Z\u00fcgen pro Ger\u00e4t.<\/li>\n<li><strong>Flexible Nikotinoptionen:<\/strong> Der Nikotingehalt ist auf die individuellen Vorlieben abgestimmt und reicht von nikotinfrei bis 3,5%.<\/li>\n<li><strong>Tragbar und kompakt:<\/strong> Ideal f\u00fcr das Dampfen unterwegs und bietet sowohl Komfort als auch Stil.<\/li>\n<\/ul>\n<h3>Warum der Bang Tornado 12000?<\/h3>\n<p>F\u00fcr Dampfer, die au\u00dfergew\u00f6hnliche Leistung und Geschmacksvielfalt suchen, bietet der Bang Tornado 12000 ein \u00fcberragendes Dampferlebnis. Seine umfangreiche Auswahl an Aromen, kombiniert mit hoher Kapazit\u00e4t specs, macht es eine f\u00fchrende Wahl in Einweg-Vapes, Catering f\u00fcr alle vaping Enthusiasten.<\/p>","protected":false},"excerpt":{"rendered":"<p>Der Bang Tornado liefert eine starke Dampfproduktion mit minimalem Aufwand. Seine ergonomische Konstruktion und die reibungslose Bedienung machen ihn ideal f\u00fcr Gro\u00dfabnehmer, die nach Qualit\u00e4tsger\u00e4ten suchen.<\/p>","protected":false},"featured_media":8881,"comment_status":"open","ping_status":"closed","template":"","meta":[],"product_brand":[],"product_cat":[481,22],"product_tag":[31],"class_list":{"0":"post-8831","1":"product","2":"type-product","3":"status-publish","4":"has-post-thumbnail","6":"product_cat-bang","7":"product_cat-disposable-vape-sticks","8":"product_tag-bang","10":"first","11":"instock","12":"shipping-taxable","13":"purchasable","14":"product-type-simple"},"jetpack_sharing_enabled":true,"tiered_pricing_type":"fixed","tiered_pricing_fixed_rules":[],"tiered_pricing_product_settings":{"layout":"default","base_unit_name":{"singular":null,"plural":null},"default_variation":null},"tiered_pricing_minimum_quantity":30,"tiered_pricing_roles_data":[],"tiered_pricing_percentage_rules":[],"tiered_pricing_maximum_quantity":null,"tiered_pricing_quantity_step":"10","_links":{"self":[{"href":"https:\/\/cloudsupplyvapes.com\/de\/wp-json\/wp\/v2\/product\/8831","targetHints":{"allow":["GET"]}}],"collection":[{"href":"https:\/\/cloudsupplyvapes.com\/de\/wp-json\/wp\/v2\/product"}],"about":[{"href":"https:\/\/cloudsupplyvapes.com\/de\/wp-json\/wp\/v2\/types\/product"}],"replies":[{"embeddable":true,"href":"https:\/\/cloudsupplyvapes.com\/de\/wp-json\/wp\/v2\/comments?post=8831"}],"wp:featuredmedia":[{"embeddable":true,"href":"https:\/\/cloudsupplyvapes.com\/de\/wp-json\/wp\/v2\/media\/8881"}],"wp:attachment":[{"href":"https:\/\/cloudsupplyvapes.com\/de\/wp-json\/wp\/v2\/media?parent=8831"}],"wp:term":[{"taxonomy":"product_brand","embeddable":true,"href":"https:\/\/cloudsupplyvapes.com\/de\/wp-json\/wp\/v2\/product_brand?post=8831"},{"taxonomy":"product_cat","embeddable":true,"href":"https:\/\/cloudsupplyvapes.com\/de\/wp-json\/wp\/v2\/product_cat?post=8831"},{"taxonomy":"product_tag","embeddable":true,"href":"https:\/\/cloudsupplyvapes.com\/de\/wp-json\/wp\/v2\/product_tag?post=8831"}],"curies":[{"name":"wp","href":"https:\/\/api.w.org\/{rel}","templated":true}]}}