{"id":8832,"date":"2024-10-19T03:02:46","date_gmt":"2024-10-19T03:02:46","guid":{"rendered":"https:\/\/cloudsupplyvapes.com\/?post_type=product&#038;p=8832"},"modified":"2024-11-19T06:54:04","modified_gmt":"2024-11-19T06:54:04","slug":"-268","status":"publish","type":"product","link":"https:\/\/cloudsupplyvapes.com\/de\/product\/bang-king-12000-12000-puff-disposable-vape-wholesale\/","title":{"rendered":"Bang King 12000 Puffs Einweg Vape Gro\u00dfhandel - 12.000 Puffs, langlebige Batterie, hohe Kapazit\u00e4t f\u00fcr Gro\u00dfbestellungen"},"content":{"rendered":"<h2>Verf\u00fcgbare Geschmacksrichtungen:<\/h2>\n<ol>\n<li>Ananas-Kokosnuss-Eis<\/li>\n<li>Wassermelone Bubblegum<\/li>\n<li>Dreifach-Beereneis<\/li>\n<li>Pfirsich-Eis<\/li>\n<li>Granatapfel<\/li>\n<li>Blaues Razzeis<\/li>\n<li>Erdbeere Wassermelone<\/li>\n<li>Melone-Minze<\/li>\n<li>Regenbogen-Sherbert<\/li>\n<li>Erdbeer-Mango<\/li>\n<li>K\u00f6nigliche Traube<\/li>\n<li>Leidenschaftlicher Kuss<\/li>\n<li>Doppelter Apfel<\/li>\n<li>Pfirsich-Mango<\/li>\n<li>Erdbeer-Kiwi<\/li>\n<li>Wassermelone Eis<\/li>\n<li>Melone Blau<\/li>\n<li>Liebe 66<\/li>\n<li>Sex am Strand<\/li>\n<li>Pfirsich Beere<\/li>\n<\/ol>\n<h3>Bang King 12000 Einweg-Vape Spezifikationen<\/h3>\n<table>\n<thead>\n<tr>\n<th><strong>Merkmal<\/strong><\/th>\n<th><strong>Spezifikation<\/strong><\/th>\n<\/tr>\n<\/thead>\n<tbody>\n<tr>\n<td>Batteriekapazit\u00e4t<\/td>\n<td>650mAh<\/td>\n<\/tr>\n<tr>\n<td>E-Liquid Kapazit\u00e4t<\/td>\n<td>23ml<\/td>\n<\/tr>\n<tr>\n<td>Nikotinst\u00e4rke<\/td>\n<td>0%, 2%, 3%, 5% (Standard)<\/td>\n<\/tr>\n<tr>\n<td>Puffs<\/td>\n<td>Bis zu 12000 Z\u00fcge<\/td>\n<\/tr>\n<tr>\n<td>\u00c4u\u00dfere Abmessungen der Box<\/td>\n<td>49,0\u00d748,0x26,0 cm; 20,7 kg\/200 St\u00fcck<\/td>\n<\/tr>\n<\/tbody>\n<\/table>\n<h3>Wesentliche Merkmale:<\/h3>\n<ul>\n<li><strong>Gro\u00dfe Vielfalt an Geschmacksrichtungen:<\/strong> Mit 20 einzigartigen und aufregenden Geschmacksrichtungen ist f\u00fcr jede Geschmacksvorliebe etwas dabei.<\/li>\n<li><strong>Verbesserte Batterielebensdauer:<\/strong> Ausgestattet mit einem 650mAh-Akku, erm\u00f6glicht dieser Vape eine verl\u00e4ngerte Nutzung von bis zu 12000 Z\u00fcgen.<\/li>\n<li><strong>Gro\u00dfe E-Liquid-Kapazit\u00e4t:<\/strong> Jeder Vape enth\u00e4lt 23 ml E-Liquid, so dass weniger h\u00e4ufig nachgef\u00fcllt werden muss.<\/li>\n<li><strong>Vielf\u00e4ltige Nikotinoptionen:<\/strong> Ma\u00dfgeschneidert f\u00fcr verschiedene Nutzerbed\u00fcrfnisse, von nikotinfrei bis zu einer Konzentration von 3,5%.<\/li>\n<li><strong>Tragbares Design:<\/strong> Trotz seiner hohen Kapazit\u00e4t ist er leicht zu transportieren und damit perfekt f\u00fcr das Dampfen unterwegs.<\/li>\n<\/ul>\n<h3>Warum Bang King 12000 w\u00e4hlen?<\/h3>\n<p>Der Bang King 12000 ist f\u00fcr diejenigen gedacht, die sowohl Vielfalt als auch Volumen in ihrem Dampferlebnis suchen. Mit seiner umfangreichen Auswahl an Aromen und leistungsstarken Spezifikationen ist er die ideale Wahl f\u00fcr Gelegenheits- und passionierte Dampfer gleicherma\u00dfen.<\/p>","protected":false},"excerpt":{"rendered":"<p>Bang King 12000 bietet ein raffiniertes Dampferlebnis mit pr\u00e4zisionsgefertigtem Luftstrom und einem kompakten Design. Sein leichter Rahmen sorgt f\u00fcr Komfort bei Gro\u00dfbestellungen.<\/p>","protected":false},"featured_media":8882,"comment_status":"open","ping_status":"closed","template":"","meta":[],"product_brand":[],"product_cat":[481,22],"product_tag":[31],"class_list":{"0":"post-8832","1":"product","2":"type-product","3":"status-publish","4":"has-post-thumbnail","6":"product_cat-bang","7":"product_cat-disposable-vape-sticks","8":"product_tag-bang","10":"first","11":"instock","12":"shipping-taxable","13":"purchasable","14":"product-type-simple"},"jetpack_sharing_enabled":true,"tiered_pricing_type":"fixed","tiered_pricing_fixed_rules":[],"tiered_pricing_product_settings":{"layout":"default","base_unit_name":{"singular":null,"plural":null},"default_variation":null},"tiered_pricing_minimum_quantity":10,"tiered_pricing_roles_data":[],"tiered_pricing_percentage_rules":[],"tiered_pricing_maximum_quantity":null,"tiered_pricing_quantity_step":"10","_links":{"self":[{"href":"https:\/\/cloudsupplyvapes.com\/de\/wp-json\/wp\/v2\/product\/8832","targetHints":{"allow":["GET"]}}],"collection":[{"href":"https:\/\/cloudsupplyvapes.com\/de\/wp-json\/wp\/v2\/product"}],"about":[{"href":"https:\/\/cloudsupplyvapes.com\/de\/wp-json\/wp\/v2\/types\/product"}],"replies":[{"embeddable":true,"href":"https:\/\/cloudsupplyvapes.com\/de\/wp-json\/wp\/v2\/comments?post=8832"}],"wp:featuredmedia":[{"embeddable":true,"href":"https:\/\/cloudsupplyvapes.com\/de\/wp-json\/wp\/v2\/media\/8882"}],"wp:attachment":[{"href":"https:\/\/cloudsupplyvapes.com\/de\/wp-json\/wp\/v2\/media?parent=8832"}],"wp:term":[{"taxonomy":"product_brand","embeddable":true,"href":"https:\/\/cloudsupplyvapes.com\/de\/wp-json\/wp\/v2\/product_brand?post=8832"},{"taxonomy":"product_cat","embeddable":true,"href":"https:\/\/cloudsupplyvapes.com\/de\/wp-json\/wp\/v2\/product_cat?post=8832"},{"taxonomy":"product_tag","embeddable":true,"href":"https:\/\/cloudsupplyvapes.com\/de\/wp-json\/wp\/v2\/product_tag?post=8832"}],"curies":[{"name":"wp","href":"https:\/\/api.w.org\/{rel}","templated":true}]}}