{"id":8833,"date":"2024-10-19T03:02:46","date_gmt":"2024-10-19T03:02:46","guid":{"rendered":"https:\/\/cloudsupplyvapes.com\/?post_type=product&#038;p=8833"},"modified":"2024-11-19T06:53:54","modified_gmt":"2024-11-19T06:53:54","slug":"-269","status":"publish","type":"product","link":"https:\/\/cloudsupplyvapes.com\/de\/product\/bang-digital-15000-15000-puff-disposable-vape-wholesale\/","title":{"rendered":"Bang Digital 15000 Puffs Einweg Vape Gro\u00dfhandel - Digital Display, 15.000 Puffs, lange Lebensdauer der Batterie, Bulk Vape Pods"},"content":{"rendered":"<h2>Verf\u00fcgbare Geschmacksrichtungen:<\/h2>\n<ol>\n<li>Blauer Frost<\/li>\n<li>Beeren-Explosion<\/li>\n<li>Blaue Kirsche Zitrone<\/li>\n<li>Pfirsich-Eis<\/li>\n<li>Trauben-Eis<\/li>\n<li>Pfirsich Beere<\/li>\n<li>Saurer Apfel-Himbeere<\/li>\n<li>Dreifach-Frucht<\/li>\n<li>\u00dcppiges Eis<\/li>\n<li>Erdbeere Wassermelone<\/li>\n<li>K\u00fchle Minze<\/li>\n<li>Erdbeer-Litschi<\/li>\n<\/ol>\n<h3>Bang Digital 15000 Einweg-Vape \u2013 Technische Daten<\/h3>\n<table>\n<thead>\n<tr>\n<th><strong>Merkmal<\/strong><\/th>\n<th><strong>Spezifikation<\/strong><\/th>\n<\/tr>\n<\/thead>\n<tbody>\n<tr>\n<td>Batteriekapazit\u00e4t<\/td>\n<td>500mAh<\/td>\n<\/tr>\n<tr>\n<td>E-Liquid Kapazit\u00e4t<\/td>\n<td>23ml<\/td>\n<\/tr>\n<tr>\n<td>Nikotinst\u00e4rke<\/td>\n<td>0%, 2%, 3%, 5% (Standard)<\/td>\n<\/tr>\n<tr>\n<td>Puffs<\/td>\n<td>Bis zu 15000 Z\u00fcge<\/td>\n<\/tr>\n<tr>\n<td>Zus\u00e4tzliche Funktion<\/td>\n<td>Digitale Anzeige<\/td>\n<\/tr>\n<tr>\n<td>Gewicht der Au\u00dfenverpackung<\/td>\n<td>16,8 kg\/200 St\u00fcck<\/td>\n<\/tr>\n<\/tbody>\n<\/table>\n<h3>Wesentliche Merkmale:<\/h3>\n<ul>\n<li><strong>Vielf\u00e4ltige Geschmacksrichtungen:<\/strong> Eine Auswahl von 12 frischen Geschmacksrichtungen, von fruchtig bis minzig, f\u00fcr jeden Geschmack.<\/li>\n<li><strong>Hochleistungsakku:<\/strong> Trotz seiner kompakten Gr\u00f6\u00dfe unterst\u00fctzt der 500-mAh-Akku bis zu 15.000 Z\u00fcge.<\/li>\n<li><strong>Erhebliches E-Liquid-Volumen:<\/strong> Jedes Ger\u00e4t ist mit 23 ml E-Liquid vorgef\u00fcllt, um l\u00e4ngere Dampfsessions zu erm\u00f6glichen.<\/li>\n<li><strong>Einstellbare Nikotinst\u00e4rken:<\/strong> Erh\u00e4ltlich in verschiedenen Nikotinst\u00e4rken, um individuellen Vorlieben gerecht zu werden.<\/li>\n<li><strong>Innovatives Digitaldisplay:<\/strong> Verbessert die Benutzererfahrung durch Bereitstellung von Nutzungsdaten in Echtzeit.<\/li>\n<\/ul>\n<h3>Warum sollten Sie sich f\u00fcr Bang Digital 15000 entscheiden?<\/h3>\n<p>Der Bang Digital 15000 ist ideal f\u00fcr Vaper, die Technologie mit Komfort sch\u00e4tzen. Das digitale Display bietet einen modernen Touch und erm\u00f6glicht es Benutzern, ihre Vaping-Gewohnheiten zu verfolgen, w\u00e4hrend sie eine Vielzahl reichhaltiger Aromen und ein lang anhaltendes Vape-Erlebnis genie\u00dfen.<\/p>","protected":false},"excerpt":{"rendered":"<p>Bang Digital 15000 verf\u00fcgt \u00fcber ein intuitives Display f\u00fcr Echtzeit-Tracking und optimierten Batterieverbrauch. Sein schlankes Design macht es zu einem Favoriten f\u00fcr technisch versierte Nutzer und Gro\u00dfh\u00e4ndler.<\/p>","protected":false},"featured_media":8883,"comment_status":"open","ping_status":"closed","template":"","meta":[],"product_brand":[],"product_cat":[481,22],"product_tag":[31],"class_list":{"0":"post-8833","1":"product","2":"type-product","3":"status-publish","4":"has-post-thumbnail","6":"product_cat-bang","7":"product_cat-disposable-vape-sticks","8":"product_tag-bang","10":"first","11":"instock","12":"shipping-taxable","13":"purchasable","14":"product-type-simple"},"jetpack_sharing_enabled":true,"tiered_pricing_type":"fixed","tiered_pricing_fixed_rules":[],"tiered_pricing_product_settings":{"layout":"default","base_unit_name":{"singular":null,"plural":null},"default_variation":null},"tiered_pricing_minimum_quantity":null,"tiered_pricing_roles_data":[],"tiered_pricing_percentage_rules":[],"tiered_pricing_maximum_quantity":null,"tiered_pricing_quantity_step":null,"_links":{"self":[{"href":"https:\/\/cloudsupplyvapes.com\/de\/wp-json\/wp\/v2\/product\/8833","targetHints":{"allow":["GET"]}}],"collection":[{"href":"https:\/\/cloudsupplyvapes.com\/de\/wp-json\/wp\/v2\/product"}],"about":[{"href":"https:\/\/cloudsupplyvapes.com\/de\/wp-json\/wp\/v2\/types\/product"}],"replies":[{"embeddable":true,"href":"https:\/\/cloudsupplyvapes.com\/de\/wp-json\/wp\/v2\/comments?post=8833"}],"wp:featuredmedia":[{"embeddable":true,"href":"https:\/\/cloudsupplyvapes.com\/de\/wp-json\/wp\/v2\/media\/8883"}],"wp:attachment":[{"href":"https:\/\/cloudsupplyvapes.com\/de\/wp-json\/wp\/v2\/media?parent=8833"}],"wp:term":[{"taxonomy":"product_brand","embeddable":true,"href":"https:\/\/cloudsupplyvapes.com\/de\/wp-json\/wp\/v2\/product_brand?post=8833"},{"taxonomy":"product_cat","embeddable":true,"href":"https:\/\/cloudsupplyvapes.com\/de\/wp-json\/wp\/v2\/product_cat?post=8833"},{"taxonomy":"product_tag","embeddable":true,"href":"https:\/\/cloudsupplyvapes.com\/de\/wp-json\/wp\/v2\/product_tag?post=8833"}],"curies":[{"name":"wp","href":"https:\/\/api.w.org\/{rel}","templated":true}]}}