{"id":8858,"date":"2024-10-19T03:03:08","date_gmt":"2024-10-19T03:03:08","guid":{"rendered":"https:\/\/cloudsupplyvapes.com\/?post_type=product&#038;p=8858"},"modified":"2024-11-19T06:53:03","modified_gmt":"2024-11-19T06:53:03","slug":"-270","status":"publish","type":"product","link":"https:\/\/cloudsupplyvapes.com\/de\/product\/bang-shisha-15000-15000-puff-disposable-vape-wholesale\/","title":{"rendered":"Bang Shisha 15000 Puffs Einweg Vape Gro\u00dfhandel - 15.000 Puffs, Shisha-Stil, wiederaufladbar, Premium-Pods in Bulk"},"content":{"rendered":"<h2>Verf\u00fcgbare Geschmacksrichtungen:<\/h2>\n<ol>\n<li>Blaubeereis<\/li>\n<li>Blaues Razzeis<\/li>\n<li>Cherry Watermelon<\/li>\n<li>Gefrorener Apfel<\/li>\n<li>Kaugummi-Minze<\/li>\n<li>Mango-Banane<\/li>\n<li>Mix Berry Ice<\/li>\n<li>Ananas-Kokosnuss<\/li>\n<li>Red Berry Slush<\/li>\n<li>Kiwi Passionsfrucht Guave<\/li>\n<li>Cranberry Traube<\/li>\n<li>Erdbeereis<\/li>\n<li>Erdbeer-Kiwi<\/li>\n<li>Erdbeer-Himbeer-Bonbon<\/li>\n<li>Wassermelone Eis<\/li>\n<li>Juicy Peaches<\/li>\n<li>Liebe 66<\/li>\n<li>Pfirsich-Mango<\/li>\n<li>Red Bull<\/li>\n<li>Watermelon Strawberry Bubblegum<\/li>\n<\/ol>\n<h3>Bang SHISHA 15000 Disposable Vape Specifications<\/h3>\n<table>\n<thead>\n<tr>\n<th><strong>Merkmal<\/strong><\/th>\n<th><strong>Spezifikation<\/strong><\/th>\n<\/tr>\n<\/thead>\n<tbody>\n<tr>\n<td>Batteriekapazit\u00e4t<\/td>\n<td>600mAh<\/td>\n<\/tr>\n<tr>\n<td>E-Liquid Kapazit\u00e4t<\/td>\n<td>23ml<\/td>\n<\/tr>\n<tr>\n<td>Nikotinst\u00e4rke<\/td>\n<td>0%, 2%, 3%, 5% (Standard)<\/td>\n<\/tr>\n<tr>\n<td>Puffs<\/td>\n<td>Bis zu 15000 Z\u00fcge<\/td>\n<\/tr>\n<tr>\n<td>Vaping-Stil<\/td>\n<td>Direct to Lung<\/td>\n<\/tr>\n<tr>\n<td>\u00c4u\u00dfere Abmessungen der Box<\/td>\n<td>41.5&#215;40.5&#215;29.5 cm; 20.4 kg\/200 pcs<\/td>\n<\/tr>\n<\/tbody>\n<\/table>\n<h3>Wesentliche Merkmale:<\/h3>\n<ul>\n<li><strong>Umfangreiche Geschmacksauswahl:<\/strong> Offering 20 diverse flavors, from refreshing fruits to indulgent desserts.<\/li>\n<li><strong>Verbesserte Batterielebensdauer:<\/strong> A powerful 600mAh battery supports extensive usage up to 15000 puffs.<\/li>\n<li><strong>Gro\u00dfz\u00fcgige E-Liquid-Kapazit\u00e4t:<\/strong> Pre-filled with 23ml of e-liquid, it ensures prolonged vaping sessions.<\/li>\n<li><strong>Variabler Nikotingehalt:<\/strong> Tailored to meet varying user preferences from nicotine-free to 3.5%.<\/li>\n<li><strong>Direct to Lung Vaping:<\/strong> Designed for a richer and fuller vaping experience, mimicking traditional shisha.<\/li>\n<\/ul>\n<h3>Why Choose Bang SHISHA 15000?<\/h3>\n<p>The Bang SHISHA 15000 brings the authentic shisha experience in a portable format, making it ideal for those who enjoy deep, rich flavors and direct lung hits. Its vast flavor palette and robust specifications make it a standout choice for discerning vapers.<\/p>","protected":false},"excerpt":{"rendered":"<p>Bang Shisha 15000 delivers a true shisha experience with enhanced flavor profiles and a durable tank system. Ideal for wholesale markets targeting premium vaping audiences.<\/p>","protected":false},"featured_media":8884,"comment_status":"open","ping_status":"closed","template":"","meta":[],"product_brand":[],"product_cat":[481,22],"product_tag":[31],"class_list":{"0":"post-8858","1":"product","2":"type-product","3":"status-publish","4":"has-post-thumbnail","6":"product_cat-bang","7":"product_cat-disposable-vape-sticks","8":"product_tag-bang","10":"first","11":"instock","12":"shipping-taxable","13":"purchasable","14":"product-type-simple"},"jetpack_sharing_enabled":true,"tiered_pricing_type":"fixed","tiered_pricing_fixed_rules":[],"tiered_pricing_product_settings":{"layout":"default","base_unit_name":{"singular":null,"plural":null},"default_variation":null},"tiered_pricing_minimum_quantity":10,"tiered_pricing_roles_data":[],"tiered_pricing_percentage_rules":[],"tiered_pricing_maximum_quantity":null,"tiered_pricing_quantity_step":"10","_links":{"self":[{"href":"https:\/\/cloudsupplyvapes.com\/de\/wp-json\/wp\/v2\/product\/8858","targetHints":{"allow":["GET"]}}],"collection":[{"href":"https:\/\/cloudsupplyvapes.com\/de\/wp-json\/wp\/v2\/product"}],"about":[{"href":"https:\/\/cloudsupplyvapes.com\/de\/wp-json\/wp\/v2\/types\/product"}],"replies":[{"embeddable":true,"href":"https:\/\/cloudsupplyvapes.com\/de\/wp-json\/wp\/v2\/comments?post=8858"}],"wp:featuredmedia":[{"embeddable":true,"href":"https:\/\/cloudsupplyvapes.com\/de\/wp-json\/wp\/v2\/media\/8884"}],"wp:attachment":[{"href":"https:\/\/cloudsupplyvapes.com\/de\/wp-json\/wp\/v2\/media?parent=8858"}],"wp:term":[{"taxonomy":"product_brand","embeddable":true,"href":"https:\/\/cloudsupplyvapes.com\/de\/wp-json\/wp\/v2\/product_brand?post=8858"},{"taxonomy":"product_cat","embeddable":true,"href":"https:\/\/cloudsupplyvapes.com\/de\/wp-json\/wp\/v2\/product_cat?post=8858"},{"taxonomy":"product_tag","embeddable":true,"href":"https:\/\/cloudsupplyvapes.com\/de\/wp-json\/wp\/v2\/product_tag?post=8858"}],"curies":[{"name":"wp","href":"https:\/\/api.w.org\/{rel}","templated":true}]}}