{"id":8859,"date":"2024-10-19T03:03:08","date_gmt":"2024-10-19T03:03:08","guid":{"rendered":"https:\/\/cloudsupplyvapes.com\/?post_type=product&#038;p=8859"},"modified":"2024-11-19T06:52:54","modified_gmt":"2024-11-19T06:52:54","slug":"-271","status":"publish","type":"product","link":"https:\/\/cloudsupplyvapes.com\/de\/product\/bang-rocket-9000-18000-puff-disposable-vape-wholesale\/","title":{"rendered":"Bang Rocket 9000-18000 Puffs Einweg Vape Gro\u00dfhandel - Rocket Design, 18.000 Puffs, 15mL Kapazit\u00e4t, Bulk Ready"},"content":{"rendered":"<h2>Verf\u00fcgbare Geschmacksrichtungen:<\/h2>\n<ol>\n<li>Launische Bombe<\/li>\n<li>Saftiges Pfirsicheis<\/li>\n<li>Tropische Fr\u00fcchte<\/li>\n<li>Traubeneis<\/li>\n<li>Pfirsich-Mango<\/li>\n<li>Erdbeere-Banane<\/li>\n<li>Erdbeer-Mango<\/li>\n<li>Dreifach-Beereneis<\/li>\n<li>Erdbeere Wassermelone<\/li>\n<li>Wassermelone Eis<\/li>\n<li>Blaues Razzeis<\/li>\n<li>Saurer Apfel Eis<\/li>\n<\/ol>\n<h3>Bang Rocket 9000-18000 Einweg-Vape Spezifikationen<\/h3>\n<table>\n<thead>\n<tr>\n<th><strong>Merkmal<\/strong><\/th>\n<th><strong>Spezifikation<\/strong><\/th>\n<\/tr>\n<\/thead>\n<tbody>\n<tr>\n<td>Batteriekapazit\u00e4t<\/td>\n<td>650mAh<\/td>\n<\/tr>\n<tr>\n<td>E-Liquid Kapazit\u00e4t<\/td>\n<td>20ml<\/td>\n<\/tr>\n<tr>\n<td>Nikotinst\u00e4rke<\/td>\n<td>0%, 2%, 3%, 5% (Standard)<\/td>\n<\/tr>\n<tr>\n<td>Spule Typ<\/td>\n<td>Doppelte Masche<\/td>\n<\/tr>\n<tr>\n<td>Puffs<\/td>\n<td>9000-18000 Z\u00fcge<\/td>\n<\/tr>\n<tr>\n<td>\u00c4u\u00dfere Abmessungen der Box<\/td>\n<td>64,5\u00d737,0x37,0 cm; 20,2 kg\/200 St\u00fcck<\/td>\n<\/tr>\n<\/tbody>\n<\/table>\n<h3>Wesentliche Merkmale:<\/h3>\n<ul>\n<li><strong>Vielseitiges Geschmacksspektrum:<\/strong> Eine kuratierte Auswahl von 12 Geschmacksrichtungen, von s\u00fc\u00df bis w\u00fcrzig und erfrischend, f\u00fcr alle Gaumen geeignet.<\/li>\n<li><strong>Flexible Puffanzahl:<\/strong> Sie bietet eine breite Palette von 9000 bis 18000 Z\u00fcgen, die sowohl f\u00fcr moderate als auch f\u00fcr starke Raucher geeignet sind.<\/li>\n<li><strong>Fortschrittliche Spulentechnologie:<\/strong> Ausgestattet mit doppelten Mesh-Spulen f\u00fcr eine sanftere und geschmackvollere Dampfproduktion.<\/li>\n<li><strong>Hohes E-Liquid-Volumen:<\/strong> Jedes Ger\u00e4t ist bereits mit 20 ml E-Liquid bef\u00fcllt, was die Langlebigkeit der Vape-Sessions erh\u00f6ht.<\/li>\n<li><strong>Anpassbare Nikotinwerte:<\/strong> Erh\u00e4ltlich in verschiedenen St\u00e4rken, die Optionen f\u00fcr Benutzer mit unterschiedlichen Nikotinpr\u00e4ferenzen bieten.<\/li>\n<\/ul>\n<h3>Warum die Bang Rocket 9000-18000?<\/h3>\n<p>Der Bang Rocket 9000-18000 ist eine Kombination aus Vielseitigkeit und Innovation. Er wurde f\u00fcr Dampfer entwickelt, die einen ausgiebigen Gebrauch und verschiedene Geschmacksrichtungen mit fortschrittlicher Spulentechnologie suchen. Die anpassungsf\u00e4hige Puffzahl und der robuste Akku sorgen f\u00fcr ein befriedigendes und lang anhaltendes Dampferlebnis.<\/p>","protected":false},"excerpt":{"rendered":"<p>Die Bang Rocket bietet mit ihrem schlanken Design und den anpassbaren Einstellungen vielseitiges Dampfen. Sie wurde sowohl f\u00fcr Anf\u00e4nger als auch f\u00fcr erfahrene Dampfer entwickelt und ist eine hervorragende Erg\u00e4nzung f\u00fcr Gro\u00dfh\u00e4ndler.<\/p>","protected":false},"featured_media":8885,"comment_status":"open","ping_status":"closed","template":"","meta":[],"product_brand":[],"product_cat":[481,22],"product_tag":[31],"class_list":{"0":"post-8859","1":"product","2":"type-product","3":"status-publish","4":"has-post-thumbnail","6":"product_cat-bang","7":"product_cat-disposable-vape-sticks","8":"product_tag-bang","10":"first","11":"instock","12":"shipping-taxable","13":"purchasable","14":"product-type-simple"},"jetpack_sharing_enabled":true,"tiered_pricing_type":"fixed","tiered_pricing_fixed_rules":[],"tiered_pricing_product_settings":{"layout":"default","base_unit_name":{"singular":null,"plural":null},"default_variation":null},"tiered_pricing_minimum_quantity":30,"tiered_pricing_roles_data":[],"tiered_pricing_percentage_rules":[],"tiered_pricing_maximum_quantity":null,"tiered_pricing_quantity_step":"10","_links":{"self":[{"href":"https:\/\/cloudsupplyvapes.com\/de\/wp-json\/wp\/v2\/product\/8859","targetHints":{"allow":["GET"]}}],"collection":[{"href":"https:\/\/cloudsupplyvapes.com\/de\/wp-json\/wp\/v2\/product"}],"about":[{"href":"https:\/\/cloudsupplyvapes.com\/de\/wp-json\/wp\/v2\/types\/product"}],"replies":[{"embeddable":true,"href":"https:\/\/cloudsupplyvapes.com\/de\/wp-json\/wp\/v2\/comments?post=8859"}],"wp:featuredmedia":[{"embeddable":true,"href":"https:\/\/cloudsupplyvapes.com\/de\/wp-json\/wp\/v2\/media\/8885"}],"wp:attachment":[{"href":"https:\/\/cloudsupplyvapes.com\/de\/wp-json\/wp\/v2\/media?parent=8859"}],"wp:term":[{"taxonomy":"product_brand","embeddable":true,"href":"https:\/\/cloudsupplyvapes.com\/de\/wp-json\/wp\/v2\/product_brand?post=8859"},{"taxonomy":"product_cat","embeddable":true,"href":"https:\/\/cloudsupplyvapes.com\/de\/wp-json\/wp\/v2\/product_cat?post=8859"},{"taxonomy":"product_tag","embeddable":true,"href":"https:\/\/cloudsupplyvapes.com\/de\/wp-json\/wp\/v2\/product_tag?post=8859"}],"curies":[{"name":"wp","href":"https:\/\/api.w.org\/{rel}","templated":true}]}}