{"id":8860,"date":"2024-10-19T03:03:08","date_gmt":"2024-10-19T03:03:08","guid":{"rendered":"https:\/\/cloudsupplyvapes.com\/?post_type=product&#038;p=8860"},"modified":"2024-11-19T06:52:44","modified_gmt":"2024-11-19T06:52:44","slug":"-272","status":"publish","type":"product","link":"https:\/\/cloudsupplyvapes.com\/de\/product\/bang-20000-puff-disposable-vape-wholesale\/","title":{"rendered":"Bang 20000 Puffs Einweg Vape Gro\u00dfhandel - 20.000 Puffs, wiederaufladbar, hohe Kapazit\u00e4t, langlebig Vape Pods in Bulk"},"content":{"rendered":"<h2>Verf\u00fcgbare Geschmacksrichtungen:<\/h2>\n<ol>\n<li>Blaubeereis<\/li>\n<li>Erdbeere Wassermelone<\/li>\n<li>Heidelbeere-Himbeere<\/li>\n<li>Traubeneis<\/li>\n<li>Wassermelone Eis<\/li>\n<li>Red Bull<\/li>\n<li>Gemischtes Obst<\/li>\n<li>Pfirsich-Eis<\/li>\n<li>Heidelbeere Wassermelone<\/li>\n<li>Erdbeer-Kiwi<\/li>\n<li>Minze<\/li>\n<li>Erdbeer-Litschi<\/li>\n<\/ol>\n<h3>Bang 20000 Einweg-Vape Spezifikationen<\/h3>\n<table>\n<thead>\n<tr>\n<th><strong>Merkmal<\/strong><\/th>\n<th><strong>Spezifikation<\/strong><\/th>\n<\/tr>\n<\/thead>\n<tbody>\n<tr>\n<td>Batteriekapazit\u00e4t<\/td>\n<td>550mAh<\/td>\n<\/tr>\n<tr>\n<td>E-Liquid Kapazit\u00e4t<\/td>\n<td>25ml<\/td>\n<\/tr>\n<tr>\n<td>Nikotinst\u00e4rke<\/td>\n<td>0%, 2%, 3%, 5% (Standard)<\/td>\n<\/tr>\n<tr>\n<td>Spule Typ<\/td>\n<td>Doppelte Masche<\/td>\n<\/tr>\n<tr>\n<td>Puffs<\/td>\n<td>Bis zu 20000 Z\u00fcge<\/td>\n<\/tr>\n<tr>\n<td>\u00c4u\u00dfere Abmessungen der Box<\/td>\n<td>43,0\u00d743,0x30,0 cm; 20,8 kg\/200 St\u00fcck<\/td>\n<\/tr>\n<\/tbody>\n<\/table>\n<h3>Wesentliche Merkmale:<\/h3>\n<ul>\n<li><strong>Umfangreiche Geschmacksvielfalt:<\/strong> W\u00e4hlen Sie aus 12 verschiedenen und erfrischenden Geschmacksrichtungen, die jeden Gaumen zufrieden stellen.<\/li>\n<li><strong>Langfristige Nutzung:<\/strong> Eine hohe Kapazit\u00e4t von bis zu 20000 Z\u00fcgen, ideal f\u00fcr l\u00e4ngere Vaping-Sessions.<\/li>\n<li><strong>Gro\u00dfes E-Liquid-Volumen:<\/strong> Vorgef\u00fcllt mit 25 ml E-Liquid, wodurch der Bedarf an h\u00e4ufigem Nachf\u00fcllen reduziert wird.<\/li>\n<li><strong>Fortschrittliches Spulensystem:<\/strong> Doppelte Mesh-Coils sorgen f\u00fcr ein sanfteres Dampfen und reichhaltigere Geschmacksprofile.<\/li>\n<li><strong>Mehrere Nikotinoptionen:<\/strong> Erh\u00e4ltlich in verschiedenen Nikotinst\u00e4rken, die sowohl f\u00fcr leichte als auch f\u00fcr regelm\u00e4\u00dfige Konsumenten geeignet sind.<\/li>\n<\/ul>\n<h3>Warum Bang 20000 w\u00e4hlen?<\/h3>\n<p>Der Bang 20000 ist f\u00fcr den ernsthaften Dampfer konzipiert, der Leistung und Vielfalt verlangt. Mit seiner enormen Anzahl an Puffs und seiner robusten Geschmacksauswahl sorgt dieser Vape f\u00fcr ein lang anhaltendes und befriedigendes Erlebnis, was ihn zu einer herausragenden Wahl auf dem Markt der Einweg-Vapes macht.<\/p>","protected":false},"excerpt":{"rendered":"<p>Bang 20000 sorgt mit seiner fortschrittlichen Spulentechnologie f\u00fcr einen sanften Kehlkopfschlag. Er ist ideal f\u00fcr Einzelh\u00e4ndler, die ihr Sortiment an Einwegdampfern erweitern m\u00f6chten.<\/p>","protected":false},"featured_media":8886,"comment_status":"open","ping_status":"closed","template":"","meta":[],"product_brand":[],"product_cat":[481,22],"product_tag":[31],"class_list":{"0":"post-8860","1":"product","2":"type-product","3":"status-publish","4":"has-post-thumbnail","6":"product_cat-bang","7":"product_cat-disposable-vape-sticks","8":"product_tag-bang","10":"first","11":"instock","12":"shipping-taxable","13":"purchasable","14":"product-type-simple"},"jetpack_sharing_enabled":true,"tiered_pricing_type":"fixed","tiered_pricing_fixed_rules":[],"tiered_pricing_product_settings":{"layout":"default","base_unit_name":{"singular":null,"plural":null},"default_variation":null},"tiered_pricing_minimum_quantity":30,"tiered_pricing_roles_data":[],"tiered_pricing_percentage_rules":[],"tiered_pricing_maximum_quantity":null,"tiered_pricing_quantity_step":"10","_links":{"self":[{"href":"https:\/\/cloudsupplyvapes.com\/de\/wp-json\/wp\/v2\/product\/8860","targetHints":{"allow":["GET"]}}],"collection":[{"href":"https:\/\/cloudsupplyvapes.com\/de\/wp-json\/wp\/v2\/product"}],"about":[{"href":"https:\/\/cloudsupplyvapes.com\/de\/wp-json\/wp\/v2\/types\/product"}],"replies":[{"embeddable":true,"href":"https:\/\/cloudsupplyvapes.com\/de\/wp-json\/wp\/v2\/comments?post=8860"}],"wp:featuredmedia":[{"embeddable":true,"href":"https:\/\/cloudsupplyvapes.com\/de\/wp-json\/wp\/v2\/media\/8886"}],"wp:attachment":[{"href":"https:\/\/cloudsupplyvapes.com\/de\/wp-json\/wp\/v2\/media?parent=8860"}],"wp:term":[{"taxonomy":"product_brand","embeddable":true,"href":"https:\/\/cloudsupplyvapes.com\/de\/wp-json\/wp\/v2\/product_brand?post=8860"},{"taxonomy":"product_cat","embeddable":true,"href":"https:\/\/cloudsupplyvapes.com\/de\/wp-json\/wp\/v2\/product_cat?post=8860"},{"taxonomy":"product_tag","embeddable":true,"href":"https:\/\/cloudsupplyvapes.com\/de\/wp-json\/wp\/v2\/product_tag?post=8860"}],"curies":[{"name":"wp","href":"https:\/\/api.w.org\/{rel}","templated":true}]}}