{"id":8861,"date":"2024-10-19T03:03:08","date_gmt":"2024-10-19T03:03:08","guid":{"rendered":"https:\/\/cloudsupplyvapes.com\/?post_type=product&#038;p=8861"},"modified":"2024-11-19T06:52:34","modified_gmt":"2024-11-19T06:52:34","slug":"-273","status":"publish","type":"product","link":"https:\/\/cloudsupplyvapes.com\/de\/product\/bang-crystal-15000-puff-disposable-vape-wholesale\/","title":{"rendered":"Bang Crystal 15000 Puffs Einweg Vape Gro\u00dfhandel - 15.000 Puffs, schlanke Crystal Design, 16mL E-Liquid, Gro\u00dfeinkauf"},"content":{"rendered":"<h2>Verf\u00fcgbare Geschmacksrichtungen:<\/h2>\n<ol>\n<li>Erdbeere Wassermelone<\/li>\n<li>Dreifach-Beereneis<\/li>\n<li>\u00dcppiges Eis<\/li>\n<li>Pfirsich-Eis<\/li>\n<li>Erdbeer-Kiwi<\/li>\n<li>Blaues Razzeis<\/li>\n<li>Aloe Traube<\/li>\n<li>Pfirsich-Mango<\/li>\n<li>Doppelter Apfel<\/li>\n<li>Tropische Fr\u00fcchte<\/li>\n<li>Erdbeere-Banane<\/li>\n<li>Kiwi Passionsfrucht Guave<\/li>\n<li>Saurer Apfel-Himbeere<\/li>\n<li>Wassermelone Bubblegum<\/li>\n<li>Erdbeer-Joghurt<\/li>\n<li>Schwarzer Drache Eis<\/li>\n<li>Rosa Limonade<\/li>\n<li>Kirsche Pop<\/li>\n<li>K\u00fchle Minze<\/li>\n<li>Zuckerwatte<\/li>\n<\/ol>\n<h3>Bang Crystal 15000 Einweg-Vape Spezifikationen<\/h3>\n<table>\n<thead>\n<tr>\n<th><strong>Merkmal<\/strong><\/th>\n<th><strong>Spezifikation<\/strong><\/th>\n<\/tr>\n<\/thead>\n<tbody>\n<tr>\n<td>Batteriekapazit\u00e4t<\/td>\n<td>550mAh<\/td>\n<\/tr>\n<tr>\n<td>E-Liquid Kapazit\u00e4t<\/td>\n<td>25ml<\/td>\n<\/tr>\n<tr>\n<td>Nikotinst\u00e4rke<\/td>\n<td>0%, 2%, 3%, 5% (Standard)<\/td>\n<\/tr>\n<tr>\n<td>Puffs<\/td>\n<td>Bis zu 15000 Z\u00fcge<\/td>\n<\/tr>\n<tr>\n<td>\u00c4u\u00dfere Abmessungen der Box<\/td>\n<td>55\u00d728,5\u00d716 cm; 18,85 kg\/200 St\u00fcck<\/td>\n<\/tr>\n<\/tbody>\n<\/table>\n<h3>Wesentliche Merkmale:<\/h3>\n<ul>\n<li><strong>Vielf\u00e4ltiges Aromen-Portfolio:<\/strong> Das Angebot umfasst 20 einzigartige Geschmacksrichtungen von fruchtig bis erfrischend, die auf die verschiedenen Vorlieben der Konsumenten zugeschnitten sind.<\/li>\n<li><strong>Anhaltender Vaping-Genuss:<\/strong> Jeder Vape unterst\u00fctzt bis zu 15000 Z\u00fcge dank eines leistungsstarken 550mAh-Akkus und einer gro\u00dfen E-Liquid-Reserve.<\/li>\n<li><strong>Erhebliches E-Liquid-Volumen:<\/strong> Vorgef\u00fcllt mit 25 ml E-Liquid, um die Dauer und Intensit\u00e4t des Dampferlebnisses zu erh\u00f6hen.<\/li>\n<li><strong>Unterschiedliche Nikotinst\u00e4rken:<\/strong> Erh\u00e4ltlich in verschiedenen Nikotinst\u00e4rken, von 0% bis 3,5%, um den unterschiedlichen Bed\u00fcrfnissen der Nutzer gerecht zu werden.<\/li>\n<li><strong>Kompakt und handlich:<\/strong> Entwickelt f\u00fcr einfache Handhabung und Tragbarkeit, perfekt f\u00fcr das Dampfen unterwegs.<\/li>\n<\/ul>\n<h3>Warum Bang Crystal 15000 w\u00e4hlen?<\/h3>\n<p>Der Bang Crystal 15000 ist die erste Wahl f\u00fcr Dampfer, die Qualit\u00e4t und Vielfalt verlangen. Mit einer breiten Palette von Aromen und eine robuste Lebensdauer der Batterie, liefert es eine konsistente und angenehme Dampferfahrung, die dauert. Ideal f\u00fcr diejenigen, die sowohl Stil als auch Substanz in ihren Verdampfer Entscheidungen zu sch\u00e4tzen wissen.<\/p>","protected":false},"excerpt":{"rendered":"<p>Der Bang Crystal 15000 kombiniert eine auff\u00e4llige \u00c4sthetik mit au\u00dfergew\u00f6hnlicher Funktionalit\u00e4t. Sein kompakter Rahmen und sein optimiertes Dampfabgabesystem sprechen Nutzer an, die ein stilvolles und zugleich praktisches Ger\u00e4t suchen.<\/p>","protected":false},"featured_media":8887,"comment_status":"open","ping_status":"closed","template":"","meta":[],"product_brand":[],"product_cat":[481,22],"product_tag":[31],"class_list":{"0":"post-8861","1":"product","2":"type-product","3":"status-publish","4":"has-post-thumbnail","6":"product_cat-bang","7":"product_cat-disposable-vape-sticks","8":"product_tag-bang","10":"first","11":"instock","12":"shipping-taxable","13":"purchasable","14":"product-type-simple"},"jetpack_sharing_enabled":true,"tiered_pricing_type":"fixed","tiered_pricing_fixed_rules":[],"tiered_pricing_product_settings":{"layout":"default","base_unit_name":{"singular":null,"plural":null},"default_variation":null},"tiered_pricing_minimum_quantity":50,"tiered_pricing_roles_data":[],"tiered_pricing_percentage_rules":[],"tiered_pricing_maximum_quantity":null,"tiered_pricing_quantity_step":"10","_links":{"self":[{"href":"https:\/\/cloudsupplyvapes.com\/de\/wp-json\/wp\/v2\/product\/8861","targetHints":{"allow":["GET"]}}],"collection":[{"href":"https:\/\/cloudsupplyvapes.com\/de\/wp-json\/wp\/v2\/product"}],"about":[{"href":"https:\/\/cloudsupplyvapes.com\/de\/wp-json\/wp\/v2\/types\/product"}],"replies":[{"embeddable":true,"href":"https:\/\/cloudsupplyvapes.com\/de\/wp-json\/wp\/v2\/comments?post=8861"}],"wp:featuredmedia":[{"embeddable":true,"href":"https:\/\/cloudsupplyvapes.com\/de\/wp-json\/wp\/v2\/media\/8887"}],"wp:attachment":[{"href":"https:\/\/cloudsupplyvapes.com\/de\/wp-json\/wp\/v2\/media?parent=8861"}],"wp:term":[{"taxonomy":"product_brand","embeddable":true,"href":"https:\/\/cloudsupplyvapes.com\/de\/wp-json\/wp\/v2\/product_brand?post=8861"},{"taxonomy":"product_cat","embeddable":true,"href":"https:\/\/cloudsupplyvapes.com\/de\/wp-json\/wp\/v2\/product_cat?post=8861"},{"taxonomy":"product_tag","embeddable":true,"href":"https:\/\/cloudsupplyvapes.com\/de\/wp-json\/wp\/v2\/product_tag?post=8861"}],"curies":[{"name":"wp","href":"https:\/\/api.w.org\/{rel}","templated":true}]}}