{"id":8862,"date":"2024-10-19T03:03:08","date_gmt":"2024-10-19T03:03:08","guid":{"rendered":"https:\/\/cloudsupplyvapes.com\/?post_type=product&#038;p=8862"},"modified":"2024-11-19T06:52:18","modified_gmt":"2024-11-19T06:52:18","slug":"-275","status":"publish","type":"product","link":"https:\/\/cloudsupplyvapes.com\/de\/product\/bang-20000-gear-puff-disposable-vape-wholesale\/","title":{"rendered":"Bang 20000 (Gear) Puffs Einweg Vape Gro\u00dfhandel - Gear Technologie, 20.000 Puffs, 18mL Tank, Bulk Pods bereit"},"content":{"rendered":"<h2>Verf\u00fcgbare Geschmacksrichtungen:<\/h2>\n<ol>\n<li>Erdbeer-Mango<\/li>\n<li>Energy-Drink<\/li>\n<li>Heidelbeer-Kirsch-Limonade<\/li>\n<li>Schwarzer Drache Eis<\/li>\n<li>Pfirsich-Eis<\/li>\n<li>Erdbeere-Banane<\/li>\n<li>Mix Obst<\/li>\n<li>Blaubeereis<\/li>\n<li>Wassermelone Eis<\/li>\n<li>Erdbeer-Kiwi<\/li>\n<li>Heidelbeere-Himbeere<\/li>\n<li>Erdbeere Wassermelone<\/li>\n<\/ol>\n<h3>Bang 20000 (Gear) Einweg-Vape Spezifikationen<\/h3>\n<table>\n<thead>\n<tr>\n<th><strong>Merkmal<\/strong><\/th>\n<th><strong>Spezifikation<\/strong><\/th>\n<\/tr>\n<\/thead>\n<tbody>\n<tr>\n<td>Batteriekapazit\u00e4t<\/td>\n<td>550mAh<\/td>\n<\/tr>\n<tr>\n<td>E-Liquid Kapazit\u00e4t<\/td>\n<td>25ml<\/td>\n<\/tr>\n<tr>\n<td>Nikotinst\u00e4rke<\/td>\n<td>0%, 2%, 3%, 5% (Standard)<\/td>\n<\/tr>\n<tr>\n<td>Puffs<\/td>\n<td>Bis zu 20000 Z\u00fcge<\/td>\n<\/tr>\n<tr>\n<td>Paket Gewicht<\/td>\n<td>19 kg\/200 St\u00fcck<\/td>\n<\/tr>\n<\/tbody>\n<\/table>\n<h3>Wesentliche Merkmale:<\/h3>\n<ul>\n<li><strong>Vielfalt der Geschmacksrichtungen:<\/strong> Bietet eine Auswahl von 12 verschiedenen und k\u00f6stlichen Geschmacksrichtungen, um eine breite Palette von Geschmacksvorlieben zu befriedigen.<\/li>\n<li><strong>Hohe Puffanzahl:<\/strong> Entwickelt f\u00fcr bis zu 20000 Z\u00fcge, um ein lang anhaltendes Dampferlebnis zu gew\u00e4hrleisten.<\/li>\n<li><strong>Gro\u00dfz\u00fcgiges E-Liquid-Volumen:<\/strong> Vorgef\u00fcllt mit 25ml E-Liquid, um die Dauer zwischen den Nachf\u00fcllungen zu verl\u00e4ngern.<\/li>\n<li><strong>Anpassbare Nikotinst\u00e4rke:<\/strong> Erh\u00e4ltlich in verschiedenen Nikotinst\u00e4rken, die sowohl f\u00fcr Anf\u00e4nger als auch f\u00fcr erfahrene Raucher geeignet sind.<\/li>\n<li><strong>Kompakt und benutzerfreundlich:<\/strong> Entworfen f\u00fcr Bequemlichkeit und Tragbarkeit, perfekt f\u00fcr Dampfer auf dem Sprung.<\/li>\n<\/ul>\n<h3>Warum Bang 20000 (Gear) w\u00e4hlen?<\/h3>\n<p>Der Bang 20000 (Gear) wurde f\u00fcr Dampfer entwickelt, die Wert auf Kapazit\u00e4t und Geschmacksvielfalt legen. Er kombiniert eine betr\u00e4chtliche Anzahl an Puffs mit einem breiten Spektrum an Aromen, was ihn zu einer herausragenden Wahl f\u00fcr diejenigen macht, die ein kraftvolles und erf\u00fcllendes Dampferlebnis suchen.<\/p>","protected":false},"excerpt":{"rendered":"<p>Bang 20000 (Gear) bietet eine innovative Luftstromsteuerung und ein ergonomisches Design f\u00fcr ein nahtloses Erlebnis. Er ist perfekt f\u00fcr unterwegs und richtet sich an Gro\u00dfabnehmer, die Premium-Optionen suchen.<\/p>","protected":false},"featured_media":8889,"comment_status":"open","ping_status":"closed","template":"","meta":[],"product_brand":[],"product_cat":[481,22],"product_tag":[31],"class_list":{"0":"post-8862","1":"product","2":"type-product","3":"status-publish","4":"has-post-thumbnail","6":"product_cat-bang","7":"product_cat-disposable-vape-sticks","8":"product_tag-bang","10":"first","11":"instock","12":"shipping-taxable","13":"purchasable","14":"product-type-simple"},"jetpack_sharing_enabled":true,"tiered_pricing_type":"fixed","tiered_pricing_fixed_rules":[],"tiered_pricing_product_settings":{"layout":"default","base_unit_name":{"singular":null,"plural":null},"default_variation":null},"tiered_pricing_minimum_quantity":30,"tiered_pricing_roles_data":[],"tiered_pricing_percentage_rules":[],"tiered_pricing_maximum_quantity":null,"tiered_pricing_quantity_step":"10","_links":{"self":[{"href":"https:\/\/cloudsupplyvapes.com\/de\/wp-json\/wp\/v2\/product\/8862","targetHints":{"allow":["GET"]}}],"collection":[{"href":"https:\/\/cloudsupplyvapes.com\/de\/wp-json\/wp\/v2\/product"}],"about":[{"href":"https:\/\/cloudsupplyvapes.com\/de\/wp-json\/wp\/v2\/types\/product"}],"replies":[{"embeddable":true,"href":"https:\/\/cloudsupplyvapes.com\/de\/wp-json\/wp\/v2\/comments?post=8862"}],"wp:featuredmedia":[{"embeddable":true,"href":"https:\/\/cloudsupplyvapes.com\/de\/wp-json\/wp\/v2\/media\/8889"}],"wp:attachment":[{"href":"https:\/\/cloudsupplyvapes.com\/de\/wp-json\/wp\/v2\/media?parent=8862"}],"wp:term":[{"taxonomy":"product_brand","embeddable":true,"href":"https:\/\/cloudsupplyvapes.com\/de\/wp-json\/wp\/v2\/product_brand?post=8862"},{"taxonomy":"product_cat","embeddable":true,"href":"https:\/\/cloudsupplyvapes.com\/de\/wp-json\/wp\/v2\/product_cat?post=8862"},{"taxonomy":"product_tag","embeddable":true,"href":"https:\/\/cloudsupplyvapes.com\/de\/wp-json\/wp\/v2\/product_tag?post=8862"}],"curies":[{"name":"wp","href":"https:\/\/api.w.org\/{rel}","templated":true}]}}