{"id":8863,"date":"2024-10-19T03:03:09","date_gmt":"2024-10-19T03:03:09","guid":{"rendered":"https:\/\/cloudsupplyvapes.com\/?post_type=product&#038;p=8863"},"modified":"2024-11-19T06:52:09","modified_gmt":"2024-11-19T06:52:09","slug":"-276","status":"publish","type":"product","link":"https:\/\/cloudsupplyvapes.com\/de\/product\/bang-25000-puff-disposable-vape-wholesale\/","title":{"rendered":"Bang 25000 Puffs Einweg Vape Gro\u00dfhandel - 25.000 Puffs, wiederaufladbare Design, Leak-Proof-Pods f\u00fcr Bulk-Verkauf"},"content":{"rendered":"<h2>Verf\u00fcgbare Geschmacksrichtungen:<\/h2>\n<ol>\n<li>Wassermelone Eis<\/li>\n<li>Erdbeer-Kiwi<\/li>\n<li>Erdbeereis<\/li>\n<li>Mango Pfirsich<\/li>\n<li>Heidelbeere-Himbeere<\/li>\n<li>Blaubeer-Minze<\/li>\n<li>Mix Obst<\/li>\n<li>Erdbeere Wassermelone<\/li>\n<li>Traubeneis<\/li>\n<li>Wassermelone Bubblegum<\/li>\n<li>Blaubeereis<\/li>\n<li>Tigerblut<\/li>\n<\/ol>\n<h3>Bang 25000 Einweg-Vape Spezifikationen<\/h3>\n<table>\n<thead>\n<tr>\n<th><strong>Merkmal<\/strong><\/th>\n<th><strong>Spezifikation<\/strong><\/th>\n<\/tr>\n<\/thead>\n<tbody>\n<tr>\n<td>Batteriekapazit\u00e4t<\/td>\n<td>650mAh<\/td>\n<\/tr>\n<tr>\n<td>E-Liquid Kapazit\u00e4t<\/td>\n<td>25ml<\/td>\n<\/tr>\n<tr>\n<td>Nikotinst\u00e4rke<\/td>\n<td>0%, 2%, 3%, 5% (Standard)<\/td>\n<\/tr>\n<tr>\n<td>Puffs<\/td>\n<td>Bis zu 25000 Z\u00fcge<\/td>\n<\/tr>\n<tr>\n<td>Preisspanne<\/td>\n<td>$38-$45<\/td>\n<\/tr>\n<tr>\n<td>Paket Gewicht<\/td>\n<td>21,5 kg\/200 St\u00fcck<\/td>\n<\/tr>\n<\/tbody>\n<\/table>\n<h3>Wesentliche Merkmale:<\/h3>\n<ul>\n<li><strong>Umfangreiche Geschmackssammlung:<\/strong> Ein reichhaltiges Sortiment von 12 Geschmacksrichtungen, die den Geschmacksvorlieben eines jeden Vapers gerecht werden.<\/li>\n<li><strong>Massive Puffkapazit\u00e4t:<\/strong> Bietet bis zu 25000 Z\u00fcge und ist f\u00fcr den langfristigen Gebrauch und gleichbleibende Leistung ausgelegt.<\/li>\n<li><strong>Reichlich E-Liquid Volumen:<\/strong> Jedes Ger\u00e4t ist mit 25 ml E-Liquid gef\u00fcllt, was die Langlebigkeit und die Zufriedenheit bei jeder Sitzung erh\u00f6ht.<\/li>\n<li><strong>Variable Nikotinoptionen:<\/strong> Erh\u00e4ltlich in verschiedenen Nikotinst\u00e4rken, die sowohl f\u00fcr Gelegenheitskonsumenten als auch f\u00fcr Raucher geeignet sind, die das Rauchen aufgeben wollen.<\/li>\n<li><strong>Langlebige und leistungsstarke Batterie:<\/strong> Ein 650mAh-Akku sorgt f\u00fcr Zuverl\u00e4ssigkeit und eine lange Verdampfungszeit zwischen den Aufladungen.<\/li>\n<\/ul>\n<h3>Warum Bang 25000 w\u00e4hlen?<\/h3>\n<p>Der Bang 25000 ist eine au\u00dfergew\u00f6hnliche Wahl f\u00fcr Dampfer, die ein Premium-Ger\u00e4t suchen, das sowohl Vielfalt als auch Volumen bietet. Mit seiner enormen Puffanzahl und den vielf\u00e4ltigen Geschmacksoptionen bietet er ein umfassendes Dampferlebnis, das die Bed\u00fcrfnisse einer breiten Palette von Vapern erf\u00fcllt, vom Anf\u00e4nger bis zum Kenner.<\/p>","protected":false},"excerpt":{"rendered":"<p>Mit seiner robusten Bauweise und der intuitiven Ziehaktivierung gew\u00e4hrleistet der Bang 25000 eine reibungslose Leistung. Sein geringes Gewicht und seine Pr\u00e4zisionstechnik machen ihn zu einem Must-have f\u00fcr Gro\u00dfm\u00e4rkte mit hoher Nachfrage.<\/p>","protected":false},"featured_media":8915,"comment_status":"open","ping_status":"closed","template":"","meta":[],"product_brand":[],"product_cat":[481,22],"product_tag":[31],"class_list":{"0":"post-8863","1":"product","2":"type-product","3":"status-publish","4":"has-post-thumbnail","6":"product_cat-bang","7":"product_cat-disposable-vape-sticks","8":"product_tag-bang","10":"first","11":"instock","12":"shipping-taxable","13":"purchasable","14":"product-type-simple"},"jetpack_sharing_enabled":true,"tiered_pricing_type":"fixed","tiered_pricing_fixed_rules":[],"tiered_pricing_product_settings":{"layout":"default","base_unit_name":{"singular":null,"plural":null},"default_variation":null},"tiered_pricing_minimum_quantity":30,"tiered_pricing_roles_data":[],"tiered_pricing_percentage_rules":[],"tiered_pricing_maximum_quantity":null,"tiered_pricing_quantity_step":"10","_links":{"self":[{"href":"https:\/\/cloudsupplyvapes.com\/de\/wp-json\/wp\/v2\/product\/8863","targetHints":{"allow":["GET"]}}],"collection":[{"href":"https:\/\/cloudsupplyvapes.com\/de\/wp-json\/wp\/v2\/product"}],"about":[{"href":"https:\/\/cloudsupplyvapes.com\/de\/wp-json\/wp\/v2\/types\/product"}],"replies":[{"embeddable":true,"href":"https:\/\/cloudsupplyvapes.com\/de\/wp-json\/wp\/v2\/comments?post=8863"}],"wp:featuredmedia":[{"embeddable":true,"href":"https:\/\/cloudsupplyvapes.com\/de\/wp-json\/wp\/v2\/media\/8915"}],"wp:attachment":[{"href":"https:\/\/cloudsupplyvapes.com\/de\/wp-json\/wp\/v2\/media?parent=8863"}],"wp:term":[{"taxonomy":"product_brand","embeddable":true,"href":"https:\/\/cloudsupplyvapes.com\/de\/wp-json\/wp\/v2\/product_brand?post=8863"},{"taxonomy":"product_cat","embeddable":true,"href":"https:\/\/cloudsupplyvapes.com\/de\/wp-json\/wp\/v2\/product_cat?post=8863"},{"taxonomy":"product_tag","embeddable":true,"href":"https:\/\/cloudsupplyvapes.com\/de\/wp-json\/wp\/v2\/product_tag?post=8863"}],"curies":[{"name":"wp","href":"https:\/\/api.w.org\/{rel}","templated":true}]}}