{"id":8864,"date":"2024-10-19T03:03:09","date_gmt":"2024-10-19T03:03:09","guid":{"rendered":"https:\/\/cloudsupplyvapes.com\/?post_type=product&#038;p=8864"},"modified":"2024-11-19T06:51:58","modified_gmt":"2024-11-19T06:51:58","slug":"-279","status":"publish","type":"product","link":"https:\/\/cloudsupplyvapes.com\/de\/product\/bang-36000-puff-disposable-vape-wholesale\/","title":{"rendered":"Bang 36000 Puffs Disposable Vape Gro\u00dfhandel - Premium-Qualit\u00e4t, 22mL Kapazit\u00e4t, lange Lebensdauer der Batterie, Bulk-Pods verf\u00fcgbar"},"content":{"rendered":"<h2>Verf\u00fcgbare Geschmacksrichtungen:<\/h2>\n<ol>\n<li>Erdbeer-Kiwi<\/li>\n<li>Pfirsich Mango Wassermelone<\/li>\n<li>Gemischte Fr\u00fcchte<\/li>\n<li>Minze Eis<\/li>\n<li>Pfirsich-Mango<\/li>\n<li>Traubeneis<\/li>\n<li>Doppelte \u00c4pfel<\/li>\n<li>Erdbeere-Himbeere<\/li>\n<li>Blaubeereis<\/li>\n<li>Erdbeere Wassermelone<\/li>\n<li>Wassermelone Eis<\/li>\n<li>Erdbeer-Mango<\/li>\n<\/ol>\n<h3>Bang 36000 Einweg-Vape Spezifikationen<\/h3>\n<table>\n<thead>\n<tr>\n<th><strong>Merkmal<\/strong><\/th>\n<th><strong>Spezifikation<\/strong><\/th>\n<\/tr>\n<\/thead>\n<tbody>\n<tr>\n<td>Batteriekapazit\u00e4t<\/td>\n<td>Nicht spezifiziert<\/td>\n<\/tr>\n<tr>\n<td>E-Liquid Kapazit\u00e4t<\/td>\n<td>Nicht spezifiziert<\/td>\n<\/tr>\n<tr>\n<td>Nikotinst\u00e4rke<\/td>\n<td>0%, 2%, 3%, 5% (Standard)<\/td>\n<\/tr>\n<tr>\n<td>Puffs<\/td>\n<td>Bis zu 36000 Z\u00fcge<\/td>\n<\/tr>\n<tr>\n<td>Paket Gewicht<\/td>\n<td>22 kg\/200 St\u00fcck<\/td>\n<\/tr>\n<\/tbody>\n<\/table>\n<h3>Wesentliche Merkmale:<\/h3>\n<ul>\n<li><strong>Umfangreiche Geschmacksauswahl:<\/strong> 12 unverwechselbare und ansprechende Geschmacksrichtungen, die ein breites Spektrum an Geschmacksvorlieben abdecken.<\/li>\n<li><strong>Massive Puffanzahl:<\/strong> Bietet bis zu 36000 Z\u00fcge, ideal f\u00fcr den Langzeitgebrauch und um die H\u00e4ufigkeit des Austauschs zu reduzieren.<\/li>\n<li><strong>\u00c4u\u00dferst tragbar:<\/strong> Trotz seiner hohen Kapazit\u00e4t bleibt er tragbar und einfach zu bedienen, geeignet f\u00fcr das Vaping unterwegs.<\/li>\n<li><strong>Gro\u00dfe Vielfalt:<\/strong> Von fruchtig bis erfrischend minzig, die Geschmacksoptionen bieten ein umfassendes Dampferlebnis.<\/li>\n<\/ul>\n<h3>Warum Bang 36000 w\u00e4hlen?<\/h3>\n<p>Der Bang 36000 zeichnet sich durch eine unglaubliche Anzahl von Puffs aus, was ihn zu einem der langlebigsten Einwegdampfer auf dem Markt macht. Er wurde f\u00fcr Verdampfer entwickelt, die eine l\u00e4ngere Nutzungsdauer w\u00fcnschen, ohne auf Geschmack oder Leistung verzichten zu m\u00fcssen. Ideal f\u00fcr diejenigen, die sich den \u00c4rger mit h\u00e4ufigen Ger\u00e4tewechseln ersparen wollen.<\/p>","protected":false},"excerpt":{"rendered":"<p>Der Bang 36000 bietet mit seinem fortschrittlichen Luftstromsystem und der effizienten Verwendung von E-Liquid eine konstante Dampfproduktion. Entwickelt f\u00fcr ausgedehnte Sessions, ist er eine erstklassige Wahl f\u00fcr Gro\u00dfabnehmer auf der Suche nach Zuverl\u00e4ssigkeit.<\/p>","protected":false},"featured_media":8918,"comment_status":"open","ping_status":"closed","template":"","meta":[],"product_brand":[],"product_cat":[481,22],"product_tag":[31],"class_list":{"0":"post-8864","1":"product","2":"type-product","3":"status-publish","4":"has-post-thumbnail","6":"product_cat-bang","7":"product_cat-disposable-vape-sticks","8":"product_tag-bang","10":"first","11":"instock","12":"shipping-taxable","13":"purchasable","14":"product-type-simple"},"jetpack_sharing_enabled":true,"tiered_pricing_type":"fixed","tiered_pricing_fixed_rules":[],"tiered_pricing_product_settings":{"layout":"default","base_unit_name":{"singular":null,"plural":null},"default_variation":null},"tiered_pricing_minimum_quantity":null,"tiered_pricing_roles_data":[],"tiered_pricing_percentage_rules":[],"tiered_pricing_maximum_quantity":null,"tiered_pricing_quantity_step":null,"_links":{"self":[{"href":"https:\/\/cloudsupplyvapes.com\/de\/wp-json\/wp\/v2\/product\/8864","targetHints":{"allow":["GET"]}}],"collection":[{"href":"https:\/\/cloudsupplyvapes.com\/de\/wp-json\/wp\/v2\/product"}],"about":[{"href":"https:\/\/cloudsupplyvapes.com\/de\/wp-json\/wp\/v2\/types\/product"}],"replies":[{"embeddable":true,"href":"https:\/\/cloudsupplyvapes.com\/de\/wp-json\/wp\/v2\/comments?post=8864"}],"wp:featuredmedia":[{"embeddable":true,"href":"https:\/\/cloudsupplyvapes.com\/de\/wp-json\/wp\/v2\/media\/8918"}],"wp:attachment":[{"href":"https:\/\/cloudsupplyvapes.com\/de\/wp-json\/wp\/v2\/media?parent=8864"}],"wp:term":[{"taxonomy":"product_brand","embeddable":true,"href":"https:\/\/cloudsupplyvapes.com\/de\/wp-json\/wp\/v2\/product_brand?post=8864"},{"taxonomy":"product_cat","embeddable":true,"href":"https:\/\/cloudsupplyvapes.com\/de\/wp-json\/wp\/v2\/product_cat?post=8864"},{"taxonomy":"product_tag","embeddable":true,"href":"https:\/\/cloudsupplyvapes.com\/de\/wp-json\/wp\/v2\/product_tag?post=8864"}],"curies":[{"name":"wp","href":"https:\/\/api.w.org\/{rel}","templated":true}]}}