{"id":8866,"date":"2024-10-19T03:03:09","date_gmt":"2024-10-19T03:03:09","guid":{"rendered":"https:\/\/cloudsupplyvapes.com\/?post_type=product&#038;p=8866"},"modified":"2024-11-19T06:50:17","modified_gmt":"2024-11-19T06:50:17","slug":"-282","status":"publish","type":"product","link":"https:\/\/cloudsupplyvapes.com\/de\/product\/bang-30000-puff-disposable-vape-wholesale\/","title":{"rendered":"Bang 30000 Puffs Disposable Vape Gro\u00dfhandel - 20mL E-Liquid, wiederaufladbar, langlebig Pods f\u00fcr Bulk Purchase"},"content":{"rendered":"<h2>Verf\u00fcgbare Geschmacksrichtungen:<\/h2>\n<ol>\n<li>Blaubeereis &amp; Schwarzer Drache Eis<\/li>\n<li>Heidelbeereis &amp; Erdbeere und Banane<\/li>\n<li>Heidelbeere-Himbeere &amp; gemischtes Schimmelobst<\/li>\n<li>Heidelbeere Himbeere &amp; Pfirsich Mango Wassermelone<\/li>\n<li>Red Bull &amp; Blaubeer-Wassermelone<\/li>\n<li>Red Bull &amp; Wassermelone Bubble Candy<\/li>\n<li>Erdbeere, Wassermelone und Traubeneis<\/li>\n<li>Erdbeer-Kiwi-Pfirsich-Eis<\/li>\n<li>Erdbeere-Kiwi &amp; Saurer Apfel-Himbeere<\/li>\n<li>Erdbeere Wassermelone &amp; Kiwi Passionsfrucht Guave<\/li>\n<li>Wassermeloneneis &amp; Heidelbeer-Minze<\/li>\n<li>Wassermeloneneis &amp; Erdbeere und Mango<\/li>\n<\/ol>\n<h3>Bang 30000 Einweg-Vape Spezifikationen<\/h3>\n<table>\n<thead>\n<tr>\n<th><strong>Merkmal<\/strong><\/th>\n<th><strong>Spezifikation<\/strong><\/th>\n<\/tr>\n<\/thead>\n<tbody>\n<tr>\n<td>Batteriekapazit\u00e4t<\/td>\n<td>550mAh<\/td>\n<\/tr>\n<tr>\n<td>E-Liquid Kapazit\u00e4t<\/td>\n<td>36ml<\/td>\n<\/tr>\n<tr>\n<td>Nikotinst\u00e4rke<\/td>\n<td>0%, 2%, 3%, 5% (Standard)<\/td>\n<\/tr>\n<tr>\n<td>Puffs<\/td>\n<td>Bis zu 30000 Z\u00fcge<\/td>\n<\/tr>\n<tr>\n<td>Paket Gewicht<\/td>\n<td>21 kg\/180 St\u00fcck<\/td>\n<\/tr>\n<\/tbody>\n<\/table>\n<h3>Wesentliche Merkmale:<\/h3>\n<ul>\n<li><strong>Einzigartige Doppelgeschmackskombinationen:<\/strong> Jedes Ger\u00e4t bietet ein Paar perfekt gemischter Geschmacksrichtungen f\u00fcr ein einzigartiges Dampferlebnis.<\/li>\n<li><strong>Massive E-Liquid-Kapazit\u00e4t:<\/strong> Vorgef\u00fcllt mit 36 ml E-Liquid, um l\u00e4ngere Vaping-Sessions ohne h\u00e4ufiges Nachf\u00fcllen zu erm\u00f6glichen.<\/li>\n<li><strong>Hohe Puffanzahl:<\/strong> Mit einer Lebensdauer von bis zu 30000 Z\u00fcgen ist er ideal f\u00fcr Nutzer, die ein langlebiges Produkt suchen.<\/li>\n<li><strong>Variabler Nikotingehalt:<\/strong> Erh\u00e4ltlich in verschiedenen St\u00e4rken, um sowohl leichten als auch schweren Benutzern gerecht zu werden.<\/li>\n<li><strong>Kompakte und leistungsf\u00e4hige Batterie:<\/strong> Ein 550mAh-Akku sorgt f\u00fcr zuverl\u00e4ssige Energie und gew\u00e4hrleistet eine konstante Leistung w\u00e4hrend der gesamten Lebensdauer des Vapes.<\/li>\n<\/ul>\n<h3>Warum Bang 30000 w\u00e4hlen?<\/h3>\n<p>Der Bang 30000 zeichnet sich durch sein innovatives Dual-Flavor-System und seine beachtliche Zugkapazit\u00e4t aus, was ihn zu einer Top-Wahl f\u00fcr Dampfer macht, die sich nach Vielfalt und Langlebigkeit in ihrer Dampfreise sehnen. Er ist perfekt f\u00fcr diejenigen, die komplexe Geschmacksprofile und eine lange Nutzungsdauer sch\u00e4tzen.<\/p>","protected":false},"excerpt":{"rendered":"<p>Die Bang 30000 kombiniert E-Liquid mit hohem Fassungsverm\u00f6gen und fortschrittlicher Dampfoptimierung, was eine zuverl\u00e4ssige Leistung gew\u00e4hrleistet. Eine perfekte Wahl f\u00fcr Gro\u00dfabnehmer, die Qualit\u00e4t und lang anhaltende Nutzung suchen.<\/p>","protected":false},"featured_media":8923,"comment_status":"open","ping_status":"closed","template":"","meta":[],"product_brand":[],"product_cat":[481,22],"product_tag":[31],"class_list":{"0":"post-8866","1":"product","2":"type-product","3":"status-publish","4":"has-post-thumbnail","6":"product_cat-bang","7":"product_cat-disposable-vape-sticks","8":"product_tag-bang","10":"first","11":"instock","12":"featured","13":"shipping-taxable","14":"purchasable","15":"product-type-simple"},"jetpack_sharing_enabled":true,"tiered_pricing_type":"fixed","tiered_pricing_fixed_rules":[],"tiered_pricing_product_settings":{"layout":"default","base_unit_name":{"singular":null,"plural":null},"default_variation":null},"tiered_pricing_minimum_quantity":10,"tiered_pricing_roles_data":[],"tiered_pricing_percentage_rules":[],"tiered_pricing_maximum_quantity":null,"tiered_pricing_quantity_step":"10","_links":{"self":[{"href":"https:\/\/cloudsupplyvapes.com\/de\/wp-json\/wp\/v2\/product\/8866","targetHints":{"allow":["GET"]}}],"collection":[{"href":"https:\/\/cloudsupplyvapes.com\/de\/wp-json\/wp\/v2\/product"}],"about":[{"href":"https:\/\/cloudsupplyvapes.com\/de\/wp-json\/wp\/v2\/types\/product"}],"replies":[{"embeddable":true,"href":"https:\/\/cloudsupplyvapes.com\/de\/wp-json\/wp\/v2\/comments?post=8866"}],"wp:featuredmedia":[{"embeddable":true,"href":"https:\/\/cloudsupplyvapes.com\/de\/wp-json\/wp\/v2\/media\/8923"}],"wp:attachment":[{"href":"https:\/\/cloudsupplyvapes.com\/de\/wp-json\/wp\/v2\/media?parent=8866"}],"wp:term":[{"taxonomy":"product_brand","embeddable":true,"href":"https:\/\/cloudsupplyvapes.com\/de\/wp-json\/wp\/v2\/product_brand?post=8866"},{"taxonomy":"product_cat","embeddable":true,"href":"https:\/\/cloudsupplyvapes.com\/de\/wp-json\/wp\/v2\/product_cat?post=8866"},{"taxonomy":"product_tag","embeddable":true,"href":"https:\/\/cloudsupplyvapes.com\/de\/wp-json\/wp\/v2\/product_tag?post=8866"}],"curies":[{"name":"wp","href":"https:\/\/api.w.org\/{rel}","templated":true}]}}