{"id":8867,"date":"2024-10-19T03:03:09","date_gmt":"2024-10-19T03:03:09","guid":{"rendered":"https:\/\/cloudsupplyvapes.com\/?post_type=product&#038;p=8867"},"modified":"2024-11-19T06:50:09","modified_gmt":"2024-11-19T06:50:09","slug":"-283","status":"publish","type":"product","link":"https:\/\/cloudsupplyvapes.com\/de\/product\/reymont-pura-reload-10k-disposable-wholesale\/","title":{"rendered":"Reymont Pura Reload 10K Disposable Vape Gro\u00dfhandel - 10.000 Puffs, wiederaufladbar, 10mL E-Liquid, Bulk Vapes f\u00fcr den Wiederverkauf"},"content":{"rendered":"<h2>Verf\u00fcgbare Geschmacksrichtungen:<\/h2>\n<p>Standardm\u00e4\u00dfig zuf\u00e4llig. Anpassbar auf Anfrage<\/p>\n<h3>Reymont PURA Reload 10K Spezifikationen<\/h3>\n<table>\n<thead>\n<tr>\n<th><strong>Merkmal<\/strong><\/th>\n<th><strong>Spezifikation<\/strong><\/th>\n<\/tr>\n<\/thead>\n<tbody>\n<tr>\n<td>Batteriekapazit\u00e4t<\/td>\n<td>650mAh<\/td>\n<\/tr>\n<tr>\n<td>E-Liquid Kapazit\u00e4t<\/td>\n<td>2+10*2ml<\/td>\n<\/tr>\n<tr>\n<td>Nikotinst\u00e4rke<\/td>\n<td>2%<\/td>\n<\/tr>\n<tr>\n<td>Puffs<\/td>\n<td>Bis zu 10.000 Z\u00fcge<\/td>\n<\/tr>\n<tr>\n<td>Paket Gewicht<\/td>\n<td>20,5 kg\/200 St\u00fcck<\/td>\n<\/tr>\n<\/tbody>\n<\/table>\n<h3>Wesentliche Merkmale:<\/h3>\n<ul>\n<li><strong>Auswechselbarer 2.0ml Tank mit LED Flash:<\/strong> Bietet nicht nur Funktionalit\u00e4t, sondern auch \u00c4sthetik mit einem beleuchteten Merkmal, wenn es benutzt wird.<\/li>\n<li><strong>Auswechselbare 2x10ml-Flaschen:<\/strong> Im Lieferumfang sind zwei 10-ml-Fl\u00e4schchen enthalten, die sich leicht auswechseln lassen und bei jedem Tausch ein neues Erlebnis garantieren.<\/li>\n<li><strong>Erweiterte Batterie und Anzeige:<\/strong> Ausgestattet mit einem 650-mAh-Akku und einem Display zur \u00dcberwachung der Batteriespannung und individuellen Logos, die sowohl den Nutzen als auch die Personalisierung verbessern.<\/li>\n<li><strong>Dual-Mesh-Spulen-Technologie:<\/strong> Verbessert die Geschmacksabgabe f\u00fcr ein reichhaltigeres und befriedigenderes Dampferlebnis.<\/li>\n<li><strong>Magnetische Verbindung:<\/strong> Bietet sicheren Halt f\u00fcr die austauschbaren Tanks und erm\u00f6glicht einen einfachen und effizienten Wechsel der Geschmacksrichtungen.<\/li>\n<li><strong>Anpassbare Geschmacksrichtungen:<\/strong> Passen Sie Ihr Dampferlebnis mit Geschmacksrichtungen an, die f\u00fcr jede Vorliebe personalisiert werden k\u00f6nnen.<\/li>\n<\/ul>\n<h3>Warum Reymont PURA Reload 10K w\u00e4hlen?<\/h3>\n<p>Der Reymont PURA Reload 10K zeichnet sich durch seine innovativen Merkmale wie die austauschbaren E-Liquid-Flaschen und die Dual-Mesh-Spule aus, die eine praktische und verbesserte Verdampfungsreise bieten. Er wurde f\u00fcr diejenigen entwickelt, die Wert auf Bequemlichkeit, Vielfalt und Qualit\u00e4t legen, was ihn zu einer idealen Wahl f\u00fcr Liquid-Lieferanten oder Markenvertreiber macht. Mit bis zu 10.000 Z\u00fcgen und einem robusten 650mAh-Akku verspricht dieses Ger\u00e4t Zuverl\u00e4ssigkeit und Zufriedenheit bei jedem Zug.<\/p>","protected":false},"excerpt":{"rendered":"<p>Reymont Pura Reload 10K bietet nahtloses Dampfen mit einer robusten Bauweise und pr\u00e4zise ziehen Aktivierung. Sein leichtes Design und gleichm\u00e4\u00dfiger Dampfstrom machen ihn ideal f\u00fcr den Gro\u00dfhandel.<\/p>","protected":false},"featured_media":8924,"comment_status":"open","ping_status":"closed","template":"","meta":[],"product_brand":[],"product_cat":[22],"product_tag":[],"class_list":{"0":"post-8867","1":"product","2":"type-product","3":"status-publish","4":"has-post-thumbnail","6":"product_cat-disposable-vape-sticks","8":"first","9":"instock","10":"shipping-taxable","11":"purchasable","12":"product-type-simple"},"jetpack_sharing_enabled":true,"tiered_pricing_type":"fixed","tiered_pricing_fixed_rules":[],"tiered_pricing_product_settings":{"layout":"default","base_unit_name":{"singular":null,"plural":null},"default_variation":null},"tiered_pricing_minimum_quantity":10,"tiered_pricing_roles_data":[],"tiered_pricing_percentage_rules":[],"tiered_pricing_maximum_quantity":null,"tiered_pricing_quantity_step":null,"_links":{"self":[{"href":"https:\/\/cloudsupplyvapes.com\/de\/wp-json\/wp\/v2\/product\/8867","targetHints":{"allow":["GET"]}}],"collection":[{"href":"https:\/\/cloudsupplyvapes.com\/de\/wp-json\/wp\/v2\/product"}],"about":[{"href":"https:\/\/cloudsupplyvapes.com\/de\/wp-json\/wp\/v2\/types\/product"}],"replies":[{"embeddable":true,"href":"https:\/\/cloudsupplyvapes.com\/de\/wp-json\/wp\/v2\/comments?post=8867"}],"wp:featuredmedia":[{"embeddable":true,"href":"https:\/\/cloudsupplyvapes.com\/de\/wp-json\/wp\/v2\/media\/8924"}],"wp:attachment":[{"href":"https:\/\/cloudsupplyvapes.com\/de\/wp-json\/wp\/v2\/media?parent=8867"}],"wp:term":[{"taxonomy":"product_brand","embeddable":true,"href":"https:\/\/cloudsupplyvapes.com\/de\/wp-json\/wp\/v2\/product_brand?post=8867"},{"taxonomy":"product_cat","embeddable":true,"href":"https:\/\/cloudsupplyvapes.com\/de\/wp-json\/wp\/v2\/product_cat?post=8867"},{"taxonomy":"product_tag","embeddable":true,"href":"https:\/\/cloudsupplyvapes.com\/de\/wp-json\/wp\/v2\/product_tag?post=8867"}],"curies":[{"name":"wp","href":"https:\/\/api.w.org\/{rel}","templated":true}]}}