{"id":8890,"date":"2024-10-19T03:03:30","date_gmt":"2024-10-19T03:03:30","guid":{"rendered":"https:\/\/cloudsupplyvapes.com\/?post_type=product&#038;p=8890"},"modified":"2024-11-19T06:49:47","modified_gmt":"2024-11-19T06:49:47","slug":"-284","status":"publish","type":"product","link":"https:\/\/cloudsupplyvapes.com\/de\/product\/elf-box-pulse-x-25000-puff-disposable-vape-wholesale\/","title":{"rendered":"ELF BOX Pulse X 25000 Puffs Einweg Vape Gro\u00dfhandel - 25.000 Puffs, Dual Mesh Coil, hohe Kapazit\u00e4t, Bulk-Pods verf\u00fcgbar"},"content":{"rendered":"<h2>Geschmacksoptionen:<\/h2>\n<ul>\n<li>Erdbeere Wassermelone<\/li>\n<li>Kirsche Soda<\/li>\n<li>Pfirsich-Eis<\/li>\n<li>Kiwi Passionsfrucht<\/li>\n<li>\u00dcppiges Eis<\/li>\n<li>Red Bull<\/li>\n<li>Traubeneis<\/li>\n<li>Blaues Razzeis<\/li>\n<li>Erdbeere-Banane<\/li>\n<li>Erdbeereis<\/li>\n<\/ul>\n<h3>ELF BOX Pulse X Spezifikationen<\/h3>\n<table>\n<thead>\n<tr>\n<th><strong>Merkmal<\/strong><\/th>\n<th><strong>Spezifikation<\/strong><\/th>\n<\/tr>\n<\/thead>\n<tbody>\n<tr>\n<td>Puffs (Normal\/Impuls)<\/td>\n<td>25.000 \/ 15.000 Z\u00fcge<\/td>\n<\/tr>\n<tr>\n<td>Dual Mesh Spule<\/td>\n<td>1.2ohm+1.2ohm<\/td>\n<\/tr>\n<tr>\n<td>E-Liquid Kapazit\u00e4t<\/td>\n<td>18ml<\/td>\n<\/tr>\n<tr>\n<td>Nikotinst\u00e4rke<\/td>\n<td>0%, 2%, 3%, 5% (Standard)<\/td>\n<\/tr>\n<tr>\n<td>Batteriekapazit\u00e4t<\/td>\n<td>650mAh (13500-650mah)<\/td>\n<\/tr>\n<tr>\n<td>Wiederaufladbar<\/td>\n<td>Typ-C<\/td>\n<\/tr>\n<tr>\n<td>LED-Anzeige<\/td>\n<td>Ja<\/td>\n<\/tr>\n<tr>\n<td>Produkt Gewicht<\/td>\n<td>g\/St\u00fcck<\/td>\n<\/tr>\n<tr>\n<td>Paket Gewicht<\/td>\n<td>kg\/200 St\u00fcck<\/td>\n<\/tr>\n<\/tbody>\n<\/table>\n<h3>Wesentliche Merkmale:<\/h3>\n<ul>\n<li><strong>Ausf\u00fchrliche Puffz\u00e4hlung:<\/strong> Bietet bis zu 25.000 Z\u00fcge in der regul\u00e4ren Version und 15.000 Z\u00fcge in der Pulse-Version, um die Nutzung zu maximieren.<\/li>\n<li><strong>Hochleistungsakku:<\/strong> Ausgestattet mit einem leistungsstarken 650-mAh-Akku, der f\u00fcr eine lange Lebensdauer sorgt.<\/li>\n<li><strong>Erweiterte LED-Anzeige:<\/strong> Die LED-Anzeige zur \u00dcberwachung der Batterielebensdauer und der Pustezahl verleiht dem Ger\u00e4t einen modernen Touch.<\/li>\n<li><strong>Mehrere Nikotinoptionen:<\/strong> Erh\u00e4ltlich in den Nikotinkonzentrationen 0%, 2%, 3% und 5%, um unterschiedlichen Nutzerpr\u00e4ferenzen gerecht zu werden.<\/li>\n<li><strong>Dual-Mesh-Spulen-Technologie:<\/strong> Verbessert die Geschmackskonsistenz und die Dampfproduktion f\u00fcr ein angenehmeres Dampferlebnis.<\/li>\n<li><strong>Vielfalt der Geschmacksrichtungen:<\/strong> Erh\u00e4ltlich in einer breiten Palette von Geschmacksrichtungen f\u00fcr jeden Geschmack, von fruchtig bis eisig.<\/li>\n<\/ul>\n<h3>Warum ELF BOX Pulse X w\u00e4hlen?<\/h3>\n<p>Der ELF BOX Pulse X zeichnet sich durch seine Dual-Mesh-Coils, die gro\u00dfe Anzahl an Puffs und die vielseitigen Geschmacksoptionen aus, was ihn zu einer erstklassigen Wahl f\u00fcr ernsthafte Dampfer und H\u00e4ndler gleicherma\u00dfen macht. Die zus\u00e4tzlichen Funktionen wie LED-Anzeige und mehrere Nikotinst\u00e4rken sorgen f\u00fcr eine ma\u00dfgeschneiderte und befriedigende Reise f\u00fcr alle Benutzer.<\/p>","protected":false},"excerpt":{"rendered":"<p>Der ELF BOX Pulse X 25000 bietet eine hervorragende Dampfproduktion mit zwei Luftstromkan\u00e4len und einem effizienten Akku. Entwickelt f\u00fcr den dauerhaften Einsatz, ist es eine hervorragende Erg\u00e4nzung zu den gro\u00dfen Vorr\u00e4ten.<\/p>","protected":false},"featured_media":8928,"comment_status":"open","ping_status":"closed","template":"","meta":[],"product_brand":[],"product_cat":[22],"product_tag":[472],"class_list":{"0":"post-8890","1":"product","2":"type-product","3":"status-publish","4":"has-post-thumbnail","6":"product_cat-disposable-vape-sticks","7":"product_tag-elf-box","9":"first","10":"instock","11":"sale","12":"shipping-taxable","13":"purchasable","14":"product-type-simple"},"jetpack_sharing_enabled":true,"tiered_pricing_type":"fixed","tiered_pricing_fixed_rules":{"500":10.9000000000000003552713678800500929355621337890625,"2000":10.800000000000000710542735760100185871124267578125,"10000":10.699999999999999289457264239899814128875732421875},"tiered_pricing_product_settings":{"layout":"default","base_unit_name":{"singular":null,"plural":null},"default_variation":null},"tiered_pricing_minimum_quantity":50,"tiered_pricing_roles_data":[],"tiered_pricing_percentage_rules":[],"tiered_pricing_maximum_quantity":null,"tiered_pricing_quantity_step":null,"_links":{"self":[{"href":"https:\/\/cloudsupplyvapes.com\/de\/wp-json\/wp\/v2\/product\/8890","targetHints":{"allow":["GET"]}}],"collection":[{"href":"https:\/\/cloudsupplyvapes.com\/de\/wp-json\/wp\/v2\/product"}],"about":[{"href":"https:\/\/cloudsupplyvapes.com\/de\/wp-json\/wp\/v2\/types\/product"}],"replies":[{"embeddable":true,"href":"https:\/\/cloudsupplyvapes.com\/de\/wp-json\/wp\/v2\/comments?post=8890"}],"wp:featuredmedia":[{"embeddable":true,"href":"https:\/\/cloudsupplyvapes.com\/de\/wp-json\/wp\/v2\/media\/8928"}],"wp:attachment":[{"href":"https:\/\/cloudsupplyvapes.com\/de\/wp-json\/wp\/v2\/media?parent=8890"}],"wp:term":[{"taxonomy":"product_brand","embeddable":true,"href":"https:\/\/cloudsupplyvapes.com\/de\/wp-json\/wp\/v2\/product_brand?post=8890"},{"taxonomy":"product_cat","embeddable":true,"href":"https:\/\/cloudsupplyvapes.com\/de\/wp-json\/wp\/v2\/product_cat?post=8890"},{"taxonomy":"product_tag","embeddable":true,"href":"https:\/\/cloudsupplyvapes.com\/de\/wp-json\/wp\/v2\/product_tag?post=8890"}],"curies":[{"name":"wp","href":"https:\/\/api.w.org\/{rel}","templated":true}]}}