{"id":8891,"date":"2024-10-19T03:03:30","date_gmt":"2024-10-19T03:03:30","guid":{"rendered":"https:\/\/cloudsupplyvapes.com\/?post_type=product&#038;p=8891"},"modified":"2024-11-19T06:49:37","modified_gmt":"2024-11-19T06:49:37","slug":"-285","status":"publish","type":"product","link":"https:\/\/cloudsupplyvapes.com\/de\/product\/elf-box-shisha-16000-puff-disposable-vape-wholesale\/","title":{"rendered":"ELF BOX Shisha 16000 Puffs Einweg Vape Gro\u00dfhandel - 16.000 Puffs, Shisha-Stil, wiederaufladbar, Bulk Premium Vapes"},"content":{"rendered":"<h2>Geschmacksoptionen:<\/h2>\n<ul>\n<li>Blaues Razzeis<\/li>\n<li>Erdbeereis<\/li>\n<li>Pfirsich-Eis<\/li>\n<li>Kiwi Passionsfrucht<\/li>\n<li>Brombeereis<\/li>\n<li>Doppelter Apfel<\/li>\n<li>\u00dcppiges Eis<\/li>\n<li>Traubeneis<\/li>\n<li>Kirsche-Himbeere<\/li>\n<li>Erdbeere Wassermelone<\/li>\n<li>Pfirsich Mango Ananas<\/li>\n<li>Gemischte Beeren<\/li>\n<\/ul>\n<h3>ELF BOX Shisha 16000 Spezifikationen<\/h3>\n<table>\n<thead>\n<tr>\n<th><strong>Merkmal<\/strong><\/th>\n<th><strong>Spezifikation<\/strong><\/th>\n<\/tr>\n<\/thead>\n<tbody>\n<tr>\n<td>Puffs<\/td>\n<td>16.000 Z\u00fcge<\/td>\n<\/tr>\n<tr>\n<td>Kern<\/td>\n<td>Mesh-Spule 0.6ohm<\/td>\n<\/tr>\n<tr>\n<td>E-Liquid Kapazit\u00e4t<\/td>\n<td>28ml<\/td>\n<\/tr>\n<tr>\n<td>Nikotinst\u00e4rke<\/td>\n<td>0%, 2%, 3%, 5% (Standard)<\/td>\n<\/tr>\n<tr>\n<td>Batteriekapazit\u00e4t<\/td>\n<td>18250-600mAh<\/td>\n<\/tr>\n<tr>\n<td>Wiederaufladbar<\/td>\n<td>Typ-C<\/td>\n<\/tr>\n<tr>\n<td>LED-Anzeige<\/td>\n<td>Ja<\/td>\n<\/tr>\n<tr>\n<td>Einstellbarer Luftstrom<\/td>\n<td>Ja<\/td>\n<\/tr>\n<tr>\n<td>Produkt Gewicht<\/td>\n<td>85g\/St\u00fcck<\/td>\n<\/tr>\n<tr>\n<td>Gr\u00f6\u00dfe des Produkts<\/td>\n<td>30*125,5mm<\/td>\n<\/tr>\n<tr>\n<td>Paket Gewicht<\/td>\n<td>18,3 kg\/200 St\u00fcck<\/td>\n<\/tr>\n<\/tbody>\n<\/table>\n<h3>Wesentliche Merkmale:<\/h3>\n<ul>\n<li><strong>Massive E-Liquid-Kapazit\u00e4t:<\/strong> Der 28-ml-Tank sorgt f\u00fcr eine lange Nutzungsdauer, ohne dass er h\u00e4ufig nachgef\u00fcllt werden muss.<\/li>\n<li><strong>Erweiterte Mesh-Spule:<\/strong> Verf\u00fcgt \u00fcber eine 0,6 Ohm Mesh-Spule f\u00fcr konsistente Geschmacksverbesserung und Dampfproduktion.<\/li>\n<li><strong>Anpassbares Vaping-Erlebnis:<\/strong> Die einstellbare Luftzufuhr und die LED-Anzeige erm\u00f6glichen eine individuelle Einstellung des Dampfens.<\/li>\n<li><strong>Vielseitige Nikotinoptionen:<\/strong> Bietet verschiedene Nikotinst\u00e4rken, um allen Vorlieben gerecht zu werden, von nikotinfrei bis zu starken Z\u00fcgen.<\/li>\n<li><strong>Ausf\u00fchrliche Puffz\u00e4hlung:<\/strong> Liefert bis zu 16.000 Z\u00fcge, perfekt f\u00fcr l\u00e4ngeren Gebrauch.<\/li>\n<li><strong>Tragbares und langlebiges Design:<\/strong> Kompakte Gr\u00f6\u00dfe gepaart mit einem robusten Akku f\u00fcr zuverl\u00e4ssiges Dampfen unterwegs.<\/li>\n<\/ul>\n<h3>Warum die ELF BOX Shisha 16000?<\/h3>\n<p>Die ELF BOX Shisha 16000 zeichnet sich durch ihre gro\u00dfe E-Liquid-Kapazit\u00e4t, die fortschrittliche Mesh-Spule und die anpassbaren Einstellungen wie die einstellbare Luftmenge und die LED-Anzeige aus. Sie wurde f\u00fcr diejenigen entwickelt, die ein robustes, ma\u00dfgeschneidertes Dampferlebnis mit einer breiten Palette von Geschmacksrichtungen sch\u00e4tzen.<\/p>","protected":false},"excerpt":{"rendered":"<p>Die ELF BOX Shisha 16000 bietet authentischen Shisha-Stil in einem kompakten Ger\u00e4t. Seine weiche Kehle hit und wiederaufladbare Design machen es eine herausragende Wahl f\u00fcr anspruchsvolle Gro\u00dfhandel Kunden.<\/p>","protected":false},"featured_media":8944,"comment_status":"open","ping_status":"closed","template":"","meta":[],"product_brand":[],"product_cat":[22],"product_tag":[472],"class_list":{"0":"post-8891","1":"product","2":"type-product","3":"status-publish","4":"has-post-thumbnail","6":"product_cat-disposable-vape-sticks","7":"product_tag-elf-box","9":"first","10":"instock","11":"sale","12":"shipping-taxable","13":"purchasable","14":"product-type-simple"},"jetpack_sharing_enabled":true,"tiered_pricing_type":"fixed","tiered_pricing_fixed_rules":{"500":8.800000000000000710542735760100185871124267578125,"2000":8.699999999999999289457264239899814128875732421875,"5000":8.5},"tiered_pricing_product_settings":{"layout":"default","base_unit_name":{"singular":null,"plural":null},"default_variation":null},"tiered_pricing_minimum_quantity":50,"tiered_pricing_roles_data":[],"tiered_pricing_percentage_rules":[],"tiered_pricing_maximum_quantity":null,"tiered_pricing_quantity_step":null,"_links":{"self":[{"href":"https:\/\/cloudsupplyvapes.com\/de\/wp-json\/wp\/v2\/product\/8891","targetHints":{"allow":["GET"]}}],"collection":[{"href":"https:\/\/cloudsupplyvapes.com\/de\/wp-json\/wp\/v2\/product"}],"about":[{"href":"https:\/\/cloudsupplyvapes.com\/de\/wp-json\/wp\/v2\/types\/product"}],"replies":[{"embeddable":true,"href":"https:\/\/cloudsupplyvapes.com\/de\/wp-json\/wp\/v2\/comments?post=8891"}],"wp:featuredmedia":[{"embeddable":true,"href":"https:\/\/cloudsupplyvapes.com\/de\/wp-json\/wp\/v2\/media\/8944"}],"wp:attachment":[{"href":"https:\/\/cloudsupplyvapes.com\/de\/wp-json\/wp\/v2\/media?parent=8891"}],"wp:term":[{"taxonomy":"product_brand","embeddable":true,"href":"https:\/\/cloudsupplyvapes.com\/de\/wp-json\/wp\/v2\/product_brand?post=8891"},{"taxonomy":"product_cat","embeddable":true,"href":"https:\/\/cloudsupplyvapes.com\/de\/wp-json\/wp\/v2\/product_cat?post=8891"},{"taxonomy":"product_tag","embeddable":true,"href":"https:\/\/cloudsupplyvapes.com\/de\/wp-json\/wp\/v2\/product_tag?post=8891"}],"curies":[{"name":"wp","href":"https:\/\/api.w.org\/{rel}","templated":true}]}}