{"id":8892,"date":"2024-10-19T03:03:30","date_gmt":"2024-10-19T03:03:30","guid":{"rendered":"https:\/\/cloudsupplyvapes.com\/?post_type=product&#038;p=8892"},"modified":"2024-11-19T06:49:28","modified_gmt":"2024-11-19T06:49:28","slug":"-286","status":"publish","type":"product","link":"https:\/\/cloudsupplyvapes.com\/de\/product\/elf-box-rgb14000-pro-long-lasting-disposable-vape-wholesale\/","title":{"rendered":"ELF BOX RGB14000 Pro Langlebige Einweg Vape Gro\u00dfhandel - 14.000 Puffs, RGB-Funktionen, 16mL Kapazit\u00e4t, Bulk Ready"},"content":{"rendered":"<h2>Geschmacksoptionen:<\/h2>\n<ul>\n<li>Erdbeere Wassermelone<\/li>\n<li>Blaues Razzeis<\/li>\n<li>Erdbeereis<\/li>\n<li>Traubeneis<\/li>\n<li>Minze Eis<\/li>\n<li>Red Bull<\/li>\n<li>Doppelter Apfel<\/li>\n<li>\u00dcppiges Eis<\/li>\n<li>Pfirsich-Mango<\/li>\n<li>Kirsche Soda<\/li>\n<\/ul>\n<h3>ELF BOX RGB14000 Pro Technische Daten<\/h3>\n<table>\n<thead>\n<tr>\n<th><strong>Merkmal<\/strong><\/th>\n<th><strong>Spezifikation<\/strong><\/th>\n<\/tr>\n<\/thead>\n<tbody>\n<tr>\n<td>Puffs<\/td>\n<td>14.000 Z\u00fcge<\/td>\n<\/tr>\n<tr>\n<td>Kern<\/td>\n<td>Mesh-Spule 1.0ohm<\/td>\n<\/tr>\n<tr>\n<td>E-Liquid Kapazit\u00e4t<\/td>\n<td>25ml<\/td>\n<\/tr>\n<tr>\n<td>Nikotinst\u00e4rke<\/td>\n<td>0%, 2%, 3%, 5% (Standard)<\/td>\n<\/tr>\n<tr>\n<td>Batteriekapazit\u00e4t<\/td>\n<td>18250-600mAh<\/td>\n<\/tr>\n<tr>\n<td>Wiederaufladbar<\/td>\n<td>Typ-C<\/td>\n<\/tr>\n<tr>\n<td>LED-Anzeige<\/td>\n<td>Ja<\/td>\n<\/tr>\n<tr>\n<td>RGB-Licht + Schl\u00fcsselband<\/td>\n<td>Eingeschlossen<\/td>\n<\/tr>\n<tr>\n<td>Produkt Gewicht<\/td>\n<td>105g\/St\u00fcck<\/td>\n<\/tr>\n<tr>\n<td>Gr\u00f6\u00dfe des Produkts<\/td>\n<td>35*36*133.5mm<\/td>\n<\/tr>\n<tr>\n<td>Paket Gewicht<\/td>\n<td>21,7 kg\/200 St\u00fcck<\/td>\n<\/tr>\n<\/tbody>\n<\/table>\n<h3>Wesentliche Merkmale:<\/h3>\n<ul>\n<li><strong>Visuell beeindruckendes Design:<\/strong> Die RGB-Beleuchtung sorgt f\u00fcr einen dynamischen visuellen Effekt w\u00e4hrend des Gebrauchs und wird durch ein praktisches Schl\u00fcsselband zum einfachen Tragen erg\u00e4nzt.<\/li>\n<li><strong>Leistungsstarke Maschenspule:<\/strong> Ausgestattet mit einem 1.0ohm Mesh Coil f\u00fcr konsistenten Geschmack und dichte Dampfproduktion.<\/li>\n<li><strong>Gro\u00dfe E-Liquid-Kapazit\u00e4t:<\/strong> Kommt mit einer 25ml e-Fl\u00fcssigkeit Kapazit\u00e4t, so dass f\u00fcr bis zu 14.000 Z\u00fcge.<\/li>\n<li><strong>Mehrere Nikotinoptionen:<\/strong> Erh\u00e4ltlich in verschiedenen Nikotinst\u00e4rken f\u00fcr alle Raucher, vom Anf\u00e4nger bis zum erfahrenen Enthusiasten.<\/li>\n<li><strong>Wiederaufladbare Batterie:<\/strong> Enth\u00e4lt einen Typ-C-Anschluss zum schnellen und bequemen Aufladen, damit Ihnen nie der Strom ausgeht.<\/li>\n<\/ul>\n<h3>Warum ELF BOX RGB14000 Pro w\u00e4hlen?<\/h3>\n<p>Die ELF BOX RGB14000 Pro verbindet \u00c4sthetik mit Funktionalit\u00e4t: Sie verf\u00fcgt \u00fcber ein RGB-Licht-Display, eine gro\u00dfe E-Liquid-Kapazit\u00e4t und vielseitige Nikotinoptionen. Perfekt f\u00fcr diejenigen, die Stil und Substanz in ihrem Dampferlebnis sch\u00e4tzen.<\/p>\n<p><iframe loading=\"lazy\" title=\"ELF BOX RGB14000 Pro\" width=\"1020\" height=\"574\" src=\"https:\/\/www.youtube.com\/embed\/ZBz8I05BGJ8?feature=oembed\" frameborder=\"0\" allow=\"accelerometer; autoplay; clipboard-write; encrypted-media; gyroscope; picture-in-picture; web-share\" referrerpolicy=\"strict-origin-when-cross-origin\" allowfullscreen><\/iframe><\/p>\n<div style=\"width: 720px;\" class=\"wp-video\"><video class=\"wp-video-shortcode\" id=\"video-8892-1\" width=\"720\" height=\"1280\" preload=\"metadata\" controls=\"controls\"><source type=\"video\/mp4\" src=\"https:\/\/shop.vape.hk\/wp-content\/uploads\/2024\/07\/0d54b2ee42e98e5502f787f7bfabf99e.mp4?_=1\" \/><a href=\"https:\/\/shop.vape.hk\/wp-content\/uploads\/2024\/07\/0d54b2ee42e98e5502f787f7bfabf99e.mp4\" target=\"_blank\" rel=\"noopener\">https:\/\/shop.vape.hk\/wp-content\/uploads\/2024\/07\/0d54b2ee42e98e5502f787f7bfabf99e.mp4<\/a><\/video><\/div>\n<div style=\"width: 720px;\" class=\"wp-video\"><video class=\"wp-video-shortcode\" id=\"video-8892-2\" width=\"720\" height=\"1280\" preload=\"metadata\" controls=\"controls\"><source type=\"video\/mp4\" src=\"https:\/\/shop.vape.hk\/wp-content\/uploads\/2024\/07\/6b4cba6b8c9a33678c2fb8b228fcfd9e.mp4?_=2\" \/><a href=\"https:\/\/shop.vape.hk\/wp-content\/uploads\/2024\/07\/6b4cba6b8c9a33678c2fb8b228fcfd9e.mp4\" target=\"_blank\" rel=\"noopener\">https:\/\/shop.vape.hk\/wp-content\/uploads\/2024\/07\/6b4cba6b8c9a33678c2fb8b228fcfd9e.mp4<\/a><\/video><\/div>\n<div style=\"width: 576px;\" class=\"wp-video\"><video class=\"wp-video-shortcode\" id=\"video-8892-3\" width=\"576\" height=\"1024\" preload=\"metadata\" controls=\"controls\"><source type=\"video\/mp4\" src=\"https:\/\/shop.vape.hk\/wp-content\/uploads\/2024\/07\/ce77b89cb3f545c9f7125637d4e47fc1.mp4?_=3\" \/><a href=\"https:\/\/shop.vape.hk\/wp-content\/uploads\/2024\/07\/ce77b89cb3f545c9f7125637d4e47fc1.mp4\" target=\"_blank\" rel=\"noopener\">https:\/\/shop.vape.hk\/wp-content\/uploads\/2024\/07\/ce77b89cb3f545c9f7125637d4e47fc1.mp4<\/a><\/video><\/div>","protected":false},"excerpt":{"rendered":"<p>Mit verbesserter RGB-Beleuchtung und erh\u00f6hter Dampfabgabe bietet die ELF BOX RGB14000 Pro ein erstklassiges Erlebnis. Gebaut f\u00fcr Langlebigkeit, ist es perfekt f\u00fcr Gro\u00dfbestellungen, die auf trendige Dampfer abzielen.<\/p>","protected":false},"featured_media":8981,"comment_status":"open","ping_status":"closed","template":"","meta":[],"product_brand":[],"product_cat":[22],"product_tag":[472],"class_list":{"0":"post-8892","1":"product","2":"type-product","3":"status-publish","4":"has-post-thumbnail","6":"product_cat-disposable-vape-sticks","7":"product_tag-elf-box","9":"first","10":"instock","11":"sale","12":"shipping-taxable","13":"purchasable","14":"product-type-simple"},"jetpack_sharing_enabled":true,"tiered_pricing_type":"fixed","tiered_pricing_fixed_rules":{"500":8.699999999999999289457264239899814128875732421875,"2000":8.5999999999999996447286321199499070644378662109375,"5000":8.5},"tiered_pricing_product_settings":{"layout":"default","base_unit_name":{"singular":null,"plural":null},"default_variation":null},"tiered_pricing_minimum_quantity":50,"tiered_pricing_roles_data":[],"tiered_pricing_percentage_rules":[],"tiered_pricing_maximum_quantity":null,"tiered_pricing_quantity_step":null,"_links":{"self":[{"href":"https:\/\/cloudsupplyvapes.com\/de\/wp-json\/wp\/v2\/product\/8892","targetHints":{"allow":["GET"]}}],"collection":[{"href":"https:\/\/cloudsupplyvapes.com\/de\/wp-json\/wp\/v2\/product"}],"about":[{"href":"https:\/\/cloudsupplyvapes.com\/de\/wp-json\/wp\/v2\/types\/product"}],"replies":[{"embeddable":true,"href":"https:\/\/cloudsupplyvapes.com\/de\/wp-json\/wp\/v2\/comments?post=8892"}],"wp:featuredmedia":[{"embeddable":true,"href":"https:\/\/cloudsupplyvapes.com\/de\/wp-json\/wp\/v2\/media\/8981"}],"wp:attachment":[{"href":"https:\/\/cloudsupplyvapes.com\/de\/wp-json\/wp\/v2\/media?parent=8892"}],"wp:term":[{"taxonomy":"product_brand","embeddable":true,"href":"https:\/\/cloudsupplyvapes.com\/de\/wp-json\/wp\/v2\/product_brand?post=8892"},{"taxonomy":"product_cat","embeddable":true,"href":"https:\/\/cloudsupplyvapes.com\/de\/wp-json\/wp\/v2\/product_cat?post=8892"},{"taxonomy":"product_tag","embeddable":true,"href":"https:\/\/cloudsupplyvapes.com\/de\/wp-json\/wp\/v2\/product_tag?post=8892"}],"curies":[{"name":"wp","href":"https:\/\/api.w.org\/{rel}","templated":true}]}}