{"id":8893,"date":"2024-10-19T03:03:30","date_gmt":"2024-10-19T03:03:30","guid":{"rendered":"https:\/\/cloudsupplyvapes.com\/?post_type=product&#038;p=8893"},"modified":"2024-11-19T06:49:14","modified_gmt":"2024-11-19T06:49:14","slug":"-287","status":"publish","type":"product","link":"https:\/\/cloudsupplyvapes.com\/de\/product\/elf-box-ls15000-puff-disposable-vape-wholesale-2\/","title":{"rendered":"ELF BOX LS15000 Puffs Einweg-Vape-Gro\u00dfhandel - 15.000 Puffs, Sleek Build, langlebige Batterie, Premium-Pods in Bulk"},"content":{"rendered":"<h2>Geschmacksoptionen:<\/h2>\n<ul>\n<li>Brombeereis<\/li>\n<li>Heidelbeere auf Eis<\/li>\n<li>Kiwi Passionsfrucht<\/li>\n<li>Erdbeer-Kiwi<\/li>\n<li>Blue Razz Limonade<\/li>\n<li>Wassermelone Eis<\/li>\n<li>Erdbeere Wassermelone<\/li>\n<li>Erdbeereis<\/li>\n<li>Pfirsich Mango Ananas<\/li>\n<li>Traubeneis<\/li>\n<li>Mango-Banane<\/li>\n<li>Gemischte Beeren<\/li>\n<\/ul>\n<h3>ELF BOX LS15000 Technische Daten<\/h3>\n<table>\n<thead>\n<tr>\n<th><strong>Merkmal<\/strong><\/th>\n<th><strong>Spezifikation<\/strong><\/th>\n<\/tr>\n<\/thead>\n<tbody>\n<tr>\n<td>Puffs<\/td>\n<td>15.000 Z\u00fcge<\/td>\n<\/tr>\n<tr>\n<td>Kern<\/td>\n<td>Mesh-Spule 0.6ohm<\/td>\n<\/tr>\n<tr>\n<td>E-Liquid Kapazit\u00e4t<\/td>\n<td>26ml<\/td>\n<\/tr>\n<tr>\n<td>Nikotinst\u00e4rke<\/td>\n<td>0%, 2%, 5% (Standard)<\/td>\n<\/tr>\n<tr>\n<td>Batteriekapazit\u00e4t<\/td>\n<td>18250-600mAh<\/td>\n<\/tr>\n<tr>\n<td>Wiederaufladbar<\/td>\n<td>Typ-C<\/td>\n<\/tr>\n<tr>\n<td>Produkt Gewicht<\/td>\n<td>91g<\/td>\n<\/tr>\n<tr>\n<td>Gr\u00f6\u00dfe des Produkts<\/td>\n<td>124,5*31,5mm<\/td>\n<\/tr>\n<tr>\n<td>Paket Gewicht<\/td>\n<td>20 kg\/200 St\u00fcck<\/td>\n<\/tr>\n<\/tbody>\n<\/table>\n<h3>Wesentliche Merkmale:<\/h3>\n<ul>\n<li><strong>E-Liquid-Beh\u00e4lter mit hoher Kapazit\u00e4t:<\/strong> Der 26-ml-Tank erm\u00f6glicht ausgedehnte Vaping-Sessions mit bis zu 15.000 Z\u00fcgen.<\/li>\n<li><strong>Effiziente Maschenspule:<\/strong> Ausgestattet mit einem 0,6ohm Mesh Coil f\u00fcr optimale Geschmacksabgabe und Dampfproduktion.<\/li>\n<li><strong>Unterschiedliche Nikotinst\u00e4rken:<\/strong> Erh\u00e4ltlich in den Nikotinvarianten 0%, 2% und 5%, um den unterschiedlichen Vorlieben der Nutzer gerecht zu werden.<\/li>\n<li><strong>Kompakt und tragbar:<\/strong> Er ist einfach zu handhaben und zu transportieren und damit ideal f\u00fcr das Vaping unterwegs.<\/li>\n<li><strong>USB Typ-C Aufladen:<\/strong> Unterst\u00fctzt schnelles und bequemes Aufladen mit seinem USB-Typ-C-Anschluss.<\/li>\n<\/ul>\n<h3>Warum die ELF BOX LS15000?<\/h3>\n<p>Die ELF BOX LS15000 zeichnet sich durch eine gro\u00dfz\u00fcgige E-Liquid-Kapazit\u00e4t und eine leistungsstarke Mesh-Coil-Technologie aus, die ein lang anhaltendes und befriedigendes Dampferlebnis bietet. Ideal f\u00fcr Dampfer, die robusten Geschmack und hohe Benutzerfreundlichkeit in einem schlanken, tragbaren Ger\u00e4t suchen.<\/p>","protected":false},"excerpt":{"rendered":"<p>Die ELF BOX LS15000 ist f\u00fcr l\u00e4ngere Vaping-Sessions konzipiert und bietet ergonomischen Komfort und erstklassige Materialqualit\u00e4t. Eine zuverl\u00e4ssige Option f\u00fcr Gro\u00dfabnehmer, die langlebige Ger\u00e4te suchen.<\/p>","protected":false},"featured_media":9035,"comment_status":"open","ping_status":"closed","template":"","meta":[],"product_brand":[],"product_cat":[22],"product_tag":[472],"class_list":{"0":"post-8893","1":"product","2":"type-product","3":"status-publish","4":"has-post-thumbnail","6":"product_cat-disposable-vape-sticks","7":"product_tag-elf-box","9":"first","10":"instock","11":"sale","12":"featured","13":"shipping-taxable","14":"purchasable","15":"product-type-simple"},"jetpack_sharing_enabled":true,"tiered_pricing_type":"fixed","tiered_pricing_fixed_rules":{"500":8.800000000000000710542735760100185871124267578125,"2000":8.699999999999999289457264239899814128875732421875,"5000":8.5999999999999996447286321199499070644378662109375},"tiered_pricing_product_settings":{"layout":"default","base_unit_name":{"singular":null,"plural":null},"default_variation":null},"tiered_pricing_minimum_quantity":10,"tiered_pricing_roles_data":[],"tiered_pricing_percentage_rules":[],"tiered_pricing_maximum_quantity":null,"tiered_pricing_quantity_step":"10","_links":{"self":[{"href":"https:\/\/cloudsupplyvapes.com\/de\/wp-json\/wp\/v2\/product\/8893","targetHints":{"allow":["GET"]}}],"collection":[{"href":"https:\/\/cloudsupplyvapes.com\/de\/wp-json\/wp\/v2\/product"}],"about":[{"href":"https:\/\/cloudsupplyvapes.com\/de\/wp-json\/wp\/v2\/types\/product"}],"replies":[{"embeddable":true,"href":"https:\/\/cloudsupplyvapes.com\/de\/wp-json\/wp\/v2\/comments?post=8893"}],"wp:featuredmedia":[{"embeddable":true,"href":"https:\/\/cloudsupplyvapes.com\/de\/wp-json\/wp\/v2\/media\/9035"}],"wp:attachment":[{"href":"https:\/\/cloudsupplyvapes.com\/de\/wp-json\/wp\/v2\/media?parent=8893"}],"wp:term":[{"taxonomy":"product_brand","embeddable":true,"href":"https:\/\/cloudsupplyvapes.com\/de\/wp-json\/wp\/v2\/product_brand?post=8893"},{"taxonomy":"product_cat","embeddable":true,"href":"https:\/\/cloudsupplyvapes.com\/de\/wp-json\/wp\/v2\/product_cat?post=8893"},{"taxonomy":"product_tag","embeddable":true,"href":"https:\/\/cloudsupplyvapes.com\/de\/wp-json\/wp\/v2\/product_tag?post=8893"}],"curies":[{"name":"wp","href":"https:\/\/api.w.org\/{rel}","templated":true}]}}