{"id":8894,"date":"2024-10-19T03:03:30","date_gmt":"2024-10-19T03:03:30","guid":{"rendered":"https:\/\/cloudsupplyvapes.com\/?post_type=product&#038;p=8894"},"modified":"2024-11-19T06:49:05","modified_gmt":"2024-11-19T06:49:05","slug":"-288","status":"publish","type":"product","link":"https:\/\/cloudsupplyvapes.com\/de\/product\/elf-box-digital-12000-puff-disposable-vape-wholesale\/","title":{"rendered":"ELF BOX Digital 12000 Puffs Einweg Vape Gro\u00dfhandel - 12.000 Puffs, Digitalanzeige, wiederaufladbare Design, Gro\u00dfeinkauf"},"content":{"rendered":"<h2>Geschmacksoptionen:<\/h2>\n<ul>\n<li>Erdbeereis<\/li>\n<li>Strawberry Blast<\/li>\n<li>Erdbeere Wassermelone<\/li>\n<li>Gemischtes Obst<\/li>\n<li>Blaues Razzeis<\/li>\n<li>Blaubeere-Sauer-Himbeere<\/li>\n<li>Kiwi Passionsfrucht<\/li>\n<li>Doppelter Apfel<\/li>\n<li>Wassermelone Eis<\/li>\n<li>Wassermelone Bubblegum<\/li>\n<li>Kokosnuss Melone<\/li>\n<li>Kirsche Cola<\/li>\n<li>Pfirsich-Eis<\/li>\n<li>Erdbeere-Banane<\/li>\n<li>Herr Blau<\/li>\n<li>Brombeereis<\/li>\n<li>Mango-Eis<\/li>\n<li>Traubeneis<\/li>\n<li>Pfirsich Beeren<\/li>\n<li>Erdbeer-Kiwi-Frucht<\/li>\n<\/ul>\n<h3>ELF BOX Digital 12000 Technische Daten<\/h3>\n<table>\n<thead>\n<tr>\n<th><strong>Merkmal<\/strong><\/th>\n<th><strong>Spezifikation<\/strong><\/th>\n<\/tr>\n<\/thead>\n<tbody>\n<tr>\n<td>Puffs<\/td>\n<td>12.000 Z\u00fcge<\/td>\n<\/tr>\n<tr>\n<td>Kern<\/td>\n<td>Mesh-Spule 0.8ohm<\/td>\n<\/tr>\n<tr>\n<td>E-Liquid Kapazit\u00e4t<\/td>\n<td>25ml<\/td>\n<\/tr>\n<tr>\n<td>Nikotinst\u00e4rke<\/td>\n<td>0%, 2%, 3%, 5% (Standard)<\/td>\n<\/tr>\n<tr>\n<td>Batteriekapazit\u00e4t<\/td>\n<td>13350-500mAh<\/td>\n<\/tr>\n<tr>\n<td>Wiederaufladbar<\/td>\n<td>Typ-C<\/td>\n<\/tr>\n<tr>\n<td>Digitale Anzeige<\/td>\n<td>Ja<\/td>\n<\/tr>\n<tr>\n<td>Produkt Gewicht<\/td>\n<td>82g<\/td>\n<\/tr>\n<tr>\n<td>Gr\u00f6\u00dfe des Produkts<\/td>\n<td>30*57*101mm<\/td>\n<\/tr>\n<tr>\n<td>Paket Gewicht<\/td>\n<td>17,5 kg\/200 St\u00fcck<\/td>\n<\/tr>\n<\/tbody>\n<\/table>\n<h3>Wesentliche Merkmale:<\/h3>\n<ul>\n<li><strong>Digitale Anzeige \u00dcberwachung:<\/strong> Verf\u00fcgt \u00fcber ein digitales Display zur Echtzeit\u00fcberwachung des Fl\u00fcssigkeitsstands und des Batteriestatus.<\/li>\n<li><strong>Umfangreiche Geschmackspalette:<\/strong> Bietet eine gro\u00dfe Vielfalt an Geschmacksrichtungen f\u00fcr alle Geschmacksvorlieben und garantiert jedes Mal ein frisches Erlebnis.<\/li>\n<li><strong>E-Liquid mit hohem Fassungsverm\u00f6gen:<\/strong> Kommt mit einem gro\u00dfen 25ml e-Fl\u00fcssigkeitstank f\u00fcr bis zu 12.000 Z\u00fcge und verl\u00e4ngert die Dauer zwischen den Nachf\u00fcllungen.<\/li>\n<li><strong>Effiziente Maschenspule:<\/strong> Verwendet eine 0,8 Ohm Mesh-Spule f\u00fcr gleichm\u00e4\u00dfige Dampfproduktion und verbesserte Geschmacksabgabe.<\/li>\n<li><strong>USB Typ-C Aufladen:<\/strong> Ausgestattet mit einem Typ-C-Ladeanschluss f\u00fcr schnelles und bequemes Aufladen von Strom.<\/li>\n<\/ul>\n<h3>Warum die ELF BOX Digital 12000?<\/h3>\n<p>Die ELF BOX Digital 12000 kombiniert moderne Technologie mit praktischem Design, verf\u00fcgt \u00fcber ein digitales Display und eine gro\u00dfe Auswahl an Geschmacksrichtungen. Sie ist ideal f\u00fcr Dampfer, die Wert auf Bequemlichkeit, umfangreiche Nutzung und eine vielf\u00e4ltige Geschmacksauswahl legen.<\/p>","protected":false},"excerpt":{"rendered":"<p>Die ELF BOX Digital 12000 kombiniert ein elegantes Display mit einer pr\u00e4zisen Luftstromsteuerung. Die robuste Konstruktion und das intuitive Design richten sich an fortgeschrittene Benutzer und Gro\u00dfh\u00e4ndler.<\/p>","protected":false},"featured_media":9072,"comment_status":"open","ping_status":"closed","template":"","meta":[],"product_brand":[],"product_cat":[22],"product_tag":[472],"class_list":{"0":"post-8894","1":"product","2":"type-product","3":"status-publish","4":"has-post-thumbnail","6":"product_cat-disposable-vape-sticks","7":"product_tag-elf-box","9":"first","10":"instock","11":"sale","12":"shipping-taxable","13":"purchasable","14":"product-type-simple"},"jetpack_sharing_enabled":true,"tiered_pricing_type":"fixed","tiered_pricing_fixed_rules":{"500":8.5999999999999996447286321199499070644378662109375,"2000":8.5,"5000":8.300000000000000710542735760100185871124267578125},"tiered_pricing_product_settings":{"layout":"default","base_unit_name":{"singular":null,"plural":null},"default_variation":null},"tiered_pricing_minimum_quantity":50,"tiered_pricing_roles_data":[],"tiered_pricing_percentage_rules":[],"tiered_pricing_maximum_quantity":null,"tiered_pricing_quantity_step":null,"_links":{"self":[{"href":"https:\/\/cloudsupplyvapes.com\/de\/wp-json\/wp\/v2\/product\/8894","targetHints":{"allow":["GET"]}}],"collection":[{"href":"https:\/\/cloudsupplyvapes.com\/de\/wp-json\/wp\/v2\/product"}],"about":[{"href":"https:\/\/cloudsupplyvapes.com\/de\/wp-json\/wp\/v2\/types\/product"}],"replies":[{"embeddable":true,"href":"https:\/\/cloudsupplyvapes.com\/de\/wp-json\/wp\/v2\/comments?post=8894"}],"wp:featuredmedia":[{"embeddable":true,"href":"https:\/\/cloudsupplyvapes.com\/de\/wp-json\/wp\/v2\/media\/9072"}],"wp:attachment":[{"href":"https:\/\/cloudsupplyvapes.com\/de\/wp-json\/wp\/v2\/media?parent=8894"}],"wp:term":[{"taxonomy":"product_brand","embeddable":true,"href":"https:\/\/cloudsupplyvapes.com\/de\/wp-json\/wp\/v2\/product_brand?post=8894"},{"taxonomy":"product_cat","embeddable":true,"href":"https:\/\/cloudsupplyvapes.com\/de\/wp-json\/wp\/v2\/product_cat?post=8894"},{"taxonomy":"product_tag","embeddable":true,"href":"https:\/\/cloudsupplyvapes.com\/de\/wp-json\/wp\/v2\/product_tag?post=8894"}],"curies":[{"name":"wp","href":"https:\/\/api.w.org\/{rel}","templated":true}]}}