{"id":8895,"date":"2024-10-19T03:03:30","date_gmt":"2024-10-19T03:03:30","guid":{"rendered":"https:\/\/cloudsupplyvapes.com\/?post_type=product&#038;p=8895"},"modified":"2024-11-19T06:48:56","modified_gmt":"2024-11-19T06:48:56","slug":"-289","status":"publish","type":"product","link":"https:\/\/cloudsupplyvapes.com\/de\/product\/elf-box-rgb14000-disposable-vape-wholesale\/","title":{"rendered":"ELF BOX RGB14000 Puffs Einweg Vape Gro\u00dfhandel - 14.000 Puffs, RGB-Beleuchtung, 16mL Tank, Bulk Einweg Vapes"},"content":{"rendered":"<h2>Geschmacksoptionen:<\/h2>\n<ul>\n<li>Erdbeere Wassermelone<\/li>\n<li>Blaues Razzeis<\/li>\n<li>Erdbeereis<\/li>\n<li>Traubeneis<\/li>\n<li>Minze Eis<\/li>\n<li>Red Bull<\/li>\n<li>Doppelter Apfel<\/li>\n<li>\u00dcppiges Eis<\/li>\n<li>Pfirsich-Mango<\/li>\n<li>Kirsche Soda<\/li>\n<\/ul>\n<h3>ELF BOX RGB14000 Technische Daten<\/h3>\n<table>\n<thead>\n<tr>\n<th><strong>Merkmal<\/strong><\/th>\n<th><strong>Spezifikation<\/strong><\/th>\n<\/tr>\n<\/thead>\n<tbody>\n<tr>\n<td>Puffs<\/td>\n<td>14.000 Z\u00fcge<\/td>\n<\/tr>\n<tr>\n<td>Kern<\/td>\n<td>Mesh-Spule 1.0ohm<\/td>\n<\/tr>\n<tr>\n<td>E-Liquid Kapazit\u00e4t<\/td>\n<td>25ml<\/td>\n<\/tr>\n<tr>\n<td>Nikotinst\u00e4rke<\/td>\n<td>0%, 2%, 3%, 5% (Standard)<\/td>\n<\/tr>\n<tr>\n<td>Batteriekapazit\u00e4t<\/td>\n<td>18250-600mAh<\/td>\n<\/tr>\n<tr>\n<td>Wiederaufladbar<\/td>\n<td>Typ-C<\/td>\n<\/tr>\n<tr>\n<td>RGB-Licht + Schl\u00fcsselband<\/td>\n<td>Eingeschlossen<\/td>\n<\/tr>\n<tr>\n<td>Produkt Gewicht<\/td>\n<td>100g\/St\u00fcck<\/td>\n<\/tr>\n<tr>\n<td>Gr\u00f6\u00dfe des Produkts<\/td>\n<td>35*36*133.5mm<\/td>\n<\/tr>\n<tr>\n<td>Paket Gewicht<\/td>\n<td>20,7 kg\/200 St\u00fcck<\/td>\n<\/tr>\n<\/tbody>\n<\/table>\n<h3>Wesentliche Merkmale:<\/h3>\n<ul>\n<li><strong>Dynamische RGB-Beleuchtung:<\/strong> Mit RGB-Beleuchtung, die das visuelle Erlebnis w\u00e4hrend der Nutzung verbessert.<\/li>\n<li><strong>Leistungsstarke Mesh-Spule:<\/strong> Ausgestattet mit einem 1.0ohm Mesh Coil f\u00fcr exzellente Aromaproduktion und zufriedenstellende Wolkenproduktion.<\/li>\n<li><strong>Gro\u00dfz\u00fcgige E-Liquid-Kapazit\u00e4t:<\/strong> Verf\u00fcgt \u00fcber einen 25-ml-Tank f\u00fcr langanhaltende Vaping-Sessions, der bis zu 14.000 Z\u00fcge unterst\u00fctzt.<\/li>\n<li><strong>Vielseitige Nikotinoptionen:<\/strong> Erh\u00e4ltlich in einer Reihe von Nikotinst\u00e4rken, um jeder Vorliebe gerecht zu werden.<\/li>\n<li><strong>Tragbar und stilvoll:<\/strong> F\u00fcr den einfachen Transport und die Verwendung unterwegs konzipiert, komplett mit praktischem Schl\u00fcsselband.<\/li>\n<\/ul>\n<h3>Warum ELF BOX RGB14000 w\u00e4hlen?<\/h3>\n<p>Die ELF BOX RGB14000 ist perfekt f\u00fcr Dampfer, die sowohl Stil als auch Substanz sch\u00e4tzen. Die RGB-Beleuchtung und die \u00fcberlegene Spulentechnologie bieten sowohl ein optisch beeindruckendes als auch ein sehr befriedigendes Dampferlebnis.<\/p>","protected":false},"excerpt":{"rendered":"<p>ELF BOX RGB14000 verbessert das Dampfen mit lebendiger Beleuchtung und einem kompakten Profil. Dieses Ger\u00e4t sorgt f\u00fcr reibungslose Leistung und stilvolle Attraktivit\u00e4t, ideal f\u00fcr technisch versierte Kunden und Gro\u00dfhandel K\u00e4ufer.<\/p>","protected":false},"featured_media":9130,"comment_status":"open","ping_status":"closed","template":"","meta":[],"product_brand":[],"product_cat":[22],"product_tag":[472],"class_list":{"0":"post-8895","1":"product","2":"type-product","3":"status-publish","4":"has-post-thumbnail","6":"product_cat-disposable-vape-sticks","7":"product_tag-elf-box","9":"first","10":"instock","11":"sale","12":"shipping-taxable","13":"purchasable","14":"product-type-simple"},"jetpack_sharing_enabled":true,"tiered_pricing_type":"fixed","tiered_pricing_fixed_rules":{"500":8.0999999999999996447286321199499070644378662109375,"2000":8,"5000":7.9000000000000003552713678800500929355621337890625},"tiered_pricing_product_settings":{"layout":"default","base_unit_name":{"singular":null,"plural":null},"default_variation":null},"tiered_pricing_minimum_quantity":50,"tiered_pricing_roles_data":[],"tiered_pricing_percentage_rules":[],"tiered_pricing_maximum_quantity":null,"tiered_pricing_quantity_step":null,"_links":{"self":[{"href":"https:\/\/cloudsupplyvapes.com\/de\/wp-json\/wp\/v2\/product\/8895","targetHints":{"allow":["GET"]}}],"collection":[{"href":"https:\/\/cloudsupplyvapes.com\/de\/wp-json\/wp\/v2\/product"}],"about":[{"href":"https:\/\/cloudsupplyvapes.com\/de\/wp-json\/wp\/v2\/types\/product"}],"replies":[{"embeddable":true,"href":"https:\/\/cloudsupplyvapes.com\/de\/wp-json\/wp\/v2\/comments?post=8895"}],"wp:featuredmedia":[{"embeddable":true,"href":"https:\/\/cloudsupplyvapes.com\/de\/wp-json\/wp\/v2\/media\/9130"}],"wp:attachment":[{"href":"https:\/\/cloudsupplyvapes.com\/de\/wp-json\/wp\/v2\/media?parent=8895"}],"wp:term":[{"taxonomy":"product_brand","embeddable":true,"href":"https:\/\/cloudsupplyvapes.com\/de\/wp-json\/wp\/v2\/product_brand?post=8895"},{"taxonomy":"product_cat","embeddable":true,"href":"https:\/\/cloudsupplyvapes.com\/de\/wp-json\/wp\/v2\/product_cat?post=8895"},{"taxonomy":"product_tag","embeddable":true,"href":"https:\/\/cloudsupplyvapes.com\/de\/wp-json\/wp\/v2\/product_tag?post=8895"}],"curies":[{"name":"wp","href":"https:\/\/api.w.org\/{rel}","templated":true}]}}