{"id":8896,"date":"2024-10-19T03:03:30","date_gmt":"2024-10-19T03:03:30","guid":{"rendered":"https:\/\/cloudsupplyvapes.com\/?post_type=product&#038;p=8896"},"modified":"2024-11-19T06:04:11","modified_gmt":"2024-11-19T06:04:11","slug":"-290","status":"publish","type":"product","link":"https:\/\/cloudsupplyvapes.com\/de\/product\/elf-box-14000-puff-disposable-vape-wholesale\/","title":{"rendered":"ELF BOX 14000 Puffs Einweg-Vape-Gro\u00dfhandel - 14.000 Puffs, lang anhaltende Batterie, 15mL Kapazit\u00e4t, Bulk-Pods bereit"},"content":{"rendered":"<h2>Geschmacksoptionen:<\/h2>\n<ul>\n<li>Blaues Razzeis<\/li>\n<li>Erdbeereis<\/li>\n<li>Traubeneis<\/li>\n<li>Minze Eis<\/li>\n<li>Red Bull<\/li>\n<li>Doppelter Apfel<\/li>\n<li>\u00dcppiges Eis<\/li>\n<li>Pfirsich-Mango<\/li>\n<li>Kirsche Soda<\/li>\n<\/ul>\n<h3>ELF BOX 14000 Spezifikationen<\/h3>\n<table>\n<thead>\n<tr>\n<th><strong>Merkmal<\/strong><\/th>\n<th><strong>Spezifikation<\/strong><\/th>\n<\/tr>\n<\/thead>\n<tbody>\n<tr>\n<td>Puffs<\/td>\n<td>14.000 Z\u00fcge<\/td>\n<\/tr>\n<tr>\n<td>Kern<\/td>\n<td>Mesh-Spule 1.0ohm<\/td>\n<\/tr>\n<tr>\n<td>E-Liquid Kapazit\u00e4t<\/td>\n<td>25ml<\/td>\n<\/tr>\n<tr>\n<td>Nikotinst\u00e4rke<\/td>\n<td>0%, 2%, 3%, 5% (Standard)<\/td>\n<\/tr>\n<tr>\n<td>Batteriekapazit\u00e4t<\/td>\n<td>18250-600mAh<\/td>\n<\/tr>\n<tr>\n<td>Wiederaufladbar<\/td>\n<td>Typ-C<\/td>\n<\/tr>\n<tr>\n<td>RGB-Licht + Schl\u00fcsselband<\/td>\n<td>Eingeschlossen<\/td>\n<\/tr>\n<tr>\n<td>Produkt Gewicht<\/td>\n<td>100g\/St\u00fcck<\/td>\n<\/tr>\n<tr>\n<td>Gr\u00f6\u00dfe des Produkts<\/td>\n<td>35*36*133.5mm<\/td>\n<\/tr>\n<tr>\n<td>Paket Gewicht<\/td>\n<td>20,7 kg\/200 St\u00fcck<\/td>\n<\/tr>\n<\/tbody>\n<\/table>\n<h3>Wesentliche Merkmale:<\/h3>\n<ul>\n<li><strong>Dynamische RGB-Beleuchtung:<\/strong> Die RGB-Beleuchtung sorgt f\u00fcr einen lebendigen und ansprechenden visuellen Effekt w\u00e4hrend des Gebrauchs.<\/li>\n<li><strong>Effiziente Maschenspule:<\/strong> Verwendet eine 1,0-Ohm-Mesh-Spule f\u00fcr exzellente Geschmackstreue und erhebliche Dampfproduktion.<\/li>\n<li><strong>Gro\u00dfe E-Liquid-Kapazit\u00e4t:<\/strong> Kommt mit einem 25ml Tank, der bis zu 14.000 Z\u00fcge f\u00fcr ein langes Dampfvergn\u00fcgen bietet.<\/li>\n<li><strong>Vielf\u00e4ltige Nikotinoptionen:<\/strong> Bietet eine Auswahl an Nikotinst\u00e4rken, die verschiedenen Vorlieben und Bed\u00fcrfnissen gerecht werden.<\/li>\n<li><strong>Bequeme Wiederaufladbarkeit:<\/strong> Ausgestattet mit einem Typ-C-Ladeanschluss zum schnellen und einfachen Aufladen des Akkus.<\/li>\n<\/ul>\n<h3>Warum die ELF BOX 14000?<\/h3>\n<p>Die ELF BOX 14000 wurde f\u00fcr diejenigen entwickelt, die sowohl Wert auf Stil als auch auf Leistung legen. Die leuchtende RGB-Beleuchtung und die robuste Mesh-Spule sorgen f\u00fcr ein optisch ansprechendes und befriedigendes Dampferlebnis.<\/p>","protected":false},"excerpt":{"rendered":"<p>Verbessern Sie Ihr Dampferlebnis mit der ELF BOX 14000, die \u00fcber eine RGB-Beleuchtung und einen 25-ml-E-Liquid-Tank mit hoher Kapazit\u00e4t verf\u00fcgt. Genie\u00dfen Sie langanhaltendes Dampfen mit bis zu 14.000 Z\u00fcgen und fortschrittlicher Mesh-Coil-Technologie, alles in einem stilvollen und tragbaren Design.<\/p>","protected":false},"featured_media":9164,"comment_status":"open","ping_status":"closed","template":"","meta":[],"product_brand":[],"product_cat":[22],"product_tag":[472],"class_list":{"0":"post-8896","1":"product","2":"type-product","3":"status-publish","4":"has-post-thumbnail","6":"product_cat-disposable-vape-sticks","7":"product_tag-elf-box","9":"first","10":"instock","11":"sale","12":"shipping-taxable","13":"purchasable","14":"product-type-simple"},"jetpack_sharing_enabled":true,"tiered_pricing_type":"fixed","tiered_pricing_fixed_rules":[],"tiered_pricing_product_settings":{"layout":"default","base_unit_name":{"singular":null,"plural":null},"default_variation":null},"tiered_pricing_minimum_quantity":50,"tiered_pricing_roles_data":[],"tiered_pricing_percentage_rules":[],"tiered_pricing_maximum_quantity":null,"tiered_pricing_quantity_step":null,"_links":{"self":[{"href":"https:\/\/cloudsupplyvapes.com\/de\/wp-json\/wp\/v2\/product\/8896","targetHints":{"allow":["GET"]}}],"collection":[{"href":"https:\/\/cloudsupplyvapes.com\/de\/wp-json\/wp\/v2\/product"}],"about":[{"href":"https:\/\/cloudsupplyvapes.com\/de\/wp-json\/wp\/v2\/types\/product"}],"replies":[{"embeddable":true,"href":"https:\/\/cloudsupplyvapes.com\/de\/wp-json\/wp\/v2\/comments?post=8896"}],"wp:featuredmedia":[{"embeddable":true,"href":"https:\/\/cloudsupplyvapes.com\/de\/wp-json\/wp\/v2\/media\/9164"}],"wp:attachment":[{"href":"https:\/\/cloudsupplyvapes.com\/de\/wp-json\/wp\/v2\/media?parent=8896"}],"wp:term":[{"taxonomy":"product_brand","embeddable":true,"href":"https:\/\/cloudsupplyvapes.com\/de\/wp-json\/wp\/v2\/product_brand?post=8896"},{"taxonomy":"product_cat","embeddable":true,"href":"https:\/\/cloudsupplyvapes.com\/de\/wp-json\/wp\/v2\/product_cat?post=8896"},{"taxonomy":"product_tag","embeddable":true,"href":"https:\/\/cloudsupplyvapes.com\/de\/wp-json\/wp\/v2\/product_tag?post=8896"}],"curies":[{"name":"wp","href":"https:\/\/api.w.org\/{rel}","templated":true}]}}