{"id":8897,"date":"2024-10-19T03:03:31","date_gmt":"2024-10-19T03:03:31","guid":{"rendered":"https:\/\/cloudsupplyvapes.com\/?post_type=product&#038;p=8897"},"modified":"2024-11-19T06:48:32","modified_gmt":"2024-11-19T06:48:32","slug":"-291","status":"publish","type":"product","link":"https:\/\/cloudsupplyvapes.com\/de\/product\/elf-box-bk12000-puff-disposable-vape-wholesale\/","title":{"rendered":"ELF BOX BK12000 Puffs Einweg-Vape Gro\u00dfhandel - 12.000 Puffs, wiederaufladbar, 13mL Tank, hohe Puff-Kapazit\u00e4t f\u00fcr Gro\u00dfbestellungen"},"content":{"rendered":"<h2>Geschmacksoptionen:<\/h2>\n<ul>\n<li>Erdbeer-Kiwi<\/li>\n<li>Heidelbeere-Himbeere<\/li>\n<li>Pfirsich Mango Ananas<\/li>\n<li>Wassermelone Eis<\/li>\n<li>Kirsche Cola<\/li>\n<li>Erdbeere Wassermelone<\/li>\n<li>Traubeneis<\/li>\n<li>Kiwi Passionsfrucht<\/li>\n<li>Pfirsich-Eis<\/li>\n<li>Heidelbeere auf Eis<\/li>\n<\/ul>\n<h3>ELF BOX BK12000 Technische Daten<\/h3>\n<table>\n<thead>\n<tr>\n<th><strong>Merkmal<\/strong><\/th>\n<th><strong>Spezifikation<\/strong><\/th>\n<\/tr>\n<\/thead>\n<tbody>\n<tr>\n<td>Puffs<\/td>\n<td>12.000 Z\u00fcge<\/td>\n<\/tr>\n<tr>\n<td>Kern<\/td>\n<td>Mesh-Spule 0.8ohm<\/td>\n<\/tr>\n<tr>\n<td>E-Liquid Kapazit\u00e4t<\/td>\n<td>23ml<\/td>\n<\/tr>\n<tr>\n<td>Nikotinst\u00e4rke<\/td>\n<td>0%, 2%, 3%, 5% (Standard)<\/td>\n<\/tr>\n<tr>\n<td>Batteriekapazit\u00e4t<\/td>\n<td>650mAh<\/td>\n<\/tr>\n<tr>\n<td>Wiederaufladbar<\/td>\n<td>Typ-C<\/td>\n<\/tr>\n<tr>\n<td>Produkt Gewicht<\/td>\n<td>103g\/St\u00fcck<\/td>\n<\/tr>\n<tr>\n<td>Gr\u00f6\u00dfe des Produkts<\/td>\n<td>46*46*124mm<\/td>\n<\/tr>\n<tr>\n<td>Paket Gewicht<\/td>\n<td>21,6 kg\/200 St\u00fcck<\/td>\n<\/tr>\n<\/tbody>\n<\/table>\n<h3>Wesentliche Merkmale:<\/h3>\n<ul>\n<li><strong>Effiziente Maschenspule:<\/strong> Verwendet eine 0,8 Ohm Mesh-Spule f\u00fcr verbesserte Geschmacksextraktion und gleichm\u00e4\u00dfige Dampfproduktion.<\/li>\n<li><strong>Gro\u00dfe E-Liquid-Kapazit\u00e4t:<\/strong> Der 23-ml-Tank erm\u00f6glicht bis zu 12.000 Z\u00fcge und sorgt so f\u00fcr lange Dampfsessions.<\/li>\n<li><strong>Flexible Nikotinwerte:<\/strong> Erh\u00e4ltlich in einer Reihe von Nikotinst\u00e4rken, die den verschiedenen Vorlieben beim Dampfen entgegenkommen.<\/li>\n<li><strong>Wiederaufladbar Bequemlichkeit:<\/strong> Ausgestattet mit einem Typ-C-Anschluss f\u00fcr schnelles und effizientes Aufladen.<\/li>\n<li><strong>Kompaktes und tragbares Design:<\/strong> Entwickelt f\u00fcr Benutzerfreundlichkeit und Tragbarkeit, perfekt f\u00fcr das Dampfen unterwegs.<\/li>\n<\/ul>\n<h3>Warum die ELF BOX BK12000?<\/h3>\n<p>Die ELF BOX BK12000 bietet eine starke Kombination aus Leistung, Komfort und Geschmacksvielfalt und ist damit eine ausgezeichnete Wahl f\u00fcr alle, die ein zuverl\u00e4ssiges und angenehmes Dampferlebnis suchen.<\/p>","protected":false},"excerpt":{"rendered":"<p>ELF BOX BK12000 bietet ein fortschrittliches System mit Zugaktivierung und einen auslaufsicheren Tank. Gefertigt f\u00fcr eine gleichbleibende Leistung, ist sie ideal f\u00fcr unterwegs und f\u00fcr den Wiederverkauf von gro\u00dfen Mengen.<\/p>","protected":false},"featured_media":9165,"comment_status":"open","ping_status":"closed","template":"","meta":[],"product_brand":[],"product_cat":[22],"product_tag":[472],"class_list":{"0":"post-8897","1":"product","2":"type-product","3":"status-publish","4":"has-post-thumbnail","6":"product_cat-disposable-vape-sticks","7":"product_tag-elf-box","9":"first","10":"instock","11":"sale","12":"shipping-taxable","13":"purchasable","14":"product-type-simple"},"jetpack_sharing_enabled":true,"tiered_pricing_type":"fixed","tiered_pricing_fixed_rules":{"500":8,"2000":7.9000000000000003552713678800500929355621337890625,"5000":7.79999999999999982236431605997495353221893310546875},"tiered_pricing_product_settings":{"layout":"default","base_unit_name":{"singular":null,"plural":null},"default_variation":null},"tiered_pricing_minimum_quantity":50,"tiered_pricing_roles_data":[],"tiered_pricing_percentage_rules":[],"tiered_pricing_maximum_quantity":null,"tiered_pricing_quantity_step":null,"_links":{"self":[{"href":"https:\/\/cloudsupplyvapes.com\/de\/wp-json\/wp\/v2\/product\/8897","targetHints":{"allow":["GET"]}}],"collection":[{"href":"https:\/\/cloudsupplyvapes.com\/de\/wp-json\/wp\/v2\/product"}],"about":[{"href":"https:\/\/cloudsupplyvapes.com\/de\/wp-json\/wp\/v2\/types\/product"}],"replies":[{"embeddable":true,"href":"https:\/\/cloudsupplyvapes.com\/de\/wp-json\/wp\/v2\/comments?post=8897"}],"wp:featuredmedia":[{"embeddable":true,"href":"https:\/\/cloudsupplyvapes.com\/de\/wp-json\/wp\/v2\/media\/9165"}],"wp:attachment":[{"href":"https:\/\/cloudsupplyvapes.com\/de\/wp-json\/wp\/v2\/media?parent=8897"}],"wp:term":[{"taxonomy":"product_brand","embeddable":true,"href":"https:\/\/cloudsupplyvapes.com\/de\/wp-json\/wp\/v2\/product_brand?post=8897"},{"taxonomy":"product_cat","embeddable":true,"href":"https:\/\/cloudsupplyvapes.com\/de\/wp-json\/wp\/v2\/product_cat?post=8897"},{"taxonomy":"product_tag","embeddable":true,"href":"https:\/\/cloudsupplyvapes.com\/de\/wp-json\/wp\/v2\/product_tag?post=8897"}],"curies":[{"name":"wp","href":"https:\/\/api.w.org\/{rel}","templated":true}]}}