{"id":8898,"date":"2024-10-19T03:03:31","date_gmt":"2024-10-19T03:03:31","guid":{"rendered":"https:\/\/cloudsupplyvapes.com\/?post_type=product&#038;p=8898"},"modified":"2024-11-19T06:38:35","modified_gmt":"2024-11-19T06:38:35","slug":"-292","status":"publish","type":"product","link":"https:\/\/cloudsupplyvapes.com\/de\/product\/elf-box-5500-puff-disposable-vape-wholesale\/","title":{"rendered":"ELF BOX 5500 Puffs Einweg Vape Gro\u00dfhandel - 10mL E-Liquid, kompaktes Design, Bulk-Pods auf Lager jetzt"},"content":{"rendered":"<h2>Geschmacksoptionen:<\/h2>\n<ul>\n<li>Kiwi Orange Beere<\/li>\n<li>Weintrauben-Melonen-Eis<\/li>\n<li>Kiwi-Beere<\/li>\n<li>Regenbogen-Bonbon<\/li>\n<li>Grapefruit Ananas<\/li>\n<li>Bananeneis<\/li>\n<\/ul>\n<h3>ELF BOX 5500 Spezifikationen<\/h3>\n<table>\n<thead>\n<tr>\n<th><strong>Merkmal<\/strong><\/th>\n<th><strong>Spezifikation<\/strong><\/th>\n<\/tr>\n<\/thead>\n<tbody>\n<tr>\n<td>Puffs<\/td>\n<td>5.500 Z\u00fcge<\/td>\n<\/tr>\n<tr>\n<td>Kern<\/td>\n<td>Mesh-Spule 1.2ohm<\/td>\n<\/tr>\n<tr>\n<td>E-Liquid Kapazit\u00e4t<\/td>\n<td>13ml<\/td>\n<\/tr>\n<tr>\n<td>Nikotinst\u00e4rke<\/td>\n<td>0%, 2%, 3%, 5% (Standard)<\/td>\n<\/tr>\n<tr>\n<td>Batteriekapazit\u00e4t<\/td>\n<td>16350-650mAh<\/td>\n<\/tr>\n<tr>\n<td>Wiederaufladbar<\/td>\n<td>Typ-C<\/td>\n<\/tr>\n<tr>\n<td>Produkt Gewicht<\/td>\n<td>60g\/St\u00fcck<\/td>\n<\/tr>\n<tr>\n<td>Gr\u00f6\u00dfe des Produkts<\/td>\n<td>45*87*244mm<\/td>\n<\/tr>\n<tr>\n<td>Paket Gewicht<\/td>\n<td>13,35 kg\/200 St\u00fcck<\/td>\n<\/tr>\n<\/tbody>\n<\/table>\n<h3>Wesentliche Merkmale:<\/h3>\n<ul>\n<li><strong>Effiziente Maschenspule:<\/strong> Verwendet eine 1,2 Ohm Mesh-Spule, die f\u00fcr optimale Geschmacksabgabe und gleichm\u00e4\u00dfige Dampfproduktion entwickelt wurde.<\/li>\n<li><strong>Kompakte E-Liquid-Kapazit\u00e4t:<\/strong> Mit einem 13ml-Tank f\u00fcr ein kompaktes und dennoch befriedigendes Dampferlebnis mit bis zu 5.500 Z\u00fcgen.<\/li>\n<li><strong>Vielseitige Nikotinoptionen:<\/strong> Erh\u00e4ltlich in verschiedenen Nikotinst\u00e4rken, um sowohl leichte als auch starke Raucher zufrieden zu stellen.<\/li>\n<li><strong>Benutzerfreundliches Design:<\/strong> Einfach zu verwenden und aufzuladen mit seinem USB-Typ-C-Anschluss, so dass es ideal f\u00fcr on-the-go vaping.<\/li>\n<li><strong>Leicht und tragbar:<\/strong> Mit einem Gewicht von nur 60 g ist das Ger\u00e4t tragbar und leicht zu handhaben.<\/li>\n<\/ul>\n<h3>Warum die ELF BOX 5500?<\/h3>\n<p>Die ELF BOX 5500 ist perfekt f\u00fcr alle, die ein leichtes, tragbares Verdampferger\u00e4t suchen, das keine Kompromisse bei Geschmack oder Leistung eingeht. Ideal f\u00fcr Verdampfer, die Komfort und Qualit\u00e4t in einer kompakten Form sch\u00e4tzen.<\/p>","protected":false},"excerpt":{"rendered":"<p>Die ELF BOX 5500 kombiniert eine leichte Konstruktion mit einer problemlosen Bedienung, perfekt f\u00fcr den t\u00e4glichen Gebrauch. Seine sanfte Dampfproduktion und sein ergonomisches Design machen ihn zu einer beliebten Wahl f\u00fcr Gro\u00dfhandelskunden.<\/p>","protected":false},"featured_media":9198,"comment_status":"open","ping_status":"closed","template":"","meta":[],"product_brand":[],"product_cat":[22],"product_tag":[472],"class_list":{"0":"post-8898","1":"product","2":"type-product","3":"status-publish","4":"has-post-thumbnail","6":"product_cat-disposable-vape-sticks","7":"product_tag-elf-box","9":"first","10":"instock","11":"sale","12":"shipping-taxable","13":"purchasable","14":"product-type-simple"},"jetpack_sharing_enabled":true,"tiered_pricing_type":"fixed","tiered_pricing_fixed_rules":{"500":7.9000000000000003552713678800500929355621337890625,"2000":7.79999999999999982236431605997495353221893310546875,"5000":7.5999999999999996447286321199499070644378662109375},"tiered_pricing_product_settings":{"layout":"default","base_unit_name":{"singular":null,"plural":null},"default_variation":null},"tiered_pricing_minimum_quantity":50,"tiered_pricing_roles_data":[],"tiered_pricing_percentage_rules":[],"tiered_pricing_maximum_quantity":null,"tiered_pricing_quantity_step":null,"_links":{"self":[{"href":"https:\/\/cloudsupplyvapes.com\/de\/wp-json\/wp\/v2\/product\/8898","targetHints":{"allow":["GET"]}}],"collection":[{"href":"https:\/\/cloudsupplyvapes.com\/de\/wp-json\/wp\/v2\/product"}],"about":[{"href":"https:\/\/cloudsupplyvapes.com\/de\/wp-json\/wp\/v2\/types\/product"}],"replies":[{"embeddable":true,"href":"https:\/\/cloudsupplyvapes.com\/de\/wp-json\/wp\/v2\/comments?post=8898"}],"wp:featuredmedia":[{"embeddable":true,"href":"https:\/\/cloudsupplyvapes.com\/de\/wp-json\/wp\/v2\/media\/9198"}],"wp:attachment":[{"href":"https:\/\/cloudsupplyvapes.com\/de\/wp-json\/wp\/v2\/media?parent=8898"}],"wp:term":[{"taxonomy":"product_brand","embeddable":true,"href":"https:\/\/cloudsupplyvapes.com\/de\/wp-json\/wp\/v2\/product_brand?post=8898"},{"taxonomy":"product_cat","embeddable":true,"href":"https:\/\/cloudsupplyvapes.com\/de\/wp-json\/wp\/v2\/product_cat?post=8898"},{"taxonomy":"product_tag","embeddable":true,"href":"https:\/\/cloudsupplyvapes.com\/de\/wp-json\/wp\/v2\/product_tag?post=8898"}],"curies":[{"name":"wp","href":"https:\/\/api.w.org\/{rel}","templated":true}]}}