{"id":8899,"date":"2024-10-19T03:03:31","date_gmt":"2024-10-19T03:03:31","guid":{"rendered":"https:\/\/cloudsupplyvapes.com\/?post_type=product&#038;p=8899"},"modified":"2024-11-19T06:01:48","modified_gmt":"2024-11-19T06:01:48","slug":"-293","status":"publish","type":"product","link":"https:\/\/cloudsupplyvapes.com\/de\/product\/elf-box-5000-disposable-wholesale\/","title":{"rendered":"ELF BOX 5000 Puffs Einweg Vape Gro\u00dfhandel - 5.000 Puffs, 10mL E-Liquid, erschwinglich und zuverl\u00e4ssig Pods in Bulk"},"content":{"rendered":"<h2>Geschmacksoptionen:<\/h2>\n<ul>\n<li>Kiwi-Frucht<\/li>\n<li>Kiwi Guave Maracuja<\/li>\n<li>Malaiische Mango<\/li>\n<\/ul>\n<h3>ELF BOX 5000 Spezifikationen<\/h3>\n<table>\n<thead>\n<tr>\n<th><strong>Merkmal<\/strong><\/th>\n<th><strong>Spezifikation<\/strong><\/th>\n<\/tr>\n<\/thead>\n<tbody>\n<tr>\n<td>Puffs<\/td>\n<td>5.000 Z\u00fcge<\/td>\n<\/tr>\n<tr>\n<td>Kern<\/td>\n<td>Mesh-Spule 1.2ohm<\/td>\n<\/tr>\n<tr>\n<td>E-Liquid Kapazit\u00e4t<\/td>\n<td>12ml<\/td>\n<\/tr>\n<tr>\n<td>Nikotinst\u00e4rke<\/td>\n<td>0%, 2%, 3%, 5%<\/td>\n<\/tr>\n<tr>\n<td>Batteriekapazit\u00e4t<\/td>\n<td>16350-650mAh<\/td>\n<\/tr>\n<tr>\n<td>Wiederaufladbar<\/td>\n<td>Typ-C<\/td>\n<\/tr>\n<tr>\n<td>Produkt Gewicht<\/td>\n<td>62g\/St\u00fcck<\/td>\n<\/tr>\n<tr>\n<td>Gr\u00f6\u00dfe des Produkts<\/td>\n<td>22*49*98mm<\/td>\n<\/tr>\n<tr>\n<td>Paket Gewicht<\/td>\n<td>13,5 kg\/200 St\u00fcck<\/td>\n<\/tr>\n<tr>\n<td>Gr\u00f6\u00dfe des Kartons<\/td>\n<td>548*235*215mm<\/td>\n<\/tr>\n<\/tbody>\n<\/table>\n<h3>Wesentliche Merkmale:<\/h3>\n<ul>\n<li><strong>Optimierte Maschenspule:<\/strong> Verf\u00fcgt \u00fcber eine 1,2-Ohm-Mesh-Spule, die eine hervorragende Geschmackstreue und Dampfkonsistenz bietet.<\/li>\n<li><strong>Kompaktes E-Liquid Volumen:<\/strong> Ausgestattet mit einem 12ml Tank, ideal f\u00fcr ausgedehnte Vaping-Sessions mit bis zu 5.000 Z\u00fcgen.<\/li>\n<li><strong>Unterschiedliche Nikotinst\u00e4rken:<\/strong> Erh\u00e4ltlich in verschiedenen Nikotinkonzentrationen, so dass es f\u00fcr eine Vielzahl von Benutzern geeignet ist.<\/li>\n<li><strong>Benutzerfreundliches Aufladen:<\/strong> Verf\u00fcgt \u00fcber einen USB-Typ-C-Anschluss f\u00fcr bequemes und schnelles Aufladen.<\/li>\n<li><strong>Leicht und tragbar:<\/strong> Mit einem Gewicht von nur 62 g ist das Ger\u00e4t leicht zu transportieren und kann auch unterwegs verwendet werden.<\/li>\n<\/ul>\n<h3>Warum die ELF BOX 5000?<\/h3>\n<p>Die ELF BOX 5000 verbindet Funktionalit\u00e4t mit Einfachheit und bietet ein unkompliziertes, qualitativ hochwertiges Dampferlebnis mit Fokus auf Geschmack und Tragbarkeit. Ideal f\u00fcr Verdampfer, die eine problemlose und angenehme Verdampfungssession sch\u00e4tzen.<\/p>","protected":false},"excerpt":{"rendered":"<p>Verbessern Sie Ihre Dampfreise mit der ELF BOX 5000, die bis zu 5.000 Z\u00fcge mit einer Kapazit\u00e4t von 12 ml E-Liquid liefert. Dieses Ger\u00e4t verf\u00fcgt \u00fcber eine hocheffiziente Mesh-Spule und ein kompaktes Design, so dass es perfekt f\u00fcr neue und erfahrene Dampfer, die Qualit\u00e4t und Komfort suchen.<\/p>","protected":false},"featured_media":9199,"comment_status":"open","ping_status":"closed","template":"","meta":[],"product_brand":[],"product_cat":[22],"product_tag":[472],"class_list":{"0":"post-8899","1":"product","2":"type-product","3":"status-publish","4":"has-post-thumbnail","6":"product_cat-disposable-vape-sticks","7":"product_tag-elf-box","9":"first","10":"instock","11":"sale","12":"shipping-taxable","13":"purchasable","14":"product-type-simple"},"jetpack_sharing_enabled":true,"tiered_pricing_type":"fixed","tiered_pricing_fixed_rules":{"500":8,"2000":7.9000000000000003552713678800500929355621337890625,"5000":7.70000000000000017763568394002504646778106689453125},"tiered_pricing_product_settings":{"layout":"default","base_unit_name":{"singular":null,"plural":null},"default_variation":null},"tiered_pricing_minimum_quantity":50,"tiered_pricing_roles_data":[],"tiered_pricing_percentage_rules":[],"tiered_pricing_maximum_quantity":null,"tiered_pricing_quantity_step":null,"_links":{"self":[{"href":"https:\/\/cloudsupplyvapes.com\/de\/wp-json\/wp\/v2\/product\/8899","targetHints":{"allow":["GET"]}}],"collection":[{"href":"https:\/\/cloudsupplyvapes.com\/de\/wp-json\/wp\/v2\/product"}],"about":[{"href":"https:\/\/cloudsupplyvapes.com\/de\/wp-json\/wp\/v2\/types\/product"}],"replies":[{"embeddable":true,"href":"https:\/\/cloudsupplyvapes.com\/de\/wp-json\/wp\/v2\/comments?post=8899"}],"wp:featuredmedia":[{"embeddable":true,"href":"https:\/\/cloudsupplyvapes.com\/de\/wp-json\/wp\/v2\/media\/9199"}],"wp:attachment":[{"href":"https:\/\/cloudsupplyvapes.com\/de\/wp-json\/wp\/v2\/media?parent=8899"}],"wp:term":[{"taxonomy":"product_brand","embeddable":true,"href":"https:\/\/cloudsupplyvapes.com\/de\/wp-json\/wp\/v2\/product_brand?post=8899"},{"taxonomy":"product_cat","embeddable":true,"href":"https:\/\/cloudsupplyvapes.com\/de\/wp-json\/wp\/v2\/product_cat?post=8899"},{"taxonomy":"product_tag","embeddable":true,"href":"https:\/\/cloudsupplyvapes.com\/de\/wp-json\/wp\/v2\/product_tag?post=8899"}],"curies":[{"name":"wp","href":"https:\/\/api.w.org\/{rel}","templated":true}]}}