{"id":8901,"date":"2024-10-19T03:03:31","date_gmt":"2024-10-19T03:03:31","guid":{"rendered":"https:\/\/cloudsupplyvapes.com\/?post_type=product&#038;p=8901"},"modified":"2024-11-19T06:36:08","modified_gmt":"2024-11-19T06:36:08","slug":"-295","status":"publish","type":"product","link":"https:\/\/cloudsupplyvapes.com\/de\/product\/doloda-pebble-6500-puff-disposable-vape-wholesale\/","title":{"rendered":"DOLODA Pebble 6500 Puffs Einweg-Vape-Gro\u00dfhandel - 13mL Tank, wiederaufladbar, leicht bauen f\u00fcr Bulk-Wiederverkauf"},"content":{"rendered":"<h2>Geschmacksoptionen:<\/h2>\n<ul>\n<li>Gummib\u00e4rchen<\/li>\n<li>\u00dcppiges Eis<\/li>\n<li>Traubeneis<\/li>\n<li>Blaues Razzeis<\/li>\n<li>Erdbeere Wassermelone<\/li>\n<li>Zitronenminze<\/li>\n<li>Mokka Kaffee<\/li>\n<li>Malaiische Mango<\/li>\n<li>Brombeereis<\/li>\n<li>Kirsche Soda<\/li>\n<\/ul>\n<h3>DOLODA Pebble Spezifikationen<\/h3>\n<table>\n<thead>\n<tr>\n<th><strong>Merkmal<\/strong><\/th>\n<th><strong>Spezifikation<\/strong><\/th>\n<\/tr>\n<\/thead>\n<tbody>\n<tr>\n<td>Puffs<\/td>\n<td>6.500 Z\u00fcge<\/td>\n<\/tr>\n<tr>\n<td>Kern<\/td>\n<td>Mesh-Spule 1.2ohm<\/td>\n<\/tr>\n<tr>\n<td>E-Liquid Kapazit\u00e4t<\/td>\n<td>13ml<\/td>\n<\/tr>\n<tr>\n<td>Nikotinst\u00e4rke<\/td>\n<td>0%, 2%, 5% (Standard)<\/td>\n<\/tr>\n<tr>\n<td>Batteriekapazit\u00e4t<\/td>\n<td>13350-500mAh<\/td>\n<\/tr>\n<tr>\n<td>Wiederaufladbar<\/td>\n<td>Typ-C<\/td>\n<\/tr>\n<tr>\n<td>Filter-Tipp<\/td>\n<td>Enthalten (3 St\u00fcck)<\/td>\n<\/tr>\n<tr>\n<td>Produkt Gewicht<\/td>\n<td>60g\/St\u00fcck<\/td>\n<\/tr>\n<tr>\n<td>Gr\u00f6\u00dfe des Produkts<\/td>\n<td>28,5*55*100mm<\/td>\n<\/tr>\n<tr>\n<td>Paket Gewicht<\/td>\n<td>13,4 kg\/200 St\u00fcck<\/td>\n<\/tr>\n<tr>\n<td>Gr\u00f6\u00dfe des Kartons<\/td>\n<td>575*300*225mm<\/td>\n<\/tr>\n<\/tbody>\n<\/table>\n<h3>Wesentliche Merkmale:<\/h3>\n<ul>\n<li><strong>Fortschrittliche Mesh-Spulen-Technologie:<\/strong> Ausgestattet mit einer 1,2 Ohm Mesh-Spule, die eine gleichm\u00e4\u00dfige Dampfproduktion und ein verbessertes Aroma gew\u00e4hrleistet.<\/li>\n<li><strong>Gro\u00dfz\u00fcgiges E-Liquid-Volumen:<\/strong> Mit einem 13ml-Tank, der bis zu 6.500 Z\u00fcge unterst\u00fctzt, ideal f\u00fcr l\u00e4ngere Vaping-Phasen.<\/li>\n<li><strong>Vielseitiger Nikotingehalt:<\/strong> Bietet verschiedene Nikotinoptionen, um den unterschiedlichen Vorlieben beim Dampfen gerecht zu werden.<\/li>\n<li><strong>Tragbares Design mit Filterspitzen:<\/strong> Kommt mit drei Filterspitzen f\u00fcr ein komfortables und hygienisches Dampferlebnis, alles in einer kompakten und leicht zu transportierenden Form.<\/li>\n<li><strong>Bequemes Aufladen \u00fcber USB Typ-C:<\/strong> Erm\u00f6glicht ein schnelles und effizientes Aufladen.<\/li>\n<\/ul>\n<h3>Warum DOLODA Pebble w\u00e4hlen?<\/h3>\n<p>Die DOLODA Pebble zeichnet sich durch ihr innovatives Design mit Filterspitzen und eine kompakte Gr\u00f6\u00dfe aus, kombiniert mit einer robusten Funktionalit\u00e4t und einer Vielzahl von geschmacklichen Optionen, was sie zu einer Top-Wahl f\u00fcr anspruchsvolle Vaper macht.<\/p>","protected":false},"excerpt":{"rendered":"<p>Der DOLODA Pebble verf\u00fcgt \u00fcber einen kompakten und dennoch robusten Rahmen. Sein effizientes Design sorgt f\u00fcr minimalen Wartungsaufwand und bietet gleichzeitig ein reichhaltiges Dampferlebnis, was ihn zu einer perfekten Erg\u00e4nzung f\u00fcr gro\u00dfe Lagerbest\u00e4nde macht.<\/p>","protected":false},"featured_media":9201,"comment_status":"open","ping_status":"closed","template":"","meta":[],"product_brand":[],"product_cat":[22],"product_tag":[473],"class_list":{"0":"post-8901","1":"product","2":"type-product","3":"status-publish","4":"has-post-thumbnail","6":"product_cat-disposable-vape-sticks","7":"product_tag-doloda","9":"first","10":"instock","11":"sale","12":"shipping-taxable","13":"purchasable","14":"product-type-simple"},"jetpack_sharing_enabled":true,"tiered_pricing_type":"fixed","tiered_pricing_fixed_rules":{"500":7.9000000000000003552713678800500929355621337890625,"2000":7.79999999999999982236431605997495353221893310546875,"5000":7.5999999999999996447286321199499070644378662109375},"tiered_pricing_product_settings":{"layout":"default","base_unit_name":{"singular":null,"plural":null},"default_variation":null},"tiered_pricing_minimum_quantity":50,"tiered_pricing_roles_data":[],"tiered_pricing_percentage_rules":[],"tiered_pricing_maximum_quantity":null,"tiered_pricing_quantity_step":null,"_links":{"self":[{"href":"https:\/\/cloudsupplyvapes.com\/de\/wp-json\/wp\/v2\/product\/8901","targetHints":{"allow":["GET"]}}],"collection":[{"href":"https:\/\/cloudsupplyvapes.com\/de\/wp-json\/wp\/v2\/product"}],"about":[{"href":"https:\/\/cloudsupplyvapes.com\/de\/wp-json\/wp\/v2\/types\/product"}],"replies":[{"embeddable":true,"href":"https:\/\/cloudsupplyvapes.com\/de\/wp-json\/wp\/v2\/comments?post=8901"}],"wp:featuredmedia":[{"embeddable":true,"href":"https:\/\/cloudsupplyvapes.com\/de\/wp-json\/wp\/v2\/media\/9201"}],"wp:attachment":[{"href":"https:\/\/cloudsupplyvapes.com\/de\/wp-json\/wp\/v2\/media?parent=8901"}],"wp:term":[{"taxonomy":"product_brand","embeddable":true,"href":"https:\/\/cloudsupplyvapes.com\/de\/wp-json\/wp\/v2\/product_brand?post=8901"},{"taxonomy":"product_cat","embeddable":true,"href":"https:\/\/cloudsupplyvapes.com\/de\/wp-json\/wp\/v2\/product_cat?post=8901"},{"taxonomy":"product_tag","embeddable":true,"href":"https:\/\/cloudsupplyvapes.com\/de\/wp-json\/wp\/v2\/product_tag?post=8901"}],"curies":[{"name":"wp","href":"https:\/\/api.w.org\/{rel}","templated":true}]}}