{"id":8903,"date":"2024-10-19T03:03:31","date_gmt":"2024-10-19T03:03:31","guid":{"rendered":"https:\/\/cloudsupplyvapes.com\/?post_type=product&#038;p=8903"},"modified":"2024-11-19T06:35:48","modified_gmt":"2024-11-19T06:35:48","slug":"-297","status":"publish","type":"product","link":"https:\/\/cloudsupplyvapes.com\/de\/product\/doloda-mini-bar-800-puff-disposable-vape-wholesale\/","title":{"rendered":"DOLODA Mini Bar 800 Puffs Einweg Vape Gro\u00dfhandel - 2mL Kapazit\u00e4t, kompakt und ultra-portable, Bulk Purchase bereit"},"content":{"rendered":"<h2>Geschmacksoptionen:<\/h2>\n<ul>\n<li>\u00dcppiges Eis<\/li>\n<li>Saurer Apfel<\/li>\n<li>Minze Eis<\/li>\n<li>Blaues Razzeis<\/li>\n<li>Mango-Melonen-Eis<\/li>\n<li>Erdbeer-Joghurt<\/li>\n<li>Bananeneis<\/li>\n<li>Pfirsich-Eis<\/li>\n<li>Pina Colada<\/li>\n<li>Aloe Traube<\/li>\n<\/ul>\n<h3>DOLODA Mini Bar Spezifikationen<\/h3>\n<table>\n<thead>\n<tr>\n<th><strong>Merkmal<\/strong><\/th>\n<th><strong>Spezifikation<\/strong><\/th>\n<\/tr>\n<\/thead>\n<tbody>\n<tr>\n<td>Puffs<\/td>\n<td>800 Z\u00fcge<\/td>\n<\/tr>\n<tr>\n<td>Kern<\/td>\n<td>Mesh-Spule 1.2ohm<\/td>\n<\/tr>\n<tr>\n<td>E-Liquid Kapazit\u00e4t<\/td>\n<td>2,5ml<\/td>\n<\/tr>\n<tr>\n<td>Nikotinst\u00e4rke<\/td>\n<td>2%, 5%<\/td>\n<\/tr>\n<tr>\n<td>Batteriekapazit\u00e4t<\/td>\n<td>480mAh<\/td>\n<\/tr>\n<tr>\n<td>Produkt Gewicht<\/td>\n<td>35,5 g\/St\u00fcck<\/td>\n<\/tr>\n<tr>\n<td>Gr\u00f6\u00dfe des Produkts<\/td>\n<td>121,5*24,5*24,5mm<\/td>\n<\/tr>\n<tr>\n<td>Paket Gewicht<\/td>\n<td>15,5 kg\/400 St\u00fcck<\/td>\n<\/tr>\n<tr>\n<td>Gr\u00f6\u00dfe des Kartons<\/td>\n<td>546*265*270mm<\/td>\n<\/tr>\n<\/tbody>\n<\/table>\n<h3>Wesentliche Merkmale:<\/h3>\n<ul>\n<li><strong>Kompakt und leicht:<\/strong> Konzipiert f\u00fcr Tragbarkeit und Benutzerfreundlichkeit, ideal f\u00fcr das Dampfen unterwegs.<\/li>\n<li><strong>Effiziente Maschenspule:<\/strong> Verf\u00fcgt \u00fcber eine 1,2 Ohm Mesh-Spule, die f\u00fcr reichhaltigen Geschmack und gleichm\u00e4\u00dfige Dampfproduktion sorgt.<\/li>\n<li><strong>Bequeme Nikotinoptionen:<\/strong> Erh\u00e4ltlich in den Nikotinst\u00e4rken 2% und 5%, um unterschiedlichen Vorlieben gerecht zu werden.<\/li>\n<li><strong>Diskretes Vaping:<\/strong> Dank seiner geringen Gr\u00f6\u00dfe ist er diskret und leicht zu tragen, perfekt f\u00fcr den unauff\u00e4lligen Gebrauch.<\/li>\n<li><strong>Breite Palette an Geschmacksrichtungen:<\/strong> Bietet eine vielf\u00e4ltige Auswahl an Geschmacksrichtungen f\u00fcr alle Geschm\u00e4cker, von fruchtig bis cremig.<\/li>\n<\/ul>\n<h3>Warum DOLODA Mini Bar w\u00e4hlen?<\/h3>\n<p>Die DOLODA Mini Bar ist perfekt f\u00fcr diejenigen, die ein kompaktes, einfach zu bedienendes Ger\u00e4t bevorzugen, das keine Kompromisse beim Geschmack macht. Er ist eine ausgezeichnete Wahl f\u00fcr Gelegenheitsdampfer oder diejenigen, die nach einer praktischen Option f\u00fcr Reisen oder gelegentlichen Gebrauch suchen.<\/p>","protected":false},"excerpt":{"rendered":"<p>Die DOLODA Mini Bar zeichnet sich durch ihre Tragbarkeit und ihr Design aus. Mit seinem robusten Rahmen und der m\u00fchelosen Bedienung ist dieses Ger\u00e4t f\u00fcr bequemes Dampfen und Massenbestellungen mit hoher Nachfrage geeignet.<\/p>","protected":false},"featured_media":9203,"comment_status":"open","ping_status":"closed","template":"","meta":[],"product_brand":[],"product_cat":[22],"product_tag":[473],"class_list":{"0":"post-8903","1":"product","2":"type-product","3":"status-publish","4":"has-post-thumbnail","6":"product_cat-disposable-vape-sticks","7":"product_tag-doloda","9":"first","10":"instock","11":"sale","12":"shipping-taxable","13":"purchasable","14":"product-type-simple"},"jetpack_sharing_enabled":true,"tiered_pricing_type":"fixed","tiered_pricing_fixed_rules":{"500":7.0999999999999996447286321199499070644378662109375,"2000":7,"5000":6.9000000000000003552713678800500929355621337890625},"tiered_pricing_product_settings":{"layout":"default","base_unit_name":{"singular":null,"plural":null},"default_variation":null},"tiered_pricing_minimum_quantity":50,"tiered_pricing_roles_data":[],"tiered_pricing_percentage_rules":[],"tiered_pricing_maximum_quantity":null,"tiered_pricing_quantity_step":null,"_links":{"self":[{"href":"https:\/\/cloudsupplyvapes.com\/de\/wp-json\/wp\/v2\/product\/8903","targetHints":{"allow":["GET"]}}],"collection":[{"href":"https:\/\/cloudsupplyvapes.com\/de\/wp-json\/wp\/v2\/product"}],"about":[{"href":"https:\/\/cloudsupplyvapes.com\/de\/wp-json\/wp\/v2\/types\/product"}],"replies":[{"embeddable":true,"href":"https:\/\/cloudsupplyvapes.com\/de\/wp-json\/wp\/v2\/comments?post=8903"}],"wp:featuredmedia":[{"embeddable":true,"href":"https:\/\/cloudsupplyvapes.com\/de\/wp-json\/wp\/v2\/media\/9203"}],"wp:attachment":[{"href":"https:\/\/cloudsupplyvapes.com\/de\/wp-json\/wp\/v2\/media?parent=8903"}],"wp:term":[{"taxonomy":"product_brand","embeddable":true,"href":"https:\/\/cloudsupplyvapes.com\/de\/wp-json\/wp\/v2\/product_brand?post=8903"},{"taxonomy":"product_cat","embeddable":true,"href":"https:\/\/cloudsupplyvapes.com\/de\/wp-json\/wp\/v2\/product_cat?post=8903"},{"taxonomy":"product_tag","embeddable":true,"href":"https:\/\/cloudsupplyvapes.com\/de\/wp-json\/wp\/v2\/product_tag?post=8903"}],"curies":[{"name":"wp","href":"https:\/\/api.w.org\/{rel}","templated":true}]}}