{"id":8905,"date":"2024-10-19T03:03:32","date_gmt":"2024-10-19T03:03:32","guid":{"rendered":"https:\/\/cloudsupplyvapes.com\/?post_type=product&#038;p=8905"},"modified":"2024-11-19T06:35:29","modified_gmt":"2024-11-19T06:35:29","slug":"-299","status":"publish","type":"product","link":"https:\/\/cloudsupplyvapes.com\/de\/product\/elf-box-600-puff-disposable-vape-wholesale\/","title":{"rendered":"ELF BOX 600 Puffs Disposable Vape Gro\u00dfhandel - 2mL E-Liquid, kompaktes Design, Anf\u00e4nger-freundlich, Bulk-Pods f\u00fcr den Wiederverkauf"},"content":{"rendered":"<h2>Geschmacksoptionen:<\/h2>\n<ul>\n<li>Erdbeere-Banane<\/li>\n<li>Minze Eis<\/li>\n<li>Blauer Razzia<\/li>\n<li>Kirschbl\u00fcte Traube<\/li>\n<li>Kiwi Saure Pflaume<\/li>\n<li>Wassermelone Kaugummi<\/li>\n<li>Ananas-Zitrone<\/li>\n<li>Pfirsich-Eis<\/li>\n<li>Wodka Orange<\/li>\n<li>Bananeneis<\/li>\n<\/ul>\n<h3>ELF BOX 600 Spezifikationen<\/h3>\n<table>\n<thead>\n<tr>\n<th><strong>Merkmal<\/strong><\/th>\n<th><strong>Spezifikation<\/strong><\/th>\n<\/tr>\n<\/thead>\n<tbody>\n<tr>\n<td>Puffs<\/td>\n<td>600 Z\u00fcge<\/td>\n<\/tr>\n<tr>\n<td>Kern<\/td>\n<td>1.6ohm<\/td>\n<\/tr>\n<tr>\n<td>E-Liquid Kapazit\u00e4t<\/td>\n<td>2ml<\/td>\n<\/tr>\n<tr>\n<td>Nikotinst\u00e4rke<\/td>\n<td>0%, 2%, 3%, 5% (Standard)<\/td>\n<\/tr>\n<tr>\n<td>Batteriekapazit\u00e4t<\/td>\n<td>450mAh<\/td>\n<\/tr>\n<tr>\n<td>Produkt Gewicht<\/td>\n<td>38g<\/td>\n<\/tr>\n<tr>\n<td>Gr\u00f6\u00dfe des Produkts<\/td>\n<td>25*47*77mm<\/td>\n<\/tr>\n<tr>\n<td>Paket Gewicht<\/td>\n<td>17,52 kg\/400 St\u00fcck<\/td>\n<\/tr>\n<tr>\n<td>Gr\u00f6\u00dfe des Kartons<\/td>\n<td>548*235*215mm<\/td>\n<\/tr>\n<\/tbody>\n<\/table>\n<h3>Wesentliche Merkmale:<\/h3>\n<ul>\n<li><strong>Kompakt und effizient:<\/strong> Entwickelt f\u00fcr einfache Handhabung mit einem hochwiderstandsf\u00e4higen Kern, ideal f\u00fcr ein sanftes Dampferlebnis.<\/li>\n<li><strong>Unterschiedliche Nikotinst\u00e4rken:<\/strong> Bietet mehrere Nikotinst\u00e4rken f\u00fcr unterschiedliche Vorlieben und sorgt so f\u00fcr ein individuelles Erlebnis.<\/li>\n<li><strong>Leichtes Design:<\/strong> Einfach zu tragen und zu benutzen, perfekt f\u00fcr neue und erfahrene Vaper, die eine tragbare L\u00f6sung suchen.<\/li>\n<li><strong>Vielf\u00e4ltige Geschmacksauswahl:<\/strong> Erh\u00e4ltlich in einer Vielzahl einzigartiger Geschmacksrichtungen f\u00fcr alle Geschm\u00e4cker, von fruchtig bis erfrischend.<\/li>\n<\/ul>\n<h3>Warum die ELF BOX 600?<\/h3>\n<p>Die ELF BOX 600 ist perfekt f\u00fcr diejenigen, die eine bequeme, unkomplizierte Verdampfungsoption mit einer Vielzahl von Geschmacksrichtungen suchen. Ihre kompakte Gr\u00f6\u00dfe und die ausreichende Anzahl an Z\u00fcgen machen sie ideal f\u00fcr den Gebrauch unterwegs und bieten ein befriedigendes Dampferlebnis mit jedem Zug.<\/p>","protected":false},"excerpt":{"rendered":"<p>Die ELF BOX 600 verbindet Einfachheit mit Leistung. Sein Zugsystem und sein schlankes Design machen ihn perfekt f\u00fcr Erstnutzer und bieten ein m\u00fcheloses Dampferlebnis f\u00fcr den t\u00e4glichen Gebrauch.<\/p>","protected":false},"featured_media":9205,"comment_status":"open","ping_status":"closed","template":"","meta":[],"product_brand":[],"product_cat":[22],"product_tag":[472],"class_list":{"0":"post-8905","1":"product","2":"type-product","3":"status-publish","4":"has-post-thumbnail","6":"product_cat-disposable-vape-sticks","7":"product_tag-elf-box","9":"first","10":"instock","11":"sale","12":"shipping-taxable","13":"purchasable","14":"product-type-simple"},"jetpack_sharing_enabled":true,"tiered_pricing_type":"fixed","tiered_pricing_fixed_rules":{"500":6.70000000000000017763568394002504646778106689453125,"2000":6.5999999999999996447286321199499070644378662109375,"5000":6.29999999999999982236431605997495353221893310546875},"tiered_pricing_product_settings":{"layout":"default","base_unit_name":{"singular":null,"plural":null},"default_variation":null},"tiered_pricing_minimum_quantity":50,"tiered_pricing_roles_data":[],"tiered_pricing_percentage_rules":[],"tiered_pricing_maximum_quantity":null,"tiered_pricing_quantity_step":null,"_links":{"self":[{"href":"https:\/\/cloudsupplyvapes.com\/de\/wp-json\/wp\/v2\/product\/8905","targetHints":{"allow":["GET"]}}],"collection":[{"href":"https:\/\/cloudsupplyvapes.com\/de\/wp-json\/wp\/v2\/product"}],"about":[{"href":"https:\/\/cloudsupplyvapes.com\/de\/wp-json\/wp\/v2\/types\/product"}],"replies":[{"embeddable":true,"href":"https:\/\/cloudsupplyvapes.com\/de\/wp-json\/wp\/v2\/comments?post=8905"}],"wp:featuredmedia":[{"embeddable":true,"href":"https:\/\/cloudsupplyvapes.com\/de\/wp-json\/wp\/v2\/media\/9205"}],"wp:attachment":[{"href":"https:\/\/cloudsupplyvapes.com\/de\/wp-json\/wp\/v2\/media?parent=8905"}],"wp:term":[{"taxonomy":"product_brand","embeddable":true,"href":"https:\/\/cloudsupplyvapes.com\/de\/wp-json\/wp\/v2\/product_brand?post=8905"},{"taxonomy":"product_cat","embeddable":true,"href":"https:\/\/cloudsupplyvapes.com\/de\/wp-json\/wp\/v2\/product_cat?post=8905"},{"taxonomy":"product_tag","embeddable":true,"href":"https:\/\/cloudsupplyvapes.com\/de\/wp-json\/wp\/v2\/product_tag?post=8905"}],"curies":[{"name":"wp","href":"https:\/\/api.w.org\/{rel}","templated":true}]}}