{"id":8906,"date":"2024-10-19T03:03:32","date_gmt":"2024-10-19T03:03:32","guid":{"rendered":"https:\/\/cloudsupplyvapes.com\/?post_type=product&#038;p=8906"},"modified":"2024-11-19T06:35:20","modified_gmt":"2024-11-19T06:35:20","slug":"-300","status":"publish","type":"product","link":"https:\/\/cloudsupplyvapes.com\/de\/product\/poco-bm7000-puffs-disposable-vape-wholesale-germany-europe-and-usa-local-warehouse-in-stock\/","title":{"rendered":"POCO BM7000 Puffs Einweg-Vape-Gro\u00dfhandel - 7.000 Puffs, 13mL Kapazit\u00e4t, wiederaufladbar, hohe Puffzahl f\u00fcr Gro\u00dfbestellungen"},"content":{"rendered":"<h2>Geschmacksoptionen:<\/h2>\n<ul>\n<li>Erdbeere Wassermelone<\/li>\n<li>Banane Beere Drachenfrucht<\/li>\n<li>Cranberry Traube<\/li>\n<li>K\u00fchle Minze<\/li>\n<li>Heidelbeere-Himbeere<\/li>\n<li>Blaubeer-Zuckerwatte<\/li>\n<li>Pfirsich-Eis<\/li>\n<li>Erdbeer-Mango<\/li>\n<li>Passionsfrucht Kiwi Guave<\/li>\n<li>Blaubeereis<\/li>\n<\/ul>\n<h3>POCO BM7000 Spezifikationen<\/h3>\n<table>\n<thead>\n<tr>\n<th><strong>Merkmal<\/strong><\/th>\n<th><strong>Spezifikation<\/strong><\/th>\n<\/tr>\n<\/thead>\n<tbody>\n<tr>\n<td>Kapazit\u00e4t<\/td>\n<td>17ml<\/td>\n<\/tr>\n<tr>\n<td>Nikotinst\u00e4rke<\/td>\n<td>5%<\/td>\n<\/tr>\n<tr>\n<td>Batteriekapazit\u00e4t<\/td>\n<td>850mAh<\/td>\n<\/tr>\n<tr>\n<td>Wiederaufladbar<\/td>\n<td>Typ-C<\/td>\n<\/tr>\n<tr>\n<td>Puffs<\/td>\n<td>7000 Z\u00fcge<\/td>\n<\/tr>\n<tr>\n<td>Produkt Gewicht<\/td>\n<td>Wird an der Kasse je nach Menge und Versandort berechnet.<\/td>\n<\/tr>\n<\/tbody>\n<\/table>\n<h3>Wesentliche Merkmale:<\/h3>\n<ul>\n<li><strong>Gro\u00dfe E-Liquid-Kapazit\u00e4t:<\/strong> Verf\u00fcgt \u00fcber einen 17ml e-Fl\u00fcssigkeitstank, der bis zu 7000 Z\u00fcge unterst\u00fctzt, was ihn sehr effizient f\u00fcr einen l\u00e4ngeren Gebrauch macht.<\/li>\n<li><strong>Leistungsstarke Batterie:<\/strong> Ausgestattet mit einem 850mAh-Akku, der lang anhaltende Vaping-Sessions mit gleichbleibender Leistung gew\u00e4hrleistet.<\/li>\n<li><strong>USB Typ-C Aufladen:<\/strong> Verf\u00fcgt \u00fcber einen Typ-C-Anschluss f\u00fcr schnelles und bequemes Aufladen, was die Ausfallzeiten erheblich reduziert.<\/li>\n<li><strong>Breite Palette an Geschmacksrichtungen:<\/strong> Bietet eine vielf\u00e4ltige Auswahl an Geschmacksrichtungen, von fruchtig bis minzig, f\u00fcr alle Vorlieben.<\/li>\n<\/ul>\n<h3>Warum POCO BM7000 w\u00e4hlen?<\/h3>\n<p>Der POCO BM7000 zeichnet sich durch seine gro\u00dfe E-Liquid-Kapazit\u00e4t und seinen leistungsstarken Akku aus und bietet ein zuverl\u00e4ssiges und angenehmes Dampferlebnis. Er ist perfekt f\u00fcr Dampfer, die ein Einwegger\u00e4t mit hoher Kapazit\u00e4t suchen, das sowohl Vielfalt als auch Langlebigkeit bietet.<\/p>","protected":false},"excerpt":{"rendered":"<p>Mit seiner verbesserten Batterieeffizienz und dem hochwertigen Tankdesign bietet der POCO BM7000 nahtlose Funktionalit\u00e4t. Sein geringes Gewicht eignet sich f\u00fcr Nutzer, die unterwegs sind, und f\u00fcr Gro\u00dfabnehmer, die zuverl\u00e4ssige Ger\u00e4te suchen.<\/p>","protected":false},"featured_media":9206,"comment_status":"open","ping_status":"closed","template":"","meta":[],"product_brand":[],"product_cat":[22],"product_tag":[474],"class_list":{"0":"post-8906","1":"product","2":"type-product","3":"status-publish","4":"has-post-thumbnail","6":"product_cat-disposable-vape-sticks","7":"product_tag-poco","9":"first","10":"instock","11":"sale","12":"shipping-taxable","13":"purchasable","14":"product-type-simple"},"jetpack_sharing_enabled":true,"tiered_pricing_type":"fixed","tiered_pricing_fixed_rules":{"500":6.70000000000000017763568394002504646778106689453125,"2000":6.5999999999999996447286321199499070644378662109375,"5000":6.5},"tiered_pricing_product_settings":{"layout":"default","base_unit_name":{"singular":null,"plural":null},"default_variation":null},"tiered_pricing_minimum_quantity":50,"tiered_pricing_roles_data":[],"tiered_pricing_percentage_rules":[],"tiered_pricing_maximum_quantity":null,"tiered_pricing_quantity_step":null,"_links":{"self":[{"href":"https:\/\/cloudsupplyvapes.com\/de\/wp-json\/wp\/v2\/product\/8906","targetHints":{"allow":["GET"]}}],"collection":[{"href":"https:\/\/cloudsupplyvapes.com\/de\/wp-json\/wp\/v2\/product"}],"about":[{"href":"https:\/\/cloudsupplyvapes.com\/de\/wp-json\/wp\/v2\/types\/product"}],"replies":[{"embeddable":true,"href":"https:\/\/cloudsupplyvapes.com\/de\/wp-json\/wp\/v2\/comments?post=8906"}],"wp:featuredmedia":[{"embeddable":true,"href":"https:\/\/cloudsupplyvapes.com\/de\/wp-json\/wp\/v2\/media\/9206"}],"wp:attachment":[{"href":"https:\/\/cloudsupplyvapes.com\/de\/wp-json\/wp\/v2\/media?parent=8906"}],"wp:term":[{"taxonomy":"product_brand","embeddable":true,"href":"https:\/\/cloudsupplyvapes.com\/de\/wp-json\/wp\/v2\/product_brand?post=8906"},{"taxonomy":"product_cat","embeddable":true,"href":"https:\/\/cloudsupplyvapes.com\/de\/wp-json\/wp\/v2\/product_cat?post=8906"},{"taxonomy":"product_tag","embeddable":true,"href":"https:\/\/cloudsupplyvapes.com\/de\/wp-json\/wp\/v2\/product_tag?post=8906"}],"curies":[{"name":"wp","href":"https:\/\/api.w.org\/{rel}","templated":true}]}}