{"id":8907,"date":"2024-10-19T03:03:32","date_gmt":"2024-10-19T03:03:32","guid":{"rendered":"https:\/\/cloudsupplyvapes.com\/?post_type=product&#038;p=8907"},"modified":"2024-11-19T06:35:10","modified_gmt":"2024-11-19T06:35:10","slug":"-301","status":"publish","type":"product","link":"https:\/\/cloudsupplyvapes.com\/de\/product\/poco-be5000-puffs-disposable-vape-wholesale-germany-europe-and-usa-local-warehouse-in-stock\/","title":{"rendered":"POCO BE5000 Puffs Einweg-Vape-Gro\u00dfhandel - 5.000 Puffs, 10mL E-Liquid, wiederaufladbar, erh\u00e4ltlich in Deutschland, Europa, USA"},"content":{"rendered":"<h2>Geschmacksoptionen:<\/h2>\n<ul>\n<li>Blauer Razzia Kirsche<\/li>\n<li>Strawnana<\/li>\n<li>Orange Mango Guave<\/li>\n<li>Erdbeere Wassermelone<\/li>\n<li>Aloe Traube<\/li>\n<li>Erdbeere Mango Pfirsich<\/li>\n<li>Apfel Pfirsich<\/li>\n<li>Pina Colada<\/li>\n<li>Blaubeereis<\/li>\n<li>Erdbeer-Kiwi<\/li>\n<\/ul>\n<h3>POCO BE5000 Spezifikationen<\/h3>\n<table>\n<thead>\n<tr>\n<th><strong>Merkmal<\/strong><\/th>\n<th><strong>Spezifikation<\/strong><\/th>\n<\/tr>\n<\/thead>\n<tbody>\n<tr>\n<td>Kapazit\u00e4t<\/td>\n<td>15ml<\/td>\n<\/tr>\n<tr>\n<td>Nikotinst\u00e4rke<\/td>\n<td>5%<\/td>\n<\/tr>\n<tr>\n<td>Batteriekapazit\u00e4t<\/td>\n<td>650mAh<\/td>\n<\/tr>\n<tr>\n<td>Wiederaufladbar<\/td>\n<td>Typ-C-Stecker<\/td>\n<\/tr>\n<tr>\n<td>Puffs<\/td>\n<td>5000 Z\u00fcge<\/td>\n<\/tr>\n<\/tbody>\n<\/table>\n<h3>Wesentliche Merkmale:<\/h3>\n<ul>\n<li><strong>Gro\u00dfz\u00fcgiges E-Liquid-Volumen:<\/strong> Kommt mit einem 15ml Tank, der bis zu 5000 Z\u00fcge f\u00fcr lang anhaltenden Genuss bietet.<\/li>\n<li><strong>Hochprozentiges Nikotin:<\/strong> Bietet eine konstante 5% Nikotinkonzentration f\u00fcr ein befriedigendes Dampferlebnis.<\/li>\n<li><strong>Effiziente Batterie:<\/strong> Ausgestattet mit einem 650-mAh-Akku, der \u00fcber einen Typ-C-Stecker wiederaufladbar ist, was Zuverl\u00e4ssigkeit und Komfort gew\u00e4hrleistet.<\/li>\n<li><strong>Vielf\u00e4ltige Geschmacksauswahl:<\/strong> Es bietet eine breite Palette an k\u00f6stlichen Geschmacksrichtungen, die verschiedenen Geschmacksvorlieben gerecht werden.<\/li>\n<\/ul>\n<h3>Warum POCO BE5000 w\u00e4hlen?<\/h3>\n<p>Der POCO BE5000 bietet eine perfekte Mischung aus Kapazit\u00e4t, Geschmack und Bequemlichkeit, ideal f\u00fcr Dampfer, die ein robustes Ger\u00e4t mit umfangreichen Geschmacksoptionen und hoher Benutzerfreundlichkeit suchen. Er wurde f\u00fcr diejenigen entwickelt, die sowohl Geschmacksvielfalt als auch Ger\u00e4teeffizienz sch\u00e4tzen. Auf Lager in Deutschland EU\/US Warehouse<\/p>","protected":false},"excerpt":{"rendered":"<p>Der POCO BE5000 zeichnet sich durch pr\u00e4zise Technik und ein schlankes Profil aus. Dieses tragbare Ger\u00e4t sorgt f\u00fcr eine konsistente Dampfabgabe, was es zu einer herausragenden Wahl f\u00fcr das allt\u00e4gliche Dampfen und die Gro\u00dfhandelsm\u00e4rkte in Europa und den USA macht.<\/p>","protected":false},"featured_media":9207,"comment_status":"open","ping_status":"closed","template":"","meta":[],"product_brand":[],"product_cat":[22],"product_tag":[474],"class_list":{"0":"post-8907","1":"product","2":"type-product","3":"status-publish","4":"has-post-thumbnail","6":"product_cat-disposable-vape-sticks","7":"product_tag-poco","9":"first","10":"instock","11":"sale","12":"shipping-taxable","13":"purchasable","14":"product-type-simple"},"jetpack_sharing_enabled":true,"tiered_pricing_type":"fixed","tiered_pricing_fixed_rules":{"500":6.70000000000000017763568394002504646778106689453125,"2000":6.5999999999999996447286321199499070644378662109375,"5000":6.5},"tiered_pricing_product_settings":{"layout":"default","base_unit_name":{"singular":null,"plural":null},"default_variation":null},"tiered_pricing_minimum_quantity":50,"tiered_pricing_roles_data":[],"tiered_pricing_percentage_rules":[],"tiered_pricing_maximum_quantity":null,"tiered_pricing_quantity_step":null,"_links":{"self":[{"href":"https:\/\/cloudsupplyvapes.com\/de\/wp-json\/wp\/v2\/product\/8907","targetHints":{"allow":["GET"]}}],"collection":[{"href":"https:\/\/cloudsupplyvapes.com\/de\/wp-json\/wp\/v2\/product"}],"about":[{"href":"https:\/\/cloudsupplyvapes.com\/de\/wp-json\/wp\/v2\/types\/product"}],"replies":[{"embeddable":true,"href":"https:\/\/cloudsupplyvapes.com\/de\/wp-json\/wp\/v2\/comments?post=8907"}],"wp:featuredmedia":[{"embeddable":true,"href":"https:\/\/cloudsupplyvapes.com\/de\/wp-json\/wp\/v2\/media\/9207"}],"wp:attachment":[{"href":"https:\/\/cloudsupplyvapes.com\/de\/wp-json\/wp\/v2\/media?parent=8907"}],"wp:term":[{"taxonomy":"product_brand","embeddable":true,"href":"https:\/\/cloudsupplyvapes.com\/de\/wp-json\/wp\/v2\/product_brand?post=8907"},{"taxonomy":"product_cat","embeddable":true,"href":"https:\/\/cloudsupplyvapes.com\/de\/wp-json\/wp\/v2\/product_cat?post=8907"},{"taxonomy":"product_tag","embeddable":true,"href":"https:\/\/cloudsupplyvapes.com\/de\/wp-json\/wp\/v2\/product_tag?post=8907"}],"curies":[{"name":"wp","href":"https:\/\/api.w.org\/{rel}","templated":true}]}}