{"id":8943,"date":"2024-10-19T03:04:18","date_gmt":"2024-10-19T03:04:18","guid":{"rendered":"https:\/\/cloudsupplyvapes.com\/?post_type=product&#038;p=8943"},"modified":"2024-11-19T06:35:00","modified_gmt":"2024-11-19T06:35:00","slug":"-304","status":"publish","type":"product","link":"https:\/\/cloudsupplyvapes.com\/de\/product\/elfbar-fs18000-disposable-pod-device-bulk-wholesale-in-stock-in-middle-east-pakistan\/","title":{"rendered":"Elfbar FS18000 Einweg-Pod-Ger\u00e4t Gro\u00dfhandel - 18.000 Puffs, wiederaufladbar, 12mL E-Liquid, Bulk-Pods f\u00fcr den Nahen Osten und Pakistan"},"content":{"rendered":"<p>Boost-Modus, 10k Z\u00fcge, Smooth-Modus, 18k Z\u00fcge.<\/p>\n<p>Merkmale:<br \/>\nEinstellbare Modi mit Dual-Mesh-Spule, Flachbildschirm mit bunten UI, intuitive Batterie und e-Fl\u00fcssigkeit Anzeige, 30 Aromen<\/p>\n<p>&nbsp;<\/p>\n<p>Vorr\u00e4tig im lokalen Lager in<\/p>\n<ul class=\"tagchecklist\" role=\"list\">\n<li><strong>Dubai<\/strong><\/li>\n<li><strong>Pakistan<\/strong><\/li>\n<li><strong>Saudi-Arabien<\/strong><\/li>\n<li><strong>Naher Osten<\/strong><\/li>\n<\/ul>\n<p>Oder Direktversand ab Werk. Schnelle Lieferung!<\/p>","protected":false},"excerpt":{"rendered":"<p>Der Elfbar FS18000 bietet fortschrittliche Luftstromtechnologie und eine ergonomische Konstruktion. Er wurde f\u00fcr eine reibungslose Leistung entwickelt und ist eine umweltfreundliche Option mit hochwertigen Materialien, die sich ideal f\u00fcr den langfristigen Einsatz und die Massenverteilung eignen.<\/p>","protected":false},"featured_media":9262,"comment_status":"open","ping_status":"closed","template":"","meta":[],"product_brand":[],"product_cat":[22],"product_tag":[476,330,183,477,478],"class_list":{"0":"post-8943","1":"product","2":"type-product","3":"status-publish","4":"has-post-thumbnail","6":"product_cat-disposable-vape-sticks","7":"product_tag-dubai","8":"product_tag-elfbar","9":"product_tag-middle-east","10":"product_tag-pakistan","11":"product_tag-saudi-arabia","13":"first","14":"instock","15":"shipping-taxable","16":"purchasable","17":"product-type-simple"},"jetpack_sharing_enabled":true,"tiered_pricing_type":"fixed","tiered_pricing_fixed_rules":{"20000":5.0999999999999996447286321199499070644378662109375,"30000":4.9000000000000003552713678800500929355621337890625},"tiered_pricing_product_settings":{"layout":"default","base_unit_name":{"singular":null,"plural":null},"default_variation":null},"tiered_pricing_minimum_quantity":10000,"tiered_pricing_roles_data":[],"tiered_pricing_percentage_rules":[],"tiered_pricing_maximum_quantity":null,"tiered_pricing_quantity_step":null,"_links":{"self":[{"href":"https:\/\/cloudsupplyvapes.com\/de\/wp-json\/wp\/v2\/product\/8943","targetHints":{"allow":["GET"]}}],"collection":[{"href":"https:\/\/cloudsupplyvapes.com\/de\/wp-json\/wp\/v2\/product"}],"about":[{"href":"https:\/\/cloudsupplyvapes.com\/de\/wp-json\/wp\/v2\/types\/product"}],"replies":[{"embeddable":true,"href":"https:\/\/cloudsupplyvapes.com\/de\/wp-json\/wp\/v2\/comments?post=8943"}],"wp:featuredmedia":[{"embeddable":true,"href":"https:\/\/cloudsupplyvapes.com\/de\/wp-json\/wp\/v2\/media\/9262"}],"wp:attachment":[{"href":"https:\/\/cloudsupplyvapes.com\/de\/wp-json\/wp\/v2\/media?parent=8943"}],"wp:term":[{"taxonomy":"product_brand","embeddable":true,"href":"https:\/\/cloudsupplyvapes.com\/de\/wp-json\/wp\/v2\/product_brand?post=8943"},{"taxonomy":"product_cat","embeddable":true,"href":"https:\/\/cloudsupplyvapes.com\/de\/wp-json\/wp\/v2\/product_cat?post=8943"},{"taxonomy":"product_tag","embeddable":true,"href":"https:\/\/cloudsupplyvapes.com\/de\/wp-json\/wp\/v2\/product_tag?post=8943"}],"curies":[{"name":"wp","href":"https:\/\/api.w.org\/{rel}","templated":true}]}}