{"id":9071,"date":"2024-10-19T03:06:49","date_gmt":"2024-10-19T03:06:49","guid":{"rendered":"https:\/\/cloudsupplyvapes.com\/?post_type=product&#038;p=9071"},"modified":"2024-11-19T06:33:06","modified_gmt":"2024-11-19T06:33:06","slug":"-307","status":"publish","type":"product","link":"https:\/\/cloudsupplyvapes.com\/de\/product\/elfbar-gh23000-23k-puff-disposable-pod-device-bulk-wholesale-in-stock-in-middle-east-pakistan\/","title":{"rendered":"Elfbar GH23000 23K Puffs Einweg-Pod-Ger\u00e4t Gro\u00dfhandel - Long-Lasting Vape Pods, auf Lager f\u00fcr den Nahen Osten und Pakistan"},"content":{"rendered":"<p>Der Elf Bar GH23000 ist ein kompaktes und praktisches Ger\u00e4t f\u00fcr Raucher und Vaper, die ein fruchtiges, saftiges und hochwertiges Geschmackserlebnis suchen. Mit einem vorgef\u00fcllten Tank mit bis zu <strong>23000 Z\u00fcge<\/strong>ist dieses Ger\u00e4t eine ideale Wahl f\u00fcr das Dampfen unterwegs. Au\u00dferdem kann das Ger\u00e4t in drei verschiedenen Modi verwendet werden. Die gro\u00dfe LED-Anzeige zeigt an, in welchem Modus sich das Ger\u00e4t befindet, und erm\u00f6glicht es Ihnen, den Akkustand und den Fl\u00fcssigkeitsgehalt kontinuierlich zu \u00fcberwachen.<\/p>\n<p>&nbsp;<\/p>\n<p>Vorr\u00e4tig im lokalen Lager in<\/p>\n<ul class=\"tagchecklist\" role=\"list\">\n<li><strong>Dubai<\/strong><\/li>\n<li><strong>Pakistan<\/strong><\/li>\n<li><strong>Saudi-Arabien<\/strong><\/li>\n<li><strong>Naher Osten<\/strong><\/li>\n<\/ul>\n<p>Oder Direktversand ab Werk. Schnelle Lieferung!<\/p>","protected":false},"excerpt":{"rendered":"<p>Elfbar GH23000 verbindet modernes Design mit robuster Leistung. Ausgestattet mit einer langlebigen Konstruktion ist es das perfekte Ger\u00e4t f\u00fcr anspruchsvolle Kunden in globalen M\u00e4rkten und bietet einen erstklassigen Wert.<\/p>","protected":false},"featured_media":9265,"comment_status":"open","ping_status":"closed","template":"","meta":[],"product_brand":[],"product_cat":[22],"product_tag":[476,330,183,477,478],"class_list":{"0":"post-9071","1":"product","2":"type-product","3":"status-publish","4":"has-post-thumbnail","6":"product_cat-disposable-vape-sticks","7":"product_tag-dubai","8":"product_tag-elfbar","9":"product_tag-middle-east","10":"product_tag-pakistan","11":"product_tag-saudi-arabia","13":"first","14":"instock","15":"shipping-taxable","16":"purchasable","17":"product-type-simple"},"jetpack_sharing_enabled":true,"tiered_pricing_type":"fixed","tiered_pricing_fixed_rules":{"20000":5.0999999999999996447286321199499070644378662109375,"30000":4.79999999999999982236431605997495353221893310546875},"tiered_pricing_product_settings":{"layout":"default","base_unit_name":{"singular":null,"plural":null},"default_variation":null},"tiered_pricing_minimum_quantity":10000,"tiered_pricing_roles_data":[],"tiered_pricing_percentage_rules":[],"tiered_pricing_maximum_quantity":null,"tiered_pricing_quantity_step":null,"_links":{"self":[{"href":"https:\/\/cloudsupplyvapes.com\/de\/wp-json\/wp\/v2\/product\/9071","targetHints":{"allow":["GET"]}}],"collection":[{"href":"https:\/\/cloudsupplyvapes.com\/de\/wp-json\/wp\/v2\/product"}],"about":[{"href":"https:\/\/cloudsupplyvapes.com\/de\/wp-json\/wp\/v2\/types\/product"}],"replies":[{"embeddable":true,"href":"https:\/\/cloudsupplyvapes.com\/de\/wp-json\/wp\/v2\/comments?post=9071"}],"wp:featuredmedia":[{"embeddable":true,"href":"https:\/\/cloudsupplyvapes.com\/de\/wp-json\/wp\/v2\/media\/9265"}],"wp:attachment":[{"href":"https:\/\/cloudsupplyvapes.com\/de\/wp-json\/wp\/v2\/media?parent=9071"}],"wp:term":[{"taxonomy":"product_brand","embeddable":true,"href":"https:\/\/cloudsupplyvapes.com\/de\/wp-json\/wp\/v2\/product_brand?post=9071"},{"taxonomy":"product_cat","embeddable":true,"href":"https:\/\/cloudsupplyvapes.com\/de\/wp-json\/wp\/v2\/product_cat?post=9071"},{"taxonomy":"product_tag","embeddable":true,"href":"https:\/\/cloudsupplyvapes.com\/de\/wp-json\/wp\/v2\/product_tag?post=9071"}],"curies":[{"name":"wp","href":"https:\/\/api.w.org\/{rel}","templated":true}]}}