{"id":9218,"date":"2024-10-19T03:08:29","date_gmt":"2024-10-19T03:08:29","guid":{"rendered":"https:\/\/cloudsupplyvapes.com\/?post_type=product&#038;p=9218"},"modified":"2024-11-19T06:32:09","modified_gmt":"2024-11-19T06:32:09","slug":"-309","status":"publish","type":"product","link":"https:\/\/cloudsupplyvapes.com\/de\/product\/al-fakher-crown-bar-pro-max-disposable-vape-15000-puffs-wholesale\/","title":{"rendered":"Al Fakher Crown Bar Pro Max 15000 Puffs Einweg Vape Gro\u00dfhandel - Tragbar und leicht, langlebig bauen, Bulk-Rabatte"},"content":{"rendered":"<h3>Geschm\u00e4cker:<\/h3>\n<p>Zwei \u00c4pfel<br \/>\nBeereneis<br \/>\nKaugummi-Minze<br \/>\nEinfach Minze<br \/>\nS\u00fc\u00df und leidenschaftlich<br \/>\n\u00dcppiges Eis<br \/>\nMagische Liebe<br \/>\nBlaubeer-Bubblegon<br \/>\nMango Freeze<br \/>\nZitronenminze<br \/>\nWeintrauben-Minze<br \/>\nSchwarze Johannisbeere lce<br \/>\nKirsche Himbeere<br \/>\nErdbeer-Punsch<br \/>\nBeeren-Minze<br \/>\nPfirsich-Eis<\/p>\n<h4>Spezifikation von Al Fakher Crown Bar Pro Max 15000 Puffs:<\/h4>\n<ul>\n<li>Maschenspule<\/li>\n<li>Typ-C-Ladung<\/li>\n<li>DTL Vape<\/li>\n<li>Fortschrittliche Display-Technologie<\/li>\n<li>5MG\/0.5% Nikotinst\u00e4rke<\/li>\n<li>E-Fl\u00fcssigkeit Kapazit\u00e4t 22ml<\/li>\n<\/ul>","protected":false},"excerpt":{"rendered":"<p>Der Al Fakher Crown Bar Pro Max bietet hervorragende Tragbarkeit und einfache Handhabung. Das diskrete Design ist perfekt f\u00fcr die Produktion von hochwertigem Dampf geeignet und bietet Komfort f\u00fcr den t\u00e4glichen und reisefreundlichen Gebrauch.<\/p>","protected":false},"featured_media":9287,"comment_status":"open","ping_status":"closed","template":"","meta":[],"product_brand":[],"product_cat":[22],"product_tag":[],"class_list":{"0":"post-9218","1":"product","2":"type-product","3":"status-publish","4":"has-post-thumbnail","6":"product_cat-disposable-vape-sticks","8":"first","9":"instock","10":"featured","11":"shipping-taxable","12":"purchasable","13":"product-type-simple"},"jetpack_sharing_enabled":true,"tiered_pricing_type":"fixed","tiered_pricing_fixed_rules":{"100":8.5,"500":8.300000000000000710542735760100185871124267578125,"1000":8.0999999999999996447286321199499070644378662109375},"tiered_pricing_product_settings":{"layout":"default","base_unit_name":{"singular":null,"plural":null},"default_variation":null},"tiered_pricing_minimum_quantity":10,"tiered_pricing_roles_data":[],"tiered_pricing_percentage_rules":[],"tiered_pricing_maximum_quantity":null,"tiered_pricing_quantity_step":null,"_links":{"self":[{"href":"https:\/\/cloudsupplyvapes.com\/de\/wp-json\/wp\/v2\/product\/9218","targetHints":{"allow":["GET"]}}],"collection":[{"href":"https:\/\/cloudsupplyvapes.com\/de\/wp-json\/wp\/v2\/product"}],"about":[{"href":"https:\/\/cloudsupplyvapes.com\/de\/wp-json\/wp\/v2\/types\/product"}],"replies":[{"embeddable":true,"href":"https:\/\/cloudsupplyvapes.com\/de\/wp-json\/wp\/v2\/comments?post=9218"}],"wp:featuredmedia":[{"embeddable":true,"href":"https:\/\/cloudsupplyvapes.com\/de\/wp-json\/wp\/v2\/media\/9287"}],"wp:attachment":[{"href":"https:\/\/cloudsupplyvapes.com\/de\/wp-json\/wp\/v2\/media?parent=9218"}],"wp:term":[{"taxonomy":"product_brand","embeddable":true,"href":"https:\/\/cloudsupplyvapes.com\/de\/wp-json\/wp\/v2\/product_brand?post=9218"},{"taxonomy":"product_cat","embeddable":true,"href":"https:\/\/cloudsupplyvapes.com\/de\/wp-json\/wp\/v2\/product_cat?post=9218"},{"taxonomy":"product_tag","embeddable":true,"href":"https:\/\/cloudsupplyvapes.com\/de\/wp-json\/wp\/v2\/product_tag?post=9218"}],"curies":[{"name":"wp","href":"https:\/\/api.w.org\/{rel}","templated":true}]}}