{"id":9219,"date":"2024-10-19T03:08:29","date_gmt":"2024-10-19T03:08:29","guid":{"rendered":"https:\/\/cloudsupplyvapes.com\/?post_type=product&#038;p=9219"},"modified":"2024-11-19T06:31:21","modified_gmt":"2024-11-19T06:31:21","slug":"-310","status":"publish","type":"product","link":"https:\/\/cloudsupplyvapes.com\/de\/product\/arymi-hookalit-40000-puffs-disposable-wholesale\/","title":{"rendered":"Arymi Hookalit 40000 Puffs Disposable Vape Gro\u00dfhandel - Premium E-Liquid, Hassle-Free Betrieb, Bulk Vape Pods"},"content":{"rendered":"<p><strong>Geschm\u00e4cker:<\/strong><\/p>\n<ol>\n<li>Erdbeer-Kiwi<\/li>\n<li>Wassermelone Erdbeere Melone<\/li>\n<li>Traubeneis<\/li>\n<li>Schwarzes Johannisbeereis<\/li>\n<li>Gemischte Beeren<\/li>\n<li>Herr Blau<\/li>\n<li>Mango Freeze<\/li>\n<li>Kirsche-Himbeere<\/li>\n<li>\u00dcppiges Eis<\/li>\n<li>Zitronenminze<\/li>\n<li>Luzider Traum<\/li>\n<li>Pfirsich Mango Wassermelone<\/li>\n<li>Kaugummi<\/li>\n<li>Zwei Apfel Shisha<\/li>\n<li>Liebe 66<\/li>\n<li>Pfirsich-Eis<\/li>\n<li>Passionsfrucht<\/li>\n<li>Blue Razz Limonade<\/li>\n<li>Lady Killer<\/li>\n<li>Magische Liebe<\/li>\n<\/ol>\n<p><strong>Spezifikationen von Arymi Hookalit 40000 Puffs:<\/strong><\/p>\n<ul>\n<li>Masche Spule: 0.6\u03a9 LIT Masche Spule<\/li>\n<li>Aufladen: Typ-C Wiederaufladbar<\/li>\n<li>Akku: 1300mAh, 3,6V<\/li>\n<li>Verdampfen Typ: DTL Vape<\/li>\n<li>Nikotinst\u00e4rke: 0.5%<\/li>\n<li>E-Fl\u00fcssigkeit Kapazit\u00e4t: 40ml<\/li>\n<li>Anzeige: Advanced Technology Display<\/li>\n<\/ul>\n<p><strong>Paket Details:<\/strong><\/p>\n<ul>\n<li>Inhalt: 1 x Vorgef\u00fclltes Ger\u00e4t, 1 x Handbuch<\/li>\n<li>Verpackung: 1St\u00fcck\/Packung, 200g pro Packung<\/li>\n<li>Packungsgr\u00f6\u00dfe: 50x50x210mm<\/li>\n<li>Karton Details: 100 Packungen\/Karton, 530x438x290mm, 21kg\/Karton<\/li>\n<\/ul>","protected":false},"excerpt":{"rendered":"<p>Der Arymi Hookalit zeichnet sich durch eine hochwertige \u00c4sthetik und ein effizientes System mit Zugaktivierung aus. Der optimierte Tank ist ideal f\u00fcr den zuverl\u00e4ssigen Gebrauch und gew\u00e4hrleistet maximale Dampfkonsistenz f\u00fcr anspruchsvolle Nutzer und H\u00e4ndler.<\/p>","protected":false},"featured_media":9289,"comment_status":"open","ping_status":"closed","template":"","meta":[],"product_brand":[],"product_cat":[22],"product_tag":[],"class_list":{"0":"post-9219","1":"product","2":"type-product","3":"status-publish","4":"has-post-thumbnail","6":"product_cat-disposable-vape-sticks","8":"first","9":"instock","10":"shipping-taxable","11":"purchasable","12":"product-type-simple"},"jetpack_sharing_enabled":true,"tiered_pricing_type":"fixed","tiered_pricing_fixed_rules":{"1000":9.199999999999999289457264239899814128875732421875,"3000":8.9000000000000003552713678800500929355621337890625},"tiered_pricing_product_settings":{"layout":"default","base_unit_name":{"singular":null,"plural":null},"default_variation":null},"tiered_pricing_minimum_quantity":100,"tiered_pricing_roles_data":[],"tiered_pricing_percentage_rules":[],"tiered_pricing_maximum_quantity":null,"tiered_pricing_quantity_step":"10","_links":{"self":[{"href":"https:\/\/cloudsupplyvapes.com\/de\/wp-json\/wp\/v2\/product\/9219","targetHints":{"allow":["GET"]}}],"collection":[{"href":"https:\/\/cloudsupplyvapes.com\/de\/wp-json\/wp\/v2\/product"}],"about":[{"href":"https:\/\/cloudsupplyvapes.com\/de\/wp-json\/wp\/v2\/types\/product"}],"replies":[{"embeddable":true,"href":"https:\/\/cloudsupplyvapes.com\/de\/wp-json\/wp\/v2\/comments?post=9219"}],"wp:featuredmedia":[{"embeddable":true,"href":"https:\/\/cloudsupplyvapes.com\/de\/wp-json\/wp\/v2\/media\/9289"}],"wp:attachment":[{"href":"https:\/\/cloudsupplyvapes.com\/de\/wp-json\/wp\/v2\/media?parent=9219"}],"wp:term":[{"taxonomy":"product_brand","embeddable":true,"href":"https:\/\/cloudsupplyvapes.com\/de\/wp-json\/wp\/v2\/product_brand?post=9219"},{"taxonomy":"product_cat","embeddable":true,"href":"https:\/\/cloudsupplyvapes.com\/de\/wp-json\/wp\/v2\/product_cat?post=9219"},{"taxonomy":"product_tag","embeddable":true,"href":"https:\/\/cloudsupplyvapes.com\/de\/wp-json\/wp\/v2\/product_tag?post=9219"}],"curies":[{"name":"wp","href":"https:\/\/api.w.org\/{rel}","templated":true}]}}