{"id":9221,"date":"2024-10-19T03:08:30","date_gmt":"2024-10-19T03:08:30","guid":{"rendered":"https:\/\/cloudsupplyvapes.com\/?post_type=product&#038;p=9221"},"modified":"2024-11-19T06:31:06","modified_gmt":"2024-11-19T06:31:06","slug":"-311","status":"publish","type":"product","link":"https:\/\/cloudsupplyvapes.com\/de\/product\/bang-box-20000-puff-disposable-vape-wholesale\/","title":{"rendered":"Bang Box 20000 Puff Disposable Vape Gro\u00dfhandel - Erschwingliche Vape L\u00f6sung, kompaktes Design, lange Lebensdauer der Batterie"},"content":{"rendered":"<p>Geschm\u00e4cker:<\/p>\n<p>1. Erdbeer-Kiwi<br \/>\n2. Kiwi Passionsfrucht Guave<br \/>\n3. Erdbeere Wassermelone Himbeere<br \/>\n4. Wassermelone<br \/>\n5. Heidelbeer-Sauer-Himbeer-Eis<br \/>\n6. Wassermelonen-Eis<br \/>\n7. Bananeneis<br \/>\n8. Mango-Pfirsich<br \/>\n9. Blaues Razzeis<br \/>\n10. Herr blau<br \/>\n11. Traubeneis<br \/>\n12. Mango auf Eis<\/p>","protected":false},"excerpt":{"rendered":"<p>Die Bang Box liefert starke Leistung mit einem ultrakompakten Profil und fortschrittlicher Dampftechnologie. Entwickelt f\u00fcr einen reibungslosen Betrieb, ist es perfekt f\u00fcr den t\u00e4glichen Gebrauch und gro\u00dfe Wiederverkaufsm\u00f6glichkeiten.<\/p>","protected":false},"featured_media":9293,"comment_status":"open","ping_status":"closed","template":"","meta":[],"product_brand":[],"product_cat":[481,22],"product_tag":[],"class_list":{"0":"post-9221","1":"product","2":"type-product","3":"status-publish","4":"has-post-thumbnail","6":"product_cat-bang","7":"product_cat-disposable-vape-sticks","9":"first","10":"instock","11":"featured","12":"shipping-taxable","13":"purchasable","14":"product-type-simple"},"jetpack_sharing_enabled":true,"tiered_pricing_type":"fixed","tiered_pricing_fixed_rules":[],"tiered_pricing_product_settings":{"layout":"default","base_unit_name":{"singular":null,"plural":null},"default_variation":null},"tiered_pricing_minimum_quantity":30,"tiered_pricing_roles_data":[],"tiered_pricing_percentage_rules":[],"tiered_pricing_maximum_quantity":null,"tiered_pricing_quantity_step":"10","_links":{"self":[{"href":"https:\/\/cloudsupplyvapes.com\/de\/wp-json\/wp\/v2\/product\/9221","targetHints":{"allow":["GET"]}}],"collection":[{"href":"https:\/\/cloudsupplyvapes.com\/de\/wp-json\/wp\/v2\/product"}],"about":[{"href":"https:\/\/cloudsupplyvapes.com\/de\/wp-json\/wp\/v2\/types\/product"}],"replies":[{"embeddable":true,"href":"https:\/\/cloudsupplyvapes.com\/de\/wp-json\/wp\/v2\/comments?post=9221"}],"wp:featuredmedia":[{"embeddable":true,"href":"https:\/\/cloudsupplyvapes.com\/de\/wp-json\/wp\/v2\/media\/9293"}],"wp:attachment":[{"href":"https:\/\/cloudsupplyvapes.com\/de\/wp-json\/wp\/v2\/media?parent=9221"}],"wp:term":[{"taxonomy":"product_brand","embeddable":true,"href":"https:\/\/cloudsupplyvapes.com\/de\/wp-json\/wp\/v2\/product_brand?post=9221"},{"taxonomy":"product_cat","embeddable":true,"href":"https:\/\/cloudsupplyvapes.com\/de\/wp-json\/wp\/v2\/product_cat?post=9221"},{"taxonomy":"product_tag","embeddable":true,"href":"https:\/\/cloudsupplyvapes.com\/de\/wp-json\/wp\/v2\/product_tag?post=9221"}],"curies":[{"name":"wp","href":"https:\/\/api.w.org\/{rel}","templated":true}]}}