{"id":927,"date":"2024-10-19T02:16:19","date_gmt":"2024-10-19T02:16:19","guid":{"rendered":"https:\/\/cloudsupplyvapes.com\/?post_type=product&#038;p=927"},"modified":"2024-11-26T09:06:58","modified_gmt":"2024-11-26T09:06:58","slug":"hqd-cuvie-box-5500-puffs-disposable-rechargeable-wholesale","status":"publish","type":"product","link":"https:\/\/cloudsupplyvapes.com\/de\/product\/hqd-cuvie-box-5500-puffs-disposable-rechargeable-wholesale\/","title":{"rendered":"HQD Cuvie Box 5500 Puffs wiederaufladbare Einweg Vape Gro\u00dfhandel hohe Kapazit\u00e4t Vape"},"content":{"rendered":"<p><strong>Geschm\u00e4cker:<\/strong><br \/>\nBlaubeere<br \/>\nPurpurner Regen<br \/>\nEis-Minze<br \/>\nPfirsich-Eis<br \/>\nBananeneis<br \/>\nAnanaseis<br \/>\nErdbeer-Limonade<br \/>\nWeintraube<br \/>\nHeidelbeer-Limonade<br \/>\nApfel Pfirsich<br \/>\nRegenbogen<br \/>\nMango-Eis<br \/>\nKiwi-Erdbeere<br \/>\nHimmel Minze<br \/>\nErdbeere Wassermelone<br \/>\nErdbeere-Banane<br \/>\n\u00dcppiges Eis<br \/>\nSchwarzes Eis<\/p>\n<p>Leistungsbereich: 7W~12W<br \/>\nE-Fl\u00fcssigkeit Kapazit\u00e4t: 15.0ml<br \/>\nWiderstand: 1,2\u03a9<br \/>\nPuffs z\u00e4hlen: 5.500 Treffer<br \/>\nGlattere Vaper mit Premium Mesh Coils<br \/>\nAusgew\u00e4hltes Design<br \/>\nEingangsspannung: 3,7V<br \/>\nBatteriekapazit\u00e4t: 1600mAh (wiederaufladbar)<\/p>\n<p><img data-recalc-dims=\"1\" loading=\"lazy\" decoding=\"async\" class=\"alignnone size-full wp-image-70784\" src=\"https:\/\/i0.wp.com\/shop.vape.hk\/wp-content\/uploads\/2022\/07\/image_841bf37d-9200-4b02-b38b-ffb41178524c.webp?resize=1020%2C574&#038;ssl=1\" alt=\"HQD Cuvie Box 4000 Puffs Einweg wiederaufladbar | Gro\u00dfhandel\" width=\"1020\" height=\"574\" title=\"\"><\/p>","protected":false},"excerpt":{"rendered":"<p>Die HQD Cuvie Box 5500 Puffs Rechargeable Disposable Vape Wholesale bietet eine hohe Kapazit\u00e4t, wiederaufladbare Bequemlichkeit und eine gleichm\u00e4\u00dfige Dampfproduktion f\u00fcr ausgedehntes und anpassbares Dampfen.<\/p>","protected":false},"featured_media":978,"comment_status":"open","ping_status":"closed","template":"","meta":[],"product_brand":[],"product_cat":[22],"product_tag":[],"class_list":{"0":"post-927","1":"product","2":"type-product","3":"status-publish","4":"has-post-thumbnail","6":"product_cat-disposable-vape-sticks","8":"first","9":"instock","10":"shipping-taxable","11":"purchasable","12":"product-type-simple"},"jetpack_sharing_enabled":true,"tiered_pricing_type":"fixed","tiered_pricing_fixed_rules":[],"tiered_pricing_product_settings":{"layout":"default","base_unit_name":{"singular":null,"plural":null},"default_variation":null},"tiered_pricing_minimum_quantity":null,"tiered_pricing_roles_data":[],"tiered_pricing_percentage_rules":[],"tiered_pricing_maximum_quantity":null,"tiered_pricing_quantity_step":null,"_links":{"self":[{"href":"https:\/\/cloudsupplyvapes.com\/de\/wp-json\/wp\/v2\/product\/927","targetHints":{"allow":["GET"]}}],"collection":[{"href":"https:\/\/cloudsupplyvapes.com\/de\/wp-json\/wp\/v2\/product"}],"about":[{"href":"https:\/\/cloudsupplyvapes.com\/de\/wp-json\/wp\/v2\/types\/product"}],"replies":[{"embeddable":true,"href":"https:\/\/cloudsupplyvapes.com\/de\/wp-json\/wp\/v2\/comments?post=927"}],"wp:featuredmedia":[{"embeddable":true,"href":"https:\/\/cloudsupplyvapes.com\/de\/wp-json\/wp\/v2\/media\/978"}],"wp:attachment":[{"href":"https:\/\/cloudsupplyvapes.com\/de\/wp-json\/wp\/v2\/media?parent=927"}],"wp:term":[{"taxonomy":"product_brand","embeddable":true,"href":"https:\/\/cloudsupplyvapes.com\/de\/wp-json\/wp\/v2\/product_brand?post=927"},{"taxonomy":"product_cat","embeddable":true,"href":"https:\/\/cloudsupplyvapes.com\/de\/wp-json\/wp\/v2\/product_cat?post=927"},{"taxonomy":"product_tag","embeddable":true,"href":"https:\/\/cloudsupplyvapes.com\/de\/wp-json\/wp\/v2\/product_tag?post=927"}],"curies":[{"name":"wp","href":"https:\/\/api.w.org\/{rel}","templated":true}]}}