{"id":9276,"date":"2024-10-19T03:09:16","date_gmt":"2024-10-19T03:09:16","guid":{"rendered":"https:\/\/cloudsupplyvapes.com\/?post_type=product&#038;p=9276"},"modified":"2024-11-19T06:30:55","modified_gmt":"2024-11-19T06:30:55","slug":"-312","status":"publish","type":"product","link":"https:\/\/cloudsupplyvapes.com\/de\/product\/luckee-super-luckee-45000-puffs-disposable-vape-wholesale\/","title":{"rendered":"Luckee Super Luckee 45000 Puffs Einweg-Vape-Gro\u00dfhandel - Hohe Puff-Zahl, langlebige Build, Bulk Purchase Einsparungen"},"content":{"rendered":"<div><strong>Geschm\u00e4cker:<\/strong><\/div>\n<div>- Doppelter Apfel<\/div>\n<div><\/div>\n<div>- Sex am Strand<\/div>\n<div><\/div>\n<div>- Zitronenminze<\/div>\n<div><\/div>\n<div>- Kaugummi-Minze<\/div>\n<div><\/div>\n<div>- Erdbeereis<\/div>\n<div><\/div>\n<div>- Kiwi Passionsfrucht Guave<\/div>\n<div><\/div>\n<div><\/div>\n<div><strong>Merkmale:<\/strong><\/div>\n<div><\/div>\n<div>- Abmessung: 3,85cm (Durchmesser) * 25,15cm (H\u00f6he)<\/div>\n<div><\/div>\n<div>- 50ml vorgef\u00fcllter Vape-Saft<\/div>\n<div><\/div>\n<div>- RGB-Anzeigeleuchte<\/div>\n<div><\/div>\n<div>- Erstaunliche 3000mAh robuste wiederaufladbare Batterie: Eine Ladung f\u00fcr eine Woche Nutzung<\/div>\n<div><\/div>\n<div>- Einstellbarer Luftstrom<\/div>\n<div><\/div>\n<div>- f\u00fcr DTL Vaping<\/div>\n<div><\/div>\n<div>- Mesh-Spule f\u00fcr au\u00dfergew\u00f6hnliche Geschmacksrichtungen<\/div>\n<div><\/div>\n<div>- Anzahl der Puffs: Ungef\u00e4hr 45000 Puffs<\/div>\n<div><\/div>\n<div>- 5% (50mg\/ml) Nikotinst\u00e4rke<\/div>","protected":false},"excerpt":{"rendered":"<p>Verbessern Sie Ihr Dampferlebnis mit dem Luckee Super Luckee, der sich durch eine hervorragende Verarbeitungsqualit\u00e4t und ein intuitives Design auszeichnet. Optimiert f\u00fcr langfristige Leistung, ist er eine ideale Option f\u00fcr Vieldampfer und Gro\u00dfh\u00e4ndler.<\/p>","protected":false},"featured_media":9396,"comment_status":"open","ping_status":"closed","template":"","meta":[],"product_brand":[],"product_cat":[22],"product_tag":[],"class_list":{"0":"post-9276","1":"product","2":"type-product","3":"status-publish","4":"has-post-thumbnail","6":"product_cat-disposable-vape-sticks","8":"first","9":"instock","10":"shipping-taxable","11":"purchasable","12":"product-type-simple"},"jetpack_sharing_enabled":true,"tiered_pricing_type":"fixed","tiered_pricing_fixed_rules":{"100":15},"tiered_pricing_product_settings":{"layout":"default","base_unit_name":{"singular":null,"plural":null},"default_variation":null},"tiered_pricing_minimum_quantity":30,"tiered_pricing_roles_data":[],"tiered_pricing_percentage_rules":[],"tiered_pricing_maximum_quantity":null,"tiered_pricing_quantity_step":"10","_links":{"self":[{"href":"https:\/\/cloudsupplyvapes.com\/de\/wp-json\/wp\/v2\/product\/9276","targetHints":{"allow":["GET"]}}],"collection":[{"href":"https:\/\/cloudsupplyvapes.com\/de\/wp-json\/wp\/v2\/product"}],"about":[{"href":"https:\/\/cloudsupplyvapes.com\/de\/wp-json\/wp\/v2\/types\/product"}],"replies":[{"embeddable":true,"href":"https:\/\/cloudsupplyvapes.com\/de\/wp-json\/wp\/v2\/comments?post=9276"}],"wp:featuredmedia":[{"embeddable":true,"href":"https:\/\/cloudsupplyvapes.com\/de\/wp-json\/wp\/v2\/media\/9396"}],"wp:attachment":[{"href":"https:\/\/cloudsupplyvapes.com\/de\/wp-json\/wp\/v2\/media?parent=9276"}],"wp:term":[{"taxonomy":"product_brand","embeddable":true,"href":"https:\/\/cloudsupplyvapes.com\/de\/wp-json\/wp\/v2\/product_brand?post=9276"},{"taxonomy":"product_cat","embeddable":true,"href":"https:\/\/cloudsupplyvapes.com\/de\/wp-json\/wp\/v2\/product_cat?post=9276"},{"taxonomy":"product_tag","embeddable":true,"href":"https:\/\/cloudsupplyvapes.com\/de\/wp-json\/wp\/v2\/product_tag?post=9276"}],"curies":[{"name":"wp","href":"https:\/\/api.w.org\/{rel}","templated":true}]}}