{"id":9311,"date":"2024-10-19T03:09:46","date_gmt":"2024-10-19T03:09:46","guid":{"rendered":"https:\/\/cloudsupplyvapes.com\/?post_type=product&#038;p=9311"},"modified":"2024-11-19T06:30:43","modified_gmt":"2024-11-19T06:30:43","slug":"-313","status":"publish","type":"product","link":"https:\/\/cloudsupplyvapes.com\/de\/product\/olit-hookalit-40000-puffs-disposable-vape-wholesale\/","title":{"rendered":"Olit Hookalit 40000 Puffs Einweg Vape Gro\u00dfhandel - Premium Einweg-Ger\u00e4te, Leak-Proof-Design, Ultra-Portable"},"content":{"rendered":"<div><strong>Geschm\u00e4cker:<\/strong><\/div>\n<div>- Wassermelone Erdbeere Melone<\/div>\n<div><\/div>\n<div>- Kirsche-Minze<\/div>\n<div><\/div>\n<div>- Pfirsich Mango Wassermelone<\/div>\n<div><\/div>\n<div>- Erdbeer-Kiwi<\/div>\n<div><\/div>\n<div>- Blauer Razzia<\/div>\n<div><\/div>\n<div>- K\u00fchle Minze<\/div>\n<div><\/div>\n<div>- Gemischte Beeren<\/div>\n<div><\/div>\n<div>- Brown Ale<\/div>\n<div><\/div>\n<div>- Passionsfrucht<\/div>\n<div><\/div>\n<div>- Doppelter Apfel<\/div>\n<div><\/div>\n<div>- Miami Mint<\/div>\n<div><\/div>\n<div>- Orange Fcuking Fab<\/div>\n<div><\/div>\n<div>- Himbeere Pfirsich Limette<\/div>\n<div><\/div>\n<div>- Sour Fcuking Fab<\/div>\n<div><\/div>\n<div>- Saure Mango-Ananas<\/div>\n<div><\/div>\n<div><strong>Merkmale:<\/strong><\/div>\n<div><\/div>\n<div>- Vorgef\u00fclltes 40ml E-Juice<\/div>\n<div><\/div>\n<div>- Wiederaufladbare interne 1300mAh Batterie<\/div>\n<div><\/div>\n<div>- Anzahl der Puffs: Ungef\u00e4hr 40000 Puffs (MTL)\/20000 Puffs (DL)<\/div>\n<div><\/div>\n<div>- Digitaler Anzeigeschirm<\/div>\n<div><\/div>\n<div>- Variable Leistung: 18W (MTL)\/22W (DL)<\/div>\n<div><\/div>\n<div>- 0.6ohm Lit Mesh Spule<\/div>\n<div><\/div>\n<div>- 0.35% Nikotinst\u00e4rke<\/div>\n<div><\/div>\n<div>- Typ-C-Laden (nicht im Lieferumfang enthalten)<\/div>\n<div><\/div>\n<div>- Zeichnen-aktiviert<\/div>\n<div><\/div>\n<div>- MTL\/DL-Vaping<\/div>\n<div><a href=\"https:\/\/i0.wp.com\/shop.vape.hk\/wp-content\/uploads\/2024\/10\/%E4%B8%8B%E8%BD%BD-52-1.jpg?ssl=1\" target=\"_blank\" rel=\"noopener\"><img data-recalc-dims=\"1\" loading=\"lazy\" decoding=\"async\" class=\"alignnone size-full wp-image-137314\" src=\"https:\/\/i0.wp.com\/shop.vape.hk\/wp-content\/uploads\/2024\/10\/%E4%B8%8B%E8%BD%BD-52-1.jpg?resize=1020%2C1629&#038;ssl=1\" alt=\"Olit Hookalit 40000 Puffs Einweg Vape Gro\u00dfhandel\" width=\"1020\" height=\"1629\" title=\"\"><\/a> <a href=\"https:\/\/i0.wp.com\/shop.vape.hk\/wp-content\/uploads\/2024\/10\/%E4%B8%8B%E8%BD%BD-50-1.jpg?ssl=1\" target=\"_blank\" rel=\"noopener\"><img data-recalc-dims=\"1\" loading=\"lazy\" decoding=\"async\" class=\"alignnone size-full wp-image-137313\" src=\"https:\/\/i0.wp.com\/shop.vape.hk\/wp-content\/uploads\/2024\/10\/%E4%B8%8B%E8%BD%BD-50-1.jpg?resize=1020%2C1876&#038;ssl=1\" alt=\"Olit Hookalit 40000 Puffs Einweg Vape Gro\u00dfhandel\" width=\"1020\" height=\"1876\" title=\"\"><\/a><\/div>","protected":false},"excerpt":{"rendered":"<p>Olit Hookalit bietet pr\u00e4zises Dampfen mit einem wiederaufladbaren Akku und einer ultraleichten Konstruktion. Sein innovatives Airflow-System verbessert die Dampfqualit\u00e4t und macht ihn zu einem Must-have f\u00fcr den Wiederverkauf.<\/p>","protected":false},"featured_media":9424,"comment_status":"open","ping_status":"closed","template":"","meta":[],"product_brand":[],"product_cat":[22],"product_tag":[],"class_list":{"0":"post-9311","1":"product","2":"type-product","3":"status-publish","4":"has-post-thumbnail","6":"product_cat-disposable-vape-sticks","8":"first","9":"instock","10":"shipping-taxable","11":"purchasable","12":"product-type-simple"},"jetpack_sharing_enabled":true,"tiered_pricing_type":"fixed","tiered_pricing_fixed_rules":{"100":15},"tiered_pricing_product_settings":{"layout":"default","base_unit_name":{"singular":null,"plural":null},"default_variation":null},"tiered_pricing_minimum_quantity":30,"tiered_pricing_roles_data":[],"tiered_pricing_percentage_rules":[],"tiered_pricing_maximum_quantity":null,"tiered_pricing_quantity_step":"10","_links":{"self":[{"href":"https:\/\/cloudsupplyvapes.com\/de\/wp-json\/wp\/v2\/product\/9311","targetHints":{"allow":["GET"]}}],"collection":[{"href":"https:\/\/cloudsupplyvapes.com\/de\/wp-json\/wp\/v2\/product"}],"about":[{"href":"https:\/\/cloudsupplyvapes.com\/de\/wp-json\/wp\/v2\/types\/product"}],"replies":[{"embeddable":true,"href":"https:\/\/cloudsupplyvapes.com\/de\/wp-json\/wp\/v2\/comments?post=9311"}],"wp:featuredmedia":[{"embeddable":true,"href":"https:\/\/cloudsupplyvapes.com\/de\/wp-json\/wp\/v2\/media\/9424"}],"wp:attachment":[{"href":"https:\/\/cloudsupplyvapes.com\/de\/wp-json\/wp\/v2\/media?parent=9311"}],"wp:term":[{"taxonomy":"product_brand","embeddable":true,"href":"https:\/\/cloudsupplyvapes.com\/de\/wp-json\/wp\/v2\/product_brand?post=9311"},{"taxonomy":"product_cat","embeddable":true,"href":"https:\/\/cloudsupplyvapes.com\/de\/wp-json\/wp\/v2\/product_cat?post=9311"},{"taxonomy":"product_tag","embeddable":true,"href":"https:\/\/cloudsupplyvapes.com\/de\/wp-json\/wp\/v2\/product_tag?post=9311"}],"curies":[{"name":"wp","href":"https:\/\/api.w.org\/{rel}","templated":true}]}}