{"id":9319,"date":"2024-10-19T03:09:47","date_gmt":"2024-10-19T03:09:47","guid":{"rendered":"https:\/\/cloudsupplyvapes.com\/?post_type=product&#038;p=9319"},"modified":"2024-11-19T06:30:29","modified_gmt":"2024-11-19T06:30:29","slug":"-314","status":"publish","type":"product","link":"https:\/\/cloudsupplyvapes.com\/de\/product\/atvs-30000-puffs-disposable-wholesale\/","title":{"rendered":"ATVS 30000 Puffs Disposable Vape Gro\u00dfhandel - Hohe Kapazit\u00e4t, langlebige Batterie, kosteng\u00fcnstige Bulk Deals"},"content":{"rendered":"<div class=\"title\"><strong>Geschm\u00e4cker:<\/strong><\/div>\n<p>Ananaseis<\/p>\n<p>Mango-Eis<\/p>\n<p>Bananeneis<\/p>\n<p>Gemischtes Obst<\/p>\n<p>Blaubeereis<\/p>\n<p>Wassermelone Eis<\/p>\n<p>Lychee-Eis<\/p>\n<p>Minze Eis<\/p>\n<p>Cola-Eis<\/p>\n<p>Guave-Eis<\/p>\n<p>Traubeneis<\/p>\n<p>Erdbeereis<\/p>\n<p class=\"second-title\"><b>Merkmale:<\/b><\/p>\n<p>- Vorgef\u00fcllter 30ml E-Saft<\/p>\n<p>- Eingebauter nicht wiederaufladbarer 1000mAh Akku<\/p>\n<p>- Zwei Vaping-Stile werden unterst\u00fctzt: MTL\/DTL<\/p>\n<p>- Anzahl der Puffs: Ungef\u00e4hr 30000 Puffs<\/p>\n<p>- 5% (50mg) Nikotinst\u00e4rke<\/p>\n<p><a href=\"https:\/\/i0.wp.com\/shop.vape.hk\/wp-content\/uploads\/2024\/10\/%E4%B8%8B%E8%BD%BD-13-4.jpg?ssl=1\" target=\"_blank\" rel=\"noopener\"><img data-recalc-dims=\"1\" loading=\"lazy\" decoding=\"async\" class=\"alignnone size-full wp-image-137459\" src=\"https:\/\/i0.wp.com\/shop.vape.hk\/wp-content\/uploads\/2024\/10\/%E4%B8%8B%E8%BD%BD-13-4.jpg?resize=1020%2C1465&#038;ssl=1\" alt=\"ATVS 30000 Puffs Einweg-Gro\u00dfhandel\" width=\"1020\" height=\"1465\" title=\"\"><\/a> <a href=\"https:\/\/i0.wp.com\/shop.vape.hk\/wp-content\/uploads\/2024\/10\/%E4%B8%8B%E8%BD%BD-14-3.jpg?ssl=1\" target=\"_blank\" rel=\"noopener\"><img data-recalc-dims=\"1\" loading=\"lazy\" decoding=\"async\" class=\"alignnone size-full wp-image-137460\" src=\"https:\/\/i0.wp.com\/shop.vape.hk\/wp-content\/uploads\/2024\/10\/%E4%B8%8B%E8%BD%BD-14-3.jpg?resize=1020%2C680&#038;ssl=1\" alt=\"ATVS 30000 Puffs Einweg-Gro\u00dfhandel\" width=\"1020\" height=\"680\" title=\"\"><\/a><\/p>","protected":false},"excerpt":{"rendered":"<p>Der ATVS Einwegdampfer kombiniert umweltfreundliche Materialien mit einem schlanken, ergonomischen Design. Er wurde f\u00fcr l\u00e4ngere Sessions entwickelt und ist eine tragbare L\u00f6sung f\u00fcr konsistenten Dampf und ein problemloses Dampferlebnis f\u00fcr Profis und Enthusiasten gleicherma\u00dfen.<\/p>","protected":false},"featured_media":9519,"comment_status":"open","ping_status":"closed","template":"","meta":[],"product_brand":[],"product_cat":[22],"product_tag":[],"class_list":{"0":"post-9319","1":"product","2":"type-product","3":"status-publish","4":"has-post-thumbnail","6":"product_cat-disposable-vape-sticks","8":"first","9":"instock","10":"shipping-taxable","11":"purchasable","12":"product-type-simple"},"jetpack_sharing_enabled":true,"tiered_pricing_type":"fixed","tiered_pricing_fixed_rules":{"100":12},"tiered_pricing_product_settings":{"layout":"default","base_unit_name":{"singular":null,"plural":null},"default_variation":null},"tiered_pricing_minimum_quantity":30,"tiered_pricing_roles_data":[],"tiered_pricing_percentage_rules":[],"tiered_pricing_maximum_quantity":null,"tiered_pricing_quantity_step":"10","_links":{"self":[{"href":"https:\/\/cloudsupplyvapes.com\/de\/wp-json\/wp\/v2\/product\/9319","targetHints":{"allow":["GET"]}}],"collection":[{"href":"https:\/\/cloudsupplyvapes.com\/de\/wp-json\/wp\/v2\/product"}],"about":[{"href":"https:\/\/cloudsupplyvapes.com\/de\/wp-json\/wp\/v2\/types\/product"}],"replies":[{"embeddable":true,"href":"https:\/\/cloudsupplyvapes.com\/de\/wp-json\/wp\/v2\/comments?post=9319"}],"wp:featuredmedia":[{"embeddable":true,"href":"https:\/\/cloudsupplyvapes.com\/de\/wp-json\/wp\/v2\/media\/9519"}],"wp:attachment":[{"href":"https:\/\/cloudsupplyvapes.com\/de\/wp-json\/wp\/v2\/media?parent=9319"}],"wp:term":[{"taxonomy":"product_brand","embeddable":true,"href":"https:\/\/cloudsupplyvapes.com\/de\/wp-json\/wp\/v2\/product_brand?post=9319"},{"taxonomy":"product_cat","embeddable":true,"href":"https:\/\/cloudsupplyvapes.com\/de\/wp-json\/wp\/v2\/product_cat?post=9319"},{"taxonomy":"product_tag","embeddable":true,"href":"https:\/\/cloudsupplyvapes.com\/de\/wp-json\/wp\/v2\/product_tag?post=9319"}],"curies":[{"name":"wp","href":"https:\/\/api.w.org\/{rel}","templated":true}]}}