{"id":967,"date":"2024-10-19T02:16:42","date_gmt":"2024-10-19T02:16:42","guid":{"rendered":"https:\/\/cloudsupplyvapes.com\/?post_type=product&#038;p=967"},"modified":"2024-11-26T09:06:47","modified_gmt":"2024-11-26T09:06:47","slug":"miou-9000-puffs-disposable-wholesale-2","status":"publish","type":"product","link":"https:\/\/cloudsupplyvapes.com\/de\/product\/miou-9000-puffs-disposable-wholesale-2\/","title":{"rendered":"MIOU 9000 Puffs Einweg Vape Gro\u00dfhandel kompakte langlebige Vape"},"content":{"rendered":"<p><strong>\u00a0Geschm\u00e4cker:<\/strong><\/p>\n<p>Pina Colada, Pfirsich-Eis, Bananen-Eis, Mango-Eis, Mango-Ananas-Pfirsich, Erdbeer-Eis, Lush-Eis, Erdbeer-Wassermelone, Trauben-Eis, Heidelbeer-Himbeer.<\/p>\n<p><strong>Spezifikationen:<\/strong><br \/>\nMarke: MBR<br \/>\nPuffs: 9000 Puffs<br \/>\nAkku: 750mAh<br \/>\nE-Saft Kapazit\u00e4t: 20ml<br \/>\nMenge: 10St\u00fcck<\/p>","protected":false},"excerpt":{"rendered":"<p>MIOU 9000 Puffs Disposable Vape Wholesale bietet ein kompaktes Design, konsistente Leistung und weiche Kehlkopfschl\u00e4ge f\u00fcr zuverl\u00e4ssiges und angenehmes Dampfen.<\/p>","protected":false},"featured_media":1022,"comment_status":"open","ping_status":"closed","template":"","meta":[],"product_brand":[],"product_cat":[22],"product_tag":[],"class_list":{"0":"post-967","1":"product","2":"type-product","3":"status-publish","4":"has-post-thumbnail","6":"product_cat-disposable-vape-sticks","8":"first","9":"instock","10":"shipping-taxable","11":"purchasable","12":"product-type-simple"},"jetpack_sharing_enabled":true,"tiered_pricing_type":"fixed","tiered_pricing_fixed_rules":[],"tiered_pricing_product_settings":{"layout":"default","base_unit_name":{"singular":null,"plural":null},"default_variation":null},"tiered_pricing_minimum_quantity":null,"tiered_pricing_roles_data":[],"tiered_pricing_percentage_rules":[],"tiered_pricing_maximum_quantity":null,"tiered_pricing_quantity_step":null,"_links":{"self":[{"href":"https:\/\/cloudsupplyvapes.com\/de\/wp-json\/wp\/v2\/product\/967","targetHints":{"allow":["GET"]}}],"collection":[{"href":"https:\/\/cloudsupplyvapes.com\/de\/wp-json\/wp\/v2\/product"}],"about":[{"href":"https:\/\/cloudsupplyvapes.com\/de\/wp-json\/wp\/v2\/types\/product"}],"replies":[{"embeddable":true,"href":"https:\/\/cloudsupplyvapes.com\/de\/wp-json\/wp\/v2\/comments?post=967"}],"wp:featuredmedia":[{"embeddable":true,"href":"https:\/\/cloudsupplyvapes.com\/de\/wp-json\/wp\/v2\/media\/1022"}],"wp:attachment":[{"href":"https:\/\/cloudsupplyvapes.com\/de\/wp-json\/wp\/v2\/media?parent=967"}],"wp:term":[{"taxonomy":"product_brand","embeddable":true,"href":"https:\/\/cloudsupplyvapes.com\/de\/wp-json\/wp\/v2\/product_brand?post=967"},{"taxonomy":"product_cat","embeddable":true,"href":"https:\/\/cloudsupplyvapes.com\/de\/wp-json\/wp\/v2\/product_cat?post=967"},{"taxonomy":"product_tag","embeddable":true,"href":"https:\/\/cloudsupplyvapes.com\/de\/wp-json\/wp\/v2\/product_tag?post=967"}],"curies":[{"name":"wp","href":"https:\/\/api.w.org\/{rel}","templated":true}]}}