{"id":3,"date":"2024-09-27T03:48:32","date_gmt":"2024-09-27T03:48:32","guid":{"rendered":"https:\/\/cloudsupplyvapes.com\/?page_id=3"},"modified":"2024-11-08T06:23:46","modified_gmt":"2024-11-08T06:23:46","slug":"politica-de-privacidad","status":"publish","type":"page","link":"https:\/\/cloudsupplyvapes.com\/es\/privacy-policy\/","title":{"rendered":"Pol\u00edtica de privacidad"},"content":{"rendered":"<p>Bienvenido a CloudSupplyVapes. Su privacidad es importante para nosotros, y esta Pol\u00edtica de Privacidad explica c\u00f3mo recopilamos, utilizamos y protegemos su informaci\u00f3n personal cuando visita nuestro sitio web en <a href=\"https:\/\/cloudsupplyvapes.com\/es\/\" target=\"_new\" rel=\"noopener\">https:\/\/cloudsupplyvapes.com<\/a>.<\/p>\r\n<h3 class=\"wp-block-heading\"><strong>Qui\u00e9nes somos<\/strong><\/h3>\r\n<p>La direcci\u00f3n de nuestro sitio web es: <a href=\"https:\/\/cloudsupplyvapes.com\/es\/\" target=\"_new\" rel=\"noopener\">https:\/\/cloudsupplyvapes.com<\/a>. CloudSupplyVapes se dedica a proporcionar productos vaping de alta calidad y excelente servicio al cliente. La protecci\u00f3n de su privacidad e informaci\u00f3n personal es una prioridad.<\/p>\r\n<h3><strong>Comentarios<\/strong><\/h3>\r\n<p>Cuando los visitantes dejan comentarios en nuestro sitio, recopilamos los datos que aparecen en el formulario de comentarios, junto con la direcci\u00f3n IP del visitante y la cadena de agentes de usuario del navegador para ayudar a la detecci\u00f3n de spam.<\/p>\r\n<p>Es posible que se proporcione al servicio Gravatar una cadena anonimizada creada a partir de su direcci\u00f3n de correo electr\u00f3nico (tambi\u00e9n denominada hash) para saber si la est\u00e1 utilizando. La pol\u00edtica de privacidad del servicio Gravatar est\u00e1 disponible <a href=\"https:\/\/automattic.com\/privacy\/\" target=\"_new\" rel=\"noopener\">aqu\u00ed<\/a>. Una vez aprobado tu comentario, tu foto de perfil ser\u00e1 visible para el p\u00fablico en el contexto de tu comentario.<\/p>\r\n<h3><strong>Medios de comunicaci\u00f3n<\/strong><\/h3>\r\n<p>Si subes im\u00e1genes al sitio web, evita incluir datos de localizaci\u00f3n incrustados (EXIF GPS). Los visitantes del sitio web pueden descargar y extraer cualquier dato de localizaci\u00f3n de las im\u00e1genes del sitio web.<\/p>\r\n<h3><strong>Cookies<\/strong><\/h3>\r\n<ul>\r\n<li><strong>Comentarios<\/strong>: Si deja un comentario en nuestro sitio, puede optar por guardar su nombre, direcci\u00f3n de correo electr\u00f3nico y sitio web en cookies. Esto es para su comodidad, para que no tenga que volver a introducir sus datos en futuros comentarios. Estas cookies duran un a\u00f1o.<\/li>\r\n<li><strong>P\u00e1gina de acceso<\/strong>: Cuando visita nuestra p\u00e1gina de inicio de sesi\u00f3n, instalamos una cookie temporal para comprobar si su navegador acepta cookies. Esta cookie no contiene datos personales y se desecha al cerrar el navegador.<\/li>\r\n<li><strong>Detalles de acceso<\/strong>: Al iniciar sesi\u00f3n, instalamos cookies para guardar su informaci\u00f3n de inicio de sesi\u00f3n y sus opciones de visualizaci\u00f3n en pantalla. Las cookies de inicio de sesi\u00f3n duran dos d\u00edas, y las de opciones de pantalla, un a\u00f1o. Si selecciona \"Recordarme\", sus datos de acceso se mantendr\u00e1n activos durante dos semanas. Al cerrar la sesi\u00f3n se eliminan estas cookies.<\/li>\r\n<li><strong>Edici\u00f3n y publicaci\u00f3n de art\u00edculos<\/strong>: Se guarda una cookie adicional en su navegador cuando edita o publica un art\u00edculo. Esta cookie no incluye datos personales y caduca al cabo de un d\u00eda.<\/li>\r\n<\/ul>\r\n<h3><strong>Contenido incrustado de otros sitios web<\/strong><\/h3>\r\n<p>Los art\u00edculos de este sitio pueden incluir contenido incrustado (por ejemplo, v\u00eddeos, im\u00e1genes, art\u00edculos, etc.). El contenido incrustado de otros sitios web se comporta como si usted hubiera visitado el otro sitio web, que puede recopilar datos sobre usted, utilizar cookies, incrustar seguimiento de terceros y supervisar su interacci\u00f3n con el contenido incrustado, especialmente si tiene una cuenta en ese sitio web y ha iniciado sesi\u00f3n en \u00e9l.<\/p>\r\n<h3><strong>Con qui\u00e9n compartimos sus datos<\/strong><\/h3>\r\n<p>Si solicita un restablecimiento de contrase\u00f1a, su direcci\u00f3n IP se incluir\u00e1 en el correo electr\u00f3nico de restablecimiento por motivos de seguridad.<\/p>\r\n<h3><strong>Cu\u00e1nto tiempo conservamos sus datos<\/strong><\/h3>\r\n<ul>\r\n<li><strong>Comentarios<\/strong>: Los comentarios y sus metadatos se conservan indefinidamente para permitirnos reconocer y aprobar autom\u00e1ticamente los comentarios de seguimiento.<\/li>\r\n<li><strong>Cuentas de usuario<\/strong>: Para los usuarios registrados en nuestro sitio web, almacenamos la informaci\u00f3n personal proporcionada en los perfiles de usuario. Los usuarios pueden ver, editar o borrar su informaci\u00f3n personal en cualquier momento (excepto los nombres de usuario). Los administradores del sitio web tambi\u00e9n pueden acceder a esta informaci\u00f3n y modificarla.<\/li>\r\n<\/ul>\r\n<h3><strong>Qu\u00e9 derechos tiene sobre sus datos<\/strong><\/h3>\r\n<p>Si tiene una cuenta en este sitio o ha dejado comentarios, puede solicitar un archivo exportado de los datos personales que tenemos sobre usted, incluidos los que nos haya facilitado. Tambi\u00e9n puede solicitar la supresi\u00f3n de cualquier dato personal que conservemos. Esto no incluye los datos que debamos conservar con fines administrativos, legales o de seguridad.<\/p>\r\n<h3><strong>D\u00f3nde se env\u00edan sus datos<\/strong><\/h3>\r\n<p>Los comentarios de los visitantes pueden ser revisados a trav\u00e9s de un servicio automatizado de detecci\u00f3n de spam para mantener la calidad y seguridad de nuestro sitio.<\/p>","protected":false},"excerpt":{"rendered":"<p>Welcome to CloudSupplyVapes. Your privacy is important to us, and this Privacy Policy explains how we collect, use, and protect your personal information when you visit our website at https:\/\/cloudsupplyvapes.com. Who We Are Our website address is: https:\/\/cloudsupplyvapes.com. CloudSupplyVapes is dedicated to providing high-quality vaping products and excellent customer service. Protecting your privacy and personal [&#8230;]\n","protected":false},"author":1,"featured_media":0,"parent":0,"menu_order":0,"comment_status":"closed","ping_status":"open","template":"","meta":{"footnotes":""},"class_list":["post-3","page","type-page","status-publish","hentry"],"jetpack_sharing_enabled":true,"_links":{"self":[{"href":"https:\/\/cloudsupplyvapes.com\/es\/wp-json\/wp\/v2\/pages\/3","targetHints":{"allow":["GET"]}}],"collection":[{"href":"https:\/\/cloudsupplyvapes.com\/es\/wp-json\/wp\/v2\/pages"}],"about":[{"href":"https:\/\/cloudsupplyvapes.com\/es\/wp-json\/wp\/v2\/types\/page"}],"author":[{"embeddable":true,"href":"https:\/\/cloudsupplyvapes.com\/es\/wp-json\/wp\/v2\/users\/1"}],"replies":[{"embeddable":true,"href":"https:\/\/cloudsupplyvapes.com\/es\/wp-json\/wp\/v2\/comments?post=3"}],"version-history":[{"count":1,"href":"https:\/\/cloudsupplyvapes.com\/es\/wp-json\/wp\/v2\/pages\/3\/revisions"}],"predecessor-version":[{"id":9721,"href":"https:\/\/cloudsupplyvapes.com\/es\/wp-json\/wp\/v2\/pages\/3\/revisions\/9721"}],"wp:attachment":[{"href":"https:\/\/cloudsupplyvapes.com\/es\/wp-json\/wp\/v2\/media?parent=3"}],"curies":[{"name":"wp","href":"https:\/\/api.w.org\/{rel}","templated":true}]}}